{"id":1350,"date":"2024-08-27T18:32:37","date_gmt":"2024-08-27T14:32:37","guid":{"rendered":"https:\/\/hypeup.pro\/?page_id=1350"},"modified":"2025-02-28T18:21:33","modified_gmt":"2025-02-28T15:21:33","slug":"tiktok","status":"publish","type":"page","link":"https:\/\/hypeup.pro\/de\/tiktok\/","title":{"rendered":"TikTok"},"content":{"rendered":"<div data-elementor-type=\"wp-page\" data-elementor-id=\"1350\" class=\"elementor elementor-1350\" data-elementor-post-type=\"page\">\n\t\t\t\t\t\t<section class=\"elementor-section elementor-top-section elementor-element elementor-element-17c3de5c elementor-section-boxed elementor-section-height-default elementor-section-height-default\" data-id=\"17c3de5c\" data-element_type=\"section\">\n\t\t\t\t\t\t<div class=\"elementor-container elementor-column-gap-default\">\n\t\t\t\t\t<div class=\"elementor-column elementor-col-100 elementor-top-column elementor-element elementor-element-7ae70b44\" data-id=\"7ae70b44\" data-element_type=\"column\">\n\t\t\t<div class=\"elementor-widget-wrap elementor-element-populated\">\n\t\t\t\t\t\t<div class=\"elementor-element elementor-element-3c2feaed elementor-widget elementor-widget-heading\" data-id=\"3c2feaed\" data-element_type=\"widget\" data-widget_type=\"heading.default\">\n\t\t\t\t<div class=\"elementor-widget-container\">\n\t\t\t\t\t<h1 class=\"elementor-heading-title elementor-size-default\">TikTok-Dienste<\/h1>\t\t\t\t<\/div>\n\t\t\t\t<\/div>\n\t\t\t\t\t<\/div>\n\t\t<\/div>\n\t\t\t\t\t<\/div>\n\t\t<\/section>\n\t\t\t\t<section class=\"elementor-section elementor-top-section elementor-element elementor-element-5f4e1e4c elementor-section-boxed elementor-section-height-default elementor-section-height-default\" data-id=\"5f4e1e4c\" data-element_type=\"section\">\n\t\t\t\t\t\t<div class=\"elementor-container elementor-column-gap-default\">\n\t\t\t\t\t<div class=\"elementor-column elementor-col-100 elementor-top-column elementor-element elementor-element-625f084b\" data-id=\"625f084b\" data-element_type=\"column\">\n\t\t\t<div class=\"elementor-widget-wrap elementor-element-populated\">\n\t\t\t\t\t\t<div class=\"elementor-element elementor-element-6d19b91c elementor-widget elementor-widget-text-editor\" data-id=\"6d19b91c\" data-element_type=\"widget\" data-widget_type=\"text-editor.default\">\n\t\t\t\t<div class=\"elementor-widget-container\">\n\t\t\t\t\t\t\t\t\t<p>Willst du dein TikTok-Spiel auf die n\u00e4chste Stufe bringen? Suchen Sie nicht weiter! Wir bieten eine breite Palette an Promotion-Services, die die Sichtbarkeit und das Engagement Ihres Kontos steigern.<\/p>\t\t\t\t\t\t\t\t<\/div>\n\t\t\t\t<\/div>\n\t\t\t\t\t<\/div>\n\t\t<\/div>\n\t\t\t\t\t<\/div>\n\t\t<\/section>\n\t\t<div class=\"elementor-element elementor-element-af04d93 e-flex e-con-boxed e-con e-parent\" data-id=\"af04d93\" data-element_type=\"container\">\n\t\t\t\t\t<div class=\"e-con-inner\">\n\t\t\t\t<div class=\"elementor-element elementor-element-bb19397 elementor-align-center elementor-widget__width-initial btn hero__btn btn-gradient elementor-widget elementor-widget-button\" data-id=\"bb19397\" data-element_type=\"widget\" data-widget_type=\"button.default\">\n\t\t\t\t<div class=\"elementor-widget-container\">\n\t\t\t\t\t\t\t\t\t<div class=\"elementor-button-wrapper\">\n\t\t\t\t\t<a class=\"elementor-button elementor-button-link elementor-size-sm\" href=\"https:\/\/hypeup.pro\/de\/#socials\">\n\t\t\t\t\t\t<span class=\"elementor-button-content-wrapper\">\n\t\t\t\t\t\t\t\t\t<span class=\"elementor-button-text\">Wachse dein TikTok<\/span>\n\t\t\t\t\t<\/span>\n\t\t\t\t\t<\/a>\n\t\t\t\t<\/div>\n\t\t\t\t\t\t\t\t<\/div>\n\t\t\t\t<\/div>\n\t\t\t\t\t<\/div>\n\t\t\t\t<\/div>\n\t\t\t\t<section class=\"elementor-section elementor-top-section elementor-element elementor-element-5fef4419 elementor-section-boxed elementor-section-height-default elementor-section-height-default\" data-id=\"5fef4419\" data-element_type=\"section\">\n\t\t\t\t\t\t<div class=\"elementor-container elementor-column-gap-default\">\n\t\t\t\t\t<div class=\"elementor-column elementor-col-100 elementor-top-column elementor-element elementor-element-26ee072f\" data-id=\"26ee072f\" data-element_type=\"column\">\n\t\t\t<div class=\"elementor-widget-wrap elementor-element-populated\">\n\t\t\t\t\t\t<div class=\"elementor-element elementor-element-1cf777b5 article_body elementor-widget elementor-widget-text-editor\" data-id=\"1cf777b5\" data-element_type=\"widget\" data-widget_type=\"text-editor.default\">\n\t\t\t\t<div class=\"elementor-widget-container\">\n\t\t\t\t\t\t\t\t\t<h2>Warum sollten Sie uns w\u00e4hlen?<\/h2><h3>Echtes und authentisches Engagement:<\/h3><p data-sourcepos=\"7:1-7:202\">Unsere Dienste liefern echte Abonnenten, Likes, Views und Kommentare von echten Nutzern und sorgen daf\u00fcr, dass Ihr Konto organisch w\u00e4chst.<\/p><h3 data-sourcepos=\"7:1-7:202\">Anpassbare Pakete:<\/h3><p>Wir bieten ma\u00dfgeschneiderte Pakete f\u00fcr Ihre spezifischen Bed\u00fcrfnisse und Ihr Budget, egal ob Sie ein angehender Influencer oder eine etablierte Marke sind. Sie k\u00f6nnen auch manuell ausw\u00e4hlen, was Sie brauchen, und mit einem bestimmten Service beginnen - Sie haben die Wahl.<\/p><h3>Schnelle und verl\u00e4ssliche Lieferung:<\/h3><p>Unsere effizienten Systeme garantieren eine prompte Lieferung der von Ihnen gew\u00e4hlten Werbedienstleistungen und helfen Ihnen, Ihre Ziele schnell zu erreichen.<\/p><h3><strong>Sicher und vertraulich:<\/strong><\/h3><p>Ihre Privatsph\u00e4re und die Sicherheit Ihres Kontos haben f\u00fcr uns h\u00f6chste Priorit\u00e4t. Wir setzen die neuesten Sicherheitsma\u00dfnahmen ein, um Ihre Daten zu sch\u00fctzen.<\/p><h2>Unsere Dienstleistungen:<\/h2><h3>Abonnenten:<\/h3><p>Erh\u00f6hen Sie die Anzahl Ihrer Follower und erweitern Sie die Reichweite Ihres Publikums.<\/p><h3>Mag:<\/h3><p>Steigern Sie die Popularit\u00e4t Ihrer Inhalte und f\u00f6rdern Sie mehr Engagement.<\/p><h3>Ansichten:<\/h3><p>Erh\u00f6hen Sie den Traffic auf Ihre Videos und verbessern Sie Ihre Auffindbarkeit.<\/p><h3>Kommentare:<\/h3><p>Regen Sie Gespr\u00e4che an und schaffen Sie eine interaktivere Gemeinschaft rund um Ihre Inhalte.<\/p><h2>Wie es funktioniert:<\/h2><ol><li><strong>W\u00e4hlen Sie ein Paket:<\/strong> W\u00e4hlen Sie die Werbedienstleistung(en) aus, die mit Ihren Zielen \u00fcbereinstimmen. Sie k\u00f6nnen ein fertiges Paket w\u00e4hlen oder sich selbst aussuchen, was Sie ben\u00f6tigen.<\/li><\/ol>\t\t\t\t\t\t\t\t<\/div>\n\t\t\t\t<\/div>\n\t\t\t\t<div class=\"elementor-element elementor-element-d857521 elementor-widget elementor-widget-image-gallery\" data-id=\"d857521\" data-element_type=\"widget\" data-widget_type=\"image-gallery.default\">\n\t\t\t\t<div class=\"elementor-widget-container\">\n\t\t\t\t\t\t\t<div class=\"elementor-image-gallery\">\n\t\t\t\n\t\t<style type=\"text\/css\">\n\t\t\t#gallery-1 {\n\t\t\t\tmargin: auto;\n\t\t\t}\n\t\t\t#gallery-1 .gallery-item {\n\t\t\t\tfloat: left;\n\t\t\t\tmargin-top: 10px;\n\t\t\t\ttext-align: center;\n\t\t\t\twidth: 100%;\n\t\t\t}\n\t\t\t#gallery-1 img {\n\t\t\t\tborder: 2px solid #cfcfcf;\n\t\t\t}\n\t\t\t#gallery-1 .gallery-caption {\n\t\t\t\tmargin-left: 0;\n\t\t\t}\n\t\t\t\/* see gallery_shortcode() in wp-includes\/media.php *\/\n\t\t<\/style>\n\t\t<div id='gallery-1' class='gallery galleryid-1350 gallery-columns-1 gallery-size-large'><dl class='gallery-item'>\n\t\t\t<dt class='gallery-icon landscape'>\n\t\t\t\t<a data-elementor-open-lightbox=\"yes\" data-elementor-lightbox-slideshow=\"d857521\" data-elementor-lightbox-title=\"tt11\" data-e-action-hash=\"#elementor-action%3Aaction%3Dlightbox%26settings%3DeyJpZCI6MTM1NywidXJsIjoiaHR0cHM6XC9cL2h5cGV1cC5wcm9cL3dwLWNvbnRlbnRcL3VwbG9hZHNcLzIwMjRcLzA4XC90dDExLndlYnAiLCJzbGlkZXNob3ciOiJkODU3NTIxIn0%3D\" href='https:\/\/hypeup.pro\/wp-content\/uploads\/2024\/08\/tt11.webp'><img fetchpriority=\"high\" decoding=\"async\" width=\"1024\" height=\"523\" src=\"https:\/\/hypeup.pro\/wp-content\/uploads\/2024\/08\/tt11-1024x523.webp\" class=\"attachment-large size-large\" alt=\"\" srcset=\"https:\/\/hypeup.pro\/wp-content\/uploads\/2024\/08\/tt11-1024x523.webp 1024w, https:\/\/hypeup.pro\/wp-content\/uploads\/2024\/08\/tt11-300x153.webp 300w, https:\/\/hypeup.pro\/wp-content\/uploads\/2024\/08\/tt11-768x393.webp 768w, https:\/\/hypeup.pro\/wp-content\/uploads\/2024\/08\/tt11-18x9.webp 18w, https:\/\/hypeup.pro\/wp-content\/uploads\/2024\/08\/tt11-600x307.webp 600w, https:\/\/hypeup.pro\/wp-content\/uploads\/2024\/08\/tt11.webp 1354w\" sizes=\"(max-width: 1024px) 100vw, 1024px\" \/><\/a>\n\t\t\t<\/dt><\/dl><br style=\"clear: both\" \/><dl class='gallery-item'>\n\t\t\t<dt class='gallery-icon landscape'>\n\t\t\t\t<a data-elementor-open-lightbox=\"yes\" data-elementor-lightbox-slideshow=\"d857521\" data-elementor-lightbox-title=\"tt12\" data-e-action-hash=\"#elementor-action%3Aaction%3Dlightbox%26settings%3DeyJpZCI6MTM1NiwidXJsIjoiaHR0cHM6XC9cL2h5cGV1cC5wcm9cL3dwLWNvbnRlbnRcL3VwbG9hZHNcLzIwMjRcLzA4XC90dDEyLndlYnAiLCJzbGlkZXNob3ciOiJkODU3NTIxIn0%3D\" href='https:\/\/hypeup.pro\/wp-content\/uploads\/2024\/08\/tt12.webp'><img decoding=\"async\" width=\"1024\" height=\"624\" src=\"https:\/\/hypeup.pro\/wp-content\/uploads\/2024\/08\/tt12-1024x624.webp\" class=\"attachment-large size-large\" alt=\"\" srcset=\"https:\/\/hypeup.pro\/wp-content\/uploads\/2024\/08\/tt12-1024x624.webp 1024w, https:\/\/hypeup.pro\/wp-content\/uploads\/2024\/08\/tt12-300x183.webp 300w, https:\/\/hypeup.pro\/wp-content\/uploads\/2024\/08\/tt12-768x468.webp 768w, https:\/\/hypeup.pro\/wp-content\/uploads\/2024\/08\/tt12-18x12.webp 18w, https:\/\/hypeup.pro\/wp-content\/uploads\/2024\/08\/tt12-600x366.webp 600w, https:\/\/hypeup.pro\/wp-content\/uploads\/2024\/08\/tt12.webp 1337w\" sizes=\"(max-width: 1024px) 100vw, 1024px\" \/><\/a>\n\t\t\t<\/dt><\/dl><br style=\"clear: both\" \/>\n\t\t<\/div>\n\t\t<\/div>\n\t\t\t\t\t\t<\/div>\n\t\t\t\t<\/div>\n\t\t\t\t<div class=\"elementor-element elementor-element-2491997 article_body elementor-widget elementor-widget-text-editor\" data-id=\"2491997\" data-element_type=\"widget\" data-widget_type=\"text-editor.default\">\n\t\t\t\t<div class=\"elementor-widget-container\">\n\t\t\t\t\t\t\t\t\t<ol start=\"2\"><li><strong>Geben Sie Ihre Kontoinformationen an: <\/strong>Teilen Sie Ihren TikTok-Benutzernamen.<\/li><\/ol>\t\t\t\t\t\t\t\t<\/div>\n\t\t\t\t<\/div>\n\t\t\t\t<div class=\"elementor-element elementor-element-85cf7cc elementor-widget elementor-widget-image\" data-id=\"85cf7cc\" data-element_type=\"widget\" data-widget_type=\"image.default\">\n\t\t\t\t<div class=\"elementor-widget-container\">\n\t\t\t\t\t\t\t\t\t\t\t\t\t\t\t<img decoding=\"async\" width=\"776\" height=\"423\" src=\"https:\/\/hypeup.pro\/wp-content\/uploads\/2024\/08\/tt2.webp\" class=\"attachment-large size-large wp-image-1355\" alt=\"\" srcset=\"https:\/\/hypeup.pro\/wp-content\/uploads\/2024\/08\/tt2.webp 776w, https:\/\/hypeup.pro\/wp-content\/uploads\/2024\/08\/tt2-300x164.webp 300w, https:\/\/hypeup.pro\/wp-content\/uploads\/2024\/08\/tt2-768x419.webp 768w, https:\/\/hypeup.pro\/wp-content\/uploads\/2024\/08\/tt2-18x10.webp 18w, https:\/\/hypeup.pro\/wp-content\/uploads\/2024\/08\/tt2-600x327.webp 600w\" sizes=\"(max-width: 776px) 100vw, 776px\" \/>\t\t\t\t\t\t\t\t\t\t\t\t\t\t\t<\/div>\n\t\t\t\t<\/div>\n\t\t\t\t<div class=\"elementor-element elementor-element-3f30282 article_body elementor-widget elementor-widget-text-editor\" data-id=\"3f30282\" data-element_type=\"widget\" data-widget_type=\"text-editor.default\">\n\t\t\t\t<div class=\"elementor-widget-container\">\n\t\t\t\t\t\t\t\t\t<ol start=\"3\"><li><strong>Videos ausw\u00e4hlen: <\/strong>W\u00e4hlen Sie die Stellen aus, f\u00fcr die Sie eine Aktivit\u00e4t erstellen m\u00f6chten.<\/li><\/ol>\t\t\t\t\t\t\t\t<\/div>\n\t\t\t\t<\/div>\n\t\t\t\t<div class=\"elementor-element elementor-element-627e97e elementor-widget elementor-widget-image\" data-id=\"627e97e\" data-element_type=\"widget\" data-widget_type=\"image.default\">\n\t\t\t\t<div class=\"elementor-widget-container\">\n\t\t\t\t\t\t\t\t\t\t\t\t\t\t\t<img loading=\"lazy\" decoding=\"async\" width=\"1024\" height=\"554\" src=\"https:\/\/hypeup.pro\/wp-content\/uploads\/2024\/08\/tt3-1024x554.webp\" class=\"attachment-large size-large wp-image-1354\" alt=\"\" srcset=\"https:\/\/hypeup.pro\/wp-content\/uploads\/2024\/08\/tt3-1024x554.webp 1024w, https:\/\/hypeup.pro\/wp-content\/uploads\/2024\/08\/tt3-300x162.webp 300w, https:\/\/hypeup.pro\/wp-content\/uploads\/2024\/08\/tt3-768x416.webp 768w, https:\/\/hypeup.pro\/wp-content\/uploads\/2024\/08\/tt3-18x10.webp 18w, https:\/\/hypeup.pro\/wp-content\/uploads\/2024\/08\/tt3-600x325.webp 600w, https:\/\/hypeup.pro\/wp-content\/uploads\/2024\/08\/tt3.webp 1378w\" sizes=\"(max-width: 1024px) 100vw, 1024px\" \/>\t\t\t\t\t\t\t\t\t\t\t\t\t\t\t<\/div>\n\t\t\t\t<\/div>\n\t\t\t\t<div class=\"elementor-element elementor-element-6e77208 article_body elementor-widget elementor-widget-text-editor\" data-id=\"6e77208\" data-element_type=\"widget\" data-widget_type=\"text-editor.default\">\n\t\t\t\t<div class=\"elementor-widget-container\">\n\t\t\t\t\t\t\t\t\t<ol start=\"4\"><li><strong>Vollst\u00e4ndige Bezahlung:<\/strong> W\u00e4hlen Sie eine sichere Zahlungsmethode, um Ihre Bestellung abzuschlie\u00dfen.<\/li><\/ol>\t\t\t\t\t\t\t\t<\/div>\n\t\t\t\t<\/div>\n\t\t\t\t<div class=\"elementor-element elementor-element-4567e2a elementor-widget elementor-widget-image\" data-id=\"4567e2a\" data-element_type=\"widget\" data-widget_type=\"image.default\">\n\t\t\t\t<div class=\"elementor-widget-container\">\n\t\t\t\t\t\t\t\t\t\t\t\t\t\t\t<img loading=\"lazy\" decoding=\"async\" width=\"1024\" height=\"461\" src=\"https:\/\/hypeup.pro\/wp-content\/uploads\/2024\/08\/tt4-1024x461.webp\" class=\"attachment-large size-large wp-image-1353\" alt=\"\" srcset=\"https:\/\/hypeup.pro\/wp-content\/uploads\/2024\/08\/tt4-1024x461.webp 1024w, https:\/\/hypeup.pro\/wp-content\/uploads\/2024\/08\/tt4-300x135.webp 300w, https:\/\/hypeup.pro\/wp-content\/uploads\/2024\/08\/tt4-768x346.webp 768w, https:\/\/hypeup.pro\/wp-content\/uploads\/2024\/08\/tt4-18x8.webp 18w, https:\/\/hypeup.pro\/wp-content\/uploads\/2024\/08\/tt4-600x270.webp 600w, https:\/\/hypeup.pro\/wp-content\/uploads\/2024\/08\/tt4.webp 1388w\" sizes=\"(max-width: 1024px) 100vw, 1024px\" \/>\t\t\t\t\t\t\t\t\t\t\t\t\t\t\t<\/div>\n\t\t\t\t<\/div>\n\t\t\t\t<div class=\"elementor-element elementor-element-16daff9 elementor-widget elementor-widget-text-editor\" data-id=\"16daff9\" data-element_type=\"widget\" data-widget_type=\"text-editor.default\">\n\t\t\t\t<div class=\"elementor-widget-container\">\n\t\t\t\t\t\t\t\t\t<ol start=\"5\"><li><strong>Genie\u00dfen Sie die Ergebnisse:<\/strong> Lehnen Sie sich zur\u00fcck und beobachten Sie, wie Ihr Konto w\u00e4chst, w\u00e4hrend Ihre Werbeleistungen erbracht werden.<\/li>\n<\/ol>\t\t\t\t\t\t\t\t<\/div>\n\t\t\t\t<\/div>\n\t\t\t\t\t<\/div>\n\t\t<\/div>\n\t\t\t\t\t<\/div>\n\t\t<\/section>\n\t\t\t\t<section class=\"elementor-section elementor-top-section elementor-element elementor-element-5f9fb513 elementor-section-boxed elementor-section-height-default elementor-section-height-default\" data-id=\"5f9fb513\" data-element_type=\"section\">\n\t\t\t\t\t\t<div class=\"elementor-container elementor-column-gap-default\">\n\t\t\t\t\t<div class=\"elementor-column elementor-col-100 elementor-top-column elementor-element elementor-element-656fb7c6\" data-id=\"656fb7c6\" data-element_type=\"column\">\n\t\t\t<div class=\"elementor-widget-wrap elementor-element-populated\">\n\t\t\t\t\t\t<div class=\"elementor-element elementor-element-37c2eb2e elementor-widget elementor-widget-heading\" data-id=\"37c2eb2e\" data-element_type=\"widget\" data-widget_type=\"heading.default\">\n\t\t\t\t<div class=\"elementor-widget-container\">\n\t\t\t\t\t<h4 class=\"elementor-heading-title elementor-size-default\"><span class=\"text-gradient\">Verpassen Sie nicht die Chance, Ihr Publikum heute zu vergr\u00f6\u00dfern!\nW\u00e4hlen Sie Ihr Paket und beginnen Sie zu wachsen!<\/span><\/h4>\t\t\t\t<\/div>\n\t\t\t\t<\/div>\n\t\t\t\t\t<\/div>\n\t\t<\/div>\n\t\t\t\t\t<\/div>\n\t\t<\/section>\n\t\t<div class=\"elementor-element elementor-element-98916a8 e-flex e-con-boxed e-con e-parent\" data-id=\"98916a8\" data-element_type=\"container\">\n\t\t\t\t\t<div class=\"e-con-inner\">\n\t\t\t\t<div class=\"elementor-element elementor-element-aa99e83 elementor-align-center elementor-widget__width-initial btn hero__btn btn-gradient elementor-widget elementor-widget-button\" data-id=\"aa99e83\" data-element_type=\"widget\" data-widget_type=\"button.default\">\n\t\t\t\t<div class=\"elementor-widget-container\">\n\t\t\t\t\t\t\t\t\t<div class=\"elementor-button-wrapper\">\n\t\t\t\t\t<a class=\"elementor-button elementor-button-link elementor-size-sm\" href=\"https:\/\/hypeup.pro\/de\/#socials\">\n\t\t\t\t\t\t<span class=\"elementor-button-content-wrapper\">\n\t\t\t\t\t\t\t\t\t<span class=\"elementor-button-text\">Wachse dein TikTok<\/span>\n\t\t\t\t\t<\/span>\n\t\t\t\t\t<\/a>\n\t\t\t\t<\/div>\n\t\t\t\t\t\t\t\t<\/div>\n\t\t\t\t<\/div>\n\t\t\t\t\t<\/div>\n\t\t\t\t<\/div>\n\t\t\t\t<\/div>","protected":false},"excerpt":{"rendered":"<p>TikTok-Dienste M\u00f6chten Sie Ihr TikTok-Spiel auf die n\u00e4chste Stufe heben? Dann suchen Sie nicht weiter! Wir bieten eine breite Palette von Promotion-Services an, um die Sichtbarkeit und das Engagement Ihres Accounts zu steigern. Wachsen Sie auf TikTok Warum sollten Sie uns w\u00e4hlen? Echtes und authentisches Engagement: Unsere Dienste liefern echte Abonnenten, Likes, Views und Kommentare von echten Nutzern, [...]<\/p>","protected":false},"author":1,"featured_media":0,"parent":0,"menu_order":0,"comment_status":"closed","ping_status":"closed","template":"elementor_header_footer","meta":{"_acf_changed":false,"footnotes":""},"class_list":["post-1350","page","type-page","status-publish","hentry"],"acf":[],"_links":{"self":[{"href":"https:\/\/hypeup.pro\/de\/wp-json\/wp\/v2\/pages\/1350","targetHints":{"allow":["GET"]}}],"collection":[{"href":"https:\/\/hypeup.pro\/de\/wp-json\/wp\/v2\/pages"}],"about":[{"href":"https:\/\/hypeup.pro\/de\/wp-json\/wp\/v2\/types\/page"}],"author":[{"embeddable":true,"href":"https:\/\/hypeup.pro\/de\/wp-json\/wp\/v2\/users\/1"}],"replies":[{"embeddable":true,"href":"https:\/\/hypeup.pro\/de\/wp-json\/wp\/v2\/comments?post=1350"}],"version-history":[{"count":19,"href":"https:\/\/hypeup.pro\/de\/wp-json\/wp\/v2\/pages\/1350\/revisions"}],"predecessor-version":[{"id":2490,"href":"https:\/\/hypeup.pro\/de\/wp-json\/wp\/v2\/pages\/1350\/revisions\/2490"}],"wp:attachment":[{"href":"https:\/\/hypeup.pro\/de\/wp-json\/wp\/v2\/media?parent=1350"}],"curies":[{"name":"wp","href":"https:\/\/api.w.org\/{rel}","templated":true}]}}