{"id":1366,"date":"2024-08-27T19:31:51","date_gmt":"2024-08-27T15:31:51","guid":{"rendered":"https:\/\/hypeup.pro\/?page_id=1366"},"modified":"2025-02-28T18:20:30","modified_gmt":"2025-02-28T15:20:30","slug":"instagram","status":"publish","type":"page","link":"https:\/\/hypeup.pro\/de\/instagram\/","title":{"rendered":"Instagram"},"content":{"rendered":"<div data-elementor-type=\"wp-page\" data-elementor-id=\"1366\" class=\"elementor elementor-1366\" data-elementor-post-type=\"page\">\n\t\t\t\t\t\t<section class=\"elementor-section elementor-top-section elementor-element elementor-element-f1e0acc elementor-section-boxed elementor-section-height-default elementor-section-height-default\" data-id=\"f1e0acc\" data-element_type=\"section\">\n\t\t\t\t\t\t<div class=\"elementor-container elementor-column-gap-default\">\n\t\t\t\t\t<div class=\"elementor-column elementor-col-100 elementor-top-column elementor-element elementor-element-72706d5\" data-id=\"72706d5\" data-element_type=\"column\">\n\t\t\t<div class=\"elementor-widget-wrap elementor-element-populated\">\n\t\t\t\t\t\t<div class=\"elementor-element elementor-element-89792c1 elementor-widget elementor-widget-heading\" data-id=\"89792c1\" data-element_type=\"widget\" data-widget_type=\"heading.default\">\n\t\t\t\t<div class=\"elementor-widget-container\">\n\t\t\t\t\t<h1 class=\"elementor-heading-title elementor-size-default\">Instagram-Dienste<\/h1>\t\t\t\t<\/div>\n\t\t\t\t<\/div>\n\t\t\t\t\t<\/div>\n\t\t<\/div>\n\t\t\t\t\t<\/div>\n\t\t<\/section>\n\t\t\t\t<section class=\"elementor-section elementor-top-section elementor-element elementor-element-3056a88 elementor-section-boxed elementor-section-height-default elementor-section-height-default\" data-id=\"3056a88\" data-element_type=\"section\">\n\t\t\t\t\t\t<div class=\"elementor-container elementor-column-gap-default\">\n\t\t\t\t\t<div class=\"elementor-column elementor-col-100 elementor-top-column elementor-element elementor-element-19f933a\" data-id=\"19f933a\" data-element_type=\"column\">\n\t\t\t<div class=\"elementor-widget-wrap elementor-element-populated\">\n\t\t\t\t\t\t<div class=\"elementor-element elementor-element-747b56b elementor-widget elementor-widget-text-editor\" data-id=\"747b56b\" data-element_type=\"widget\" data-widget_type=\"text-editor.default\">\n\t\t\t\t<div class=\"elementor-widget-container\">\n\t\t\t\t\t\t\t\t\t<p>Sind Sie bereit, die Instagram-Landschaft zu dominieren? Unsere Premium-Promotion-Services k\u00f6nnen Ihnen helfen, eine gro\u00dfe und engagierte Fangemeinde aufzubauen.<\/p>\t\t\t\t\t\t\t\t<\/div>\n\t\t\t\t<\/div>\n\t\t\t\t\t<\/div>\n\t\t<\/div>\n\t\t\t\t\t<\/div>\n\t\t<\/section>\n\t\t<div class=\"elementor-element elementor-element-03f7239 e-flex e-con-boxed e-con e-parent\" data-id=\"03f7239\" data-element_type=\"container\">\n\t\t\t\t\t<div class=\"e-con-inner\">\n\t\t\t\t<div class=\"elementor-element elementor-element-4144c78 elementor-align-center elementor-widget__width-initial btn hero__btn btn-gradient elementor-widget elementor-widget-button\" data-id=\"4144c78\" data-element_type=\"widget\" data-widget_type=\"button.default\">\n\t\t\t\t<div class=\"elementor-widget-container\">\n\t\t\t\t\t\t\t\t\t<div class=\"elementor-button-wrapper\">\n\t\t\t\t\t<a class=\"elementor-button elementor-button-link elementor-size-sm\" href=\"https:\/\/hypeup.pro\/de\/#socials\">\n\t\t\t\t\t\t<span class=\"elementor-button-content-wrapper\">\n\t\t\t\t\t\t\t\t\t<span class=\"elementor-button-text\">Wachsen Sie auf Instagram<\/span>\n\t\t\t\t\t<\/span>\n\t\t\t\t\t<\/a>\n\t\t\t\t<\/div>\n\t\t\t\t\t\t\t\t<\/div>\n\t\t\t\t<\/div>\n\t\t\t\t\t<\/div>\n\t\t\t\t<\/div>\n\t\t\t\t<section class=\"elementor-section elementor-top-section elementor-element elementor-element-3694b43 elementor-section-boxed elementor-section-height-default elementor-section-height-default\" data-id=\"3694b43\" data-element_type=\"section\">\n\t\t\t\t\t\t<div class=\"elementor-container elementor-column-gap-default\">\n\t\t\t\t\t<div class=\"elementor-column elementor-col-100 elementor-top-column elementor-element elementor-element-cb8fc54\" data-id=\"cb8fc54\" data-element_type=\"column\">\n\t\t\t<div class=\"elementor-widget-wrap elementor-element-populated\">\n\t\t\t\t\t\t<div class=\"elementor-element elementor-element-177275d article_body elementor-widget elementor-widget-text-editor\" data-id=\"177275d\" data-element_type=\"widget\" data-widget_type=\"text-editor.default\">\n\t\t\t\t<div class=\"elementor-widget-container\">\n\t\t\t\t\t\t\t\t\t<h2>Warum sollten Sie uns w\u00e4hlen?<\/h2><h3><strong>Authentisches Engagement:<\/strong><\/h3><p data-sourcepos=\"7:1-7:202\">Unsere Dienste liefern echte Follower, Likes und Kommentare von echten Nutzern und sorgen daf\u00fcr, dass Ihr Konto organisch und nachhaltig w\u00e4chst.<\/p><h3 data-sourcepos=\"7:1-7:202\"><strong>Ma\u00dfgeschneiderte Pakete:<\/strong><\/h3><p>Wir bieten anpassbare Pakete, die Ihren spezifischen Bed\u00fcrfnissen und Ihrem Budget entsprechen, egal ob Sie ein aufstrebender Influencer oder eine erfahrene Marke sind. Sie k\u00f6nnen auch manuell ausw\u00e4hlen, was Sie ben\u00f6tigen, und mit einem bestimmten Service beginnen - Sie haben die Wahl.<\/p><h3>Schnelle und verl\u00e4ssliche Lieferung:<\/h3><p>Unsere effizienten Systeme garantieren eine prompte Lieferung der von Ihnen gew\u00e4hlten Werbedienstleistungen und helfen Ihnen, Ihre Ziele schnell und effektiv zu erreichen.<\/p><h3><strong>Sicher und vertraulich:<\/strong><\/h3><p>Ihre Privatsph\u00e4re und die Sicherheit Ihres Kontos haben f\u00fcr uns h\u00f6chste Priorit\u00e4t. Wir setzen die neuesten Sicherheitsma\u00dfnahmen ein, um Ihre Daten zu sch\u00fctzen.<\/p><h2>Unsere Dienstleistungen:<\/h2><h3>Abonnenten:<\/h3><p>Erweitern Sie die Reichweite Ihres Publikums und erh\u00f6hen Sie Ihre Sichtbarkeit.<\/p><h3>Mag:<\/h3><p>Steigern Sie die Popularit\u00e4t Ihrer Inhalte und f\u00f6rdern Sie mehr Engagement.<\/p><h3>Ansichten:<\/h3><p>Erh\u00f6hen Sie den Traffic auf Ihre Videos und verbessern Sie Ihre Auffindbarkeit.<\/p><h3>Kommentare:<\/h3><p>Stimulieren Sie Diskussionen und schaffen Sie eine engagierte Gemeinschaft rund um Ihre Inhalte.<\/p><h2>Wie es funktioniert:<\/h2><ol><li><strong>W\u00e4hlen Sie ein Paket:<\/strong> W\u00e4hlen Sie die Werbedienstleistung(en) aus, die mit Ihren Zielen \u00fcbereinstimmen. Sie k\u00f6nnen ein fertiges Paket w\u00e4hlen oder sich selbst aussuchen, was Sie ben\u00f6tigen.<\/li><\/ol>\t\t\t\t\t\t\t\t<\/div>\n\t\t\t\t<\/div>\n\t\t\t\t<div class=\"elementor-element elementor-element-6a029d6 elementor-widget elementor-widget-image-gallery\" data-id=\"6a029d6\" data-element_type=\"widget\" data-widget_type=\"image-gallery.default\">\n\t\t\t\t<div class=\"elementor-widget-container\">\n\t\t\t\t\t\t\t<div class=\"elementor-image-gallery\">\n\t\t\t\n\t\t<style type=\"text\/css\">\n\t\t\t#gallery-1 {\n\t\t\t\tmargin: auto;\n\t\t\t}\n\t\t\t#gallery-1 .gallery-item {\n\t\t\t\tfloat: left;\n\t\t\t\tmargin-top: 10px;\n\t\t\t\ttext-align: center;\n\t\t\t\twidth: 50%;\n\t\t\t}\n\t\t\t#gallery-1 img {\n\t\t\t\tborder: 2px solid #cfcfcf;\n\t\t\t}\n\t\t\t#gallery-1 .gallery-caption {\n\t\t\t\tmargin-left: 0;\n\t\t\t}\n\t\t\t\/* see gallery_shortcode() in wp-includes\/media.php *\/\n\t\t<\/style>\n\t\t<div id='gallery-1' class='gallery galleryid-1366 gallery-columns-2 gallery-size-large'><dl class='gallery-item'>\n\t\t\t<dt class='gallery-icon landscape'>\n\t\t\t\t<a data-elementor-open-lightbox=\"yes\" data-elementor-lightbox-slideshow=\"6a029d6\" data-elementor-lightbox-title=\"in1\" data-e-action-hash=\"#elementor-action%3Aaction%3Dlightbox%26settings%3DeyJpZCI6MTM2MiwidXJsIjoiaHR0cHM6XC9cL2h5cGV1cC5wcm9cL3dwLWNvbnRlbnRcL3VwbG9hZHNcLzIwMjRcLzA4XC9pbjEud2VicCIsInNsaWRlc2hvdyI6IjZhMDI5ZDYifQ%3D%3D\" href='https:\/\/hypeup.pro\/wp-content\/uploads\/2024\/08\/in1.webp'><img fetchpriority=\"high\" decoding=\"async\" width=\"1024\" height=\"520\" src=\"https:\/\/hypeup.pro\/wp-content\/uploads\/2024\/08\/in1-1024x520.webp\" class=\"attachment-large size-large\" alt=\"\" srcset=\"https:\/\/hypeup.pro\/wp-content\/uploads\/2024\/08\/in1-1024x520.webp 1024w, https:\/\/hypeup.pro\/wp-content\/uploads\/2024\/08\/in1-300x152.webp 300w, https:\/\/hypeup.pro\/wp-content\/uploads\/2024\/08\/in1-768x390.webp 768w, https:\/\/hypeup.pro\/wp-content\/uploads\/2024\/08\/in1-18x9.webp 18w, https:\/\/hypeup.pro\/wp-content\/uploads\/2024\/08\/in1-600x305.webp 600w, https:\/\/hypeup.pro\/wp-content\/uploads\/2024\/08\/in1.webp 1346w\" sizes=\"(max-width: 1024px) 100vw, 1024px\" \/><\/a>\n\t\t\t<\/dt><\/dl><dl class='gallery-item'>\n\t\t\t<dt class='gallery-icon landscape'>\n\t\t\t\t<a data-elementor-open-lightbox=\"yes\" data-elementor-lightbox-slideshow=\"6a029d6\" data-elementor-lightbox-title=\"in2\" data-e-action-hash=\"#elementor-action%3Aaction%3Dlightbox%26settings%3DeyJpZCI6MTM2NSwidXJsIjoiaHR0cHM6XC9cL2h5cGV1cC5wcm9cL3dwLWNvbnRlbnRcL3VwbG9hZHNcLzIwMjRcLzA4XC9pbjIud2VicCIsInNsaWRlc2hvdyI6IjZhMDI5ZDYifQ%3D%3D\" href='https:\/\/hypeup.pro\/wp-content\/uploads\/2024\/08\/in2.webp'><img decoding=\"async\" width=\"1024\" height=\"630\" src=\"https:\/\/hypeup.pro\/wp-content\/uploads\/2024\/08\/in2-1024x630.webp\" class=\"attachment-large size-large\" alt=\"\" srcset=\"https:\/\/hypeup.pro\/wp-content\/uploads\/2024\/08\/in2-1024x630.webp 1024w, https:\/\/hypeup.pro\/wp-content\/uploads\/2024\/08\/in2-300x184.webp 300w, https:\/\/hypeup.pro\/wp-content\/uploads\/2024\/08\/in2-768x472.webp 768w, https:\/\/hypeup.pro\/wp-content\/uploads\/2024\/08\/in2-18x12.webp 18w, https:\/\/hypeup.pro\/wp-content\/uploads\/2024\/08\/in2-600x369.webp 600w, https:\/\/hypeup.pro\/wp-content\/uploads\/2024\/08\/in2.webp 1345w\" sizes=\"(max-width: 1024px) 100vw, 1024px\" \/><\/a>\n\t\t\t<\/dt><\/dl><br style=\"clear: both\" \/>\n\t\t<\/div>\n\t\t<\/div>\n\t\t\t\t\t\t<\/div>\n\t\t\t\t<\/div>\n\t\t\t\t<div class=\"elementor-element elementor-element-11437ad article_body elementor-widget elementor-widget-text-editor\" data-id=\"11437ad\" data-element_type=\"widget\" data-widget_type=\"text-editor.default\">\n\t\t\t\t<div class=\"elementor-widget-container\">\n\t\t\t\t\t\t\t\t\t<ol start=\"2\"><li><strong>Geben Sie Ihre Kontoinformationen an: <\/strong>Teilen Sie Ihren Instagram-Benutzernamen.<\/li><\/ol>\t\t\t\t\t\t\t\t<\/div>\n\t\t\t\t<\/div>\n\t\t\t\t<div class=\"elementor-element elementor-element-5edf9e4 elementor-widget elementor-widget-image\" data-id=\"5edf9e4\" data-element_type=\"widget\" data-widget_type=\"image.default\">\n\t\t\t\t<div class=\"elementor-widget-container\">\n\t\t\t\t\t\t\t\t\t\t\t\t\t\t\t<img decoding=\"async\" width=\"776\" height=\"423\" src=\"https:\/\/hypeup.pro\/wp-content\/uploads\/2024\/08\/tt2.webp\" class=\"attachment-large size-large wp-image-1355\" alt=\"\" srcset=\"https:\/\/hypeup.pro\/wp-content\/uploads\/2024\/08\/tt2.webp 776w, https:\/\/hypeup.pro\/wp-content\/uploads\/2024\/08\/tt2-300x164.webp 300w, https:\/\/hypeup.pro\/wp-content\/uploads\/2024\/08\/tt2-768x419.webp 768w, https:\/\/hypeup.pro\/wp-content\/uploads\/2024\/08\/tt2-18x10.webp 18w, https:\/\/hypeup.pro\/wp-content\/uploads\/2024\/08\/tt2-600x327.webp 600w\" sizes=\"(max-width: 776px) 100vw, 776px\" \/>\t\t\t\t\t\t\t\t\t\t\t\t\t\t\t<\/div>\n\t\t\t\t<\/div>\n\t\t\t\t<div class=\"elementor-element elementor-element-13078ab elementor-widget elementor-widget-text-editor\" data-id=\"13078ab\" data-element_type=\"widget\" data-widget_type=\"text-editor.default\">\n\t\t\t\t<div class=\"elementor-widget-container\">\n\t\t\t\t\t\t\t\t\t<ol start=\"3\"><li><strong>Videos ausw\u00e4hlen: <\/strong>W\u00e4hlen Sie die Ver\u00f6ffentlichungen aus, f\u00fcr die Sie eine Aktivit\u00e4t erstellen m\u00f6chten.<\/li><\/ol>\t\t\t\t\t\t\t\t<\/div>\n\t\t\t\t<\/div>\n\t\t\t\t<div class=\"elementor-element elementor-element-65ad485 elementor-widget elementor-widget-image\" data-id=\"65ad485\" data-element_type=\"widget\" data-widget_type=\"image.default\">\n\t\t\t\t<div class=\"elementor-widget-container\">\n\t\t\t\t\t\t\t\t\t\t\t\t\t\t\t<img loading=\"lazy\" decoding=\"async\" width=\"1024\" height=\"557\" src=\"https:\/\/hypeup.pro\/wp-content\/uploads\/2024\/08\/in3-1024x557.webp\" class=\"attachment-large size-large wp-image-1364\" alt=\"\" srcset=\"https:\/\/hypeup.pro\/wp-content\/uploads\/2024\/08\/in3-1024x557.webp 1024w, https:\/\/hypeup.pro\/wp-content\/uploads\/2024\/08\/in3-300x163.webp 300w, https:\/\/hypeup.pro\/wp-content\/uploads\/2024\/08\/in3-768x418.webp 768w, https:\/\/hypeup.pro\/wp-content\/uploads\/2024\/08\/in3-18x10.webp 18w, https:\/\/hypeup.pro\/wp-content\/uploads\/2024\/08\/in3-600x326.webp 600w, https:\/\/hypeup.pro\/wp-content\/uploads\/2024\/08\/in3.webp 1392w\" sizes=\"(max-width: 1024px) 100vw, 1024px\" \/>\t\t\t\t\t\t\t\t\t\t\t\t\t\t\t<\/div>\n\t\t\t\t<\/div>\n\t\t\t\t<div class=\"elementor-element elementor-element-44fcca6 elementor-widget elementor-widget-text-editor\" data-id=\"44fcca6\" data-element_type=\"widget\" data-widget_type=\"text-editor.default\">\n\t\t\t\t<div class=\"elementor-widget-container\">\n\t\t\t\t\t\t\t\t\t<ol start=\"4\"><li><strong>Vollst\u00e4ndige Bezahlung:<\/strong> W\u00e4hlen Sie eine sichere Zahlungsmethode, um Ihre Bestellung abzuschlie\u00dfen.<\/li><\/ol>\t\t\t\t\t\t\t\t<\/div>\n\t\t\t\t<\/div>\n\t\t\t\t<div class=\"elementor-element elementor-element-b270212 elementor-widget elementor-widget-image\" data-id=\"b270212\" data-element_type=\"widget\" data-widget_type=\"image.default\">\n\t\t\t\t<div class=\"elementor-widget-container\">\n\t\t\t\t\t\t\t\t\t\t\t\t\t\t\t<img loading=\"lazy\" decoding=\"async\" width=\"1024\" height=\"456\" src=\"https:\/\/hypeup.pro\/wp-content\/uploads\/2024\/08\/in4-1024x456.webp\" class=\"attachment-large size-large wp-image-1363\" alt=\"\" srcset=\"https:\/\/hypeup.pro\/wp-content\/uploads\/2024\/08\/in4-1024x456.webp 1024w, https:\/\/hypeup.pro\/wp-content\/uploads\/2024\/08\/in4-300x134.webp 300w, https:\/\/hypeup.pro\/wp-content\/uploads\/2024\/08\/in4-768x342.webp 768w, https:\/\/hypeup.pro\/wp-content\/uploads\/2024\/08\/in4-18x8.webp 18w, https:\/\/hypeup.pro\/wp-content\/uploads\/2024\/08\/in4-600x267.webp 600w, https:\/\/hypeup.pro\/wp-content\/uploads\/2024\/08\/in4.webp 1381w\" sizes=\"(max-width: 1024px) 100vw, 1024px\" \/>\t\t\t\t\t\t\t\t\t\t\t\t\t\t\t<\/div>\n\t\t\t\t<\/div>\n\t\t\t\t<div class=\"elementor-element elementor-element-c2dc9e6 elementor-widget elementor-widget-text-editor\" data-id=\"c2dc9e6\" data-element_type=\"widget\" data-widget_type=\"text-editor.default\">\n\t\t\t\t<div class=\"elementor-widget-container\">\n\t\t\t\t\t\t\t\t\t<ol start=\"5\"><li><strong>Lehnen Sie sich zur\u00fcck und beobachten Sie die Magie:<\/strong> Ihr Instagram-Imperium wird mit unseren Promotion-Services exponentiell wachsen.<\/li><\/ol>\t\t\t\t\t\t\t\t<\/div>\n\t\t\t\t<\/div>\n\t\t\t\t\t<\/div>\n\t\t<\/div>\n\t\t\t\t\t<\/div>\n\t\t<\/section>\n\t\t\t\t<section class=\"elementor-section elementor-top-section elementor-element elementor-element-70d5688 elementor-section-boxed elementor-section-height-default elementor-section-height-default\" data-id=\"70d5688\" data-element_type=\"section\" id=\"final_social_section\">\n\t\t\t\t\t\t<div class=\"elementor-container elementor-column-gap-default\">\n\t\t\t\t\t<div class=\"elementor-column elementor-col-100 elementor-top-column elementor-element elementor-element-c577de8\" data-id=\"c577de8\" data-element_type=\"column\">\n\t\t\t<div class=\"elementor-widget-wrap elementor-element-populated\">\n\t\t\t\t\t\t<div class=\"elementor-element elementor-element-23fdb52 elementor-widget elementor-widget-heading\" data-id=\"23fdb52\" data-element_type=\"widget\" data-widget_type=\"heading.default\">\n\t\t\t\t<div class=\"elementor-widget-container\">\n\t\t\t\t\t<h4 class=\"elementor-heading-title elementor-size-default\"><span class=\"text-gradient\">Verpassen Sie nicht die Chance, Ihr Publikum heute zu vergr\u00f6\u00dfern!\nW\u00e4hlen Sie Ihr Paket und beginnen Sie zu wachsen!<\/span><\/h4>\t\t\t\t<\/div>\n\t\t\t\t<\/div>\n\t\t\t\t\t<\/div>\n\t\t<\/div>\n\t\t\t\t\t<\/div>\n\t\t<\/section>\n\t\t<div class=\"elementor-element elementor-element-240657e e-flex e-con-boxed e-con e-parent\" data-id=\"240657e\" data-element_type=\"container\">\n\t\t\t\t\t<div class=\"e-con-inner\">\n\t\t\t\t<div class=\"elementor-element elementor-element-1049fd8 elementor-align-center elementor-widget__width-initial btn hero__btn btn-gradient elementor-widget elementor-widget-button\" data-id=\"1049fd8\" data-element_type=\"widget\" data-widget_type=\"button.default\">\n\t\t\t\t<div class=\"elementor-widget-container\">\n\t\t\t\t\t\t\t\t\t<div class=\"elementor-button-wrapper\">\n\t\t\t\t\t<a class=\"elementor-button elementor-button-link elementor-size-sm\" href=\"https:\/\/hypeup.pro\/de\/#socials\">\n\t\t\t\t\t\t<span class=\"elementor-button-content-wrapper\">\n\t\t\t\t\t\t\t\t\t<span class=\"elementor-button-text\">Wachsen Sie auf Instagram<\/span>\n\t\t\t\t\t<\/span>\n\t\t\t\t\t<\/a>\n\t\t\t\t<\/div>\n\t\t\t\t\t\t\t\t<\/div>\n\t\t\t\t<\/div>\n\t\t\t\t\t<\/div>\n\t\t\t\t<\/div>\n\t\t\t\t<\/div>","protected":false},"excerpt":{"rendered":"<p>Instagram Services Are you ready to dominate the Instagram landscape? Our premium promotion services can help you build a massive and engaged following. Grow your Instagram Why choose us? Authentic Engagement: Our services deliver genuine followers, likes, and comments from real users, ensuring your account grows organically and sustainably. Tailored Packages: We offer customizable packages [&hellip;]<\/p>","protected":false},"author":1,"featured_media":0,"parent":0,"menu_order":0,"comment_status":"closed","ping_status":"closed","template":"elementor_header_footer","meta":{"_acf_changed":false,"footnotes":""},"class_list":["post-1366","page","type-page","status-publish","hentry"],"acf":[],"_links":{"self":[{"href":"https:\/\/hypeup.pro\/de\/wp-json\/wp\/v2\/pages\/1366","targetHints":{"allow":["GET"]}}],"collection":[{"href":"https:\/\/hypeup.pro\/de\/wp-json\/wp\/v2\/pages"}],"about":[{"href":"https:\/\/hypeup.pro\/de\/wp-json\/wp\/v2\/types\/page"}],"author":[{"embeddable":true,"href":"https:\/\/hypeup.pro\/de\/wp-json\/wp\/v2\/users\/1"}],"replies":[{"embeddable":true,"href":"https:\/\/hypeup.pro\/de\/wp-json\/wp\/v2\/comments?post=1366"}],"version-history":[{"count":41,"href":"https:\/\/hypeup.pro\/de\/wp-json\/wp\/v2\/pages\/1366\/revisions"}],"predecessor-version":[{"id":2487,"href":"https:\/\/hypeup.pro\/de\/wp-json\/wp\/v2\/pages\/1366\/revisions\/2487"}],"wp:attachment":[{"href":"https:\/\/hypeup.pro\/de\/wp-json\/wp\/v2\/media?parent=1366"}],"curies":[{"name":"wp","href":"https:\/\/api.w.org\/{rel}","templated":true}]}}