{"id":3,"date":"2024-10-03T10:57:03","date_gmt":"2024-10-03T06:57:03","guid":{"rendered":"https:\/\/hypeup.pro\/?page_id=3"},"modified":"2024-10-04T11:45:42","modified_gmt":"2024-10-04T08:45:42","slug":"privacy-policy","status":"publish","type":"page","link":"https:\/\/hypeup.pro\/de\/privacy-policy\/","title":{"rendered":"Datenschutzbestimmungen"},"content":{"rendered":"<div data-elementor-type=\"wp-page\" data-elementor-id=\"3\" class=\"elementor elementor-3\" data-elementor-post-type=\"page\">\n\t\t\t\t<section class=\"elementor-section elementor-top-section elementor-element elementor-element-2b01e7f3 elementor-section-boxed elementor-section-height-default elementor-section-height-default\" data-id=\"2b01e7f3\" data-element_type=\"section\">\n\t\t\t\t\t\t<div class=\"elementor-container elementor-column-gap-default\">\n\t\t\t\t\t<div class=\"elementor-column elementor-col-100 elementor-top-column elementor-element elementor-element-3d3196c\" data-id=\"3d3196c\" data-element_type=\"column\">\n\t\t\t<div class=\"elementor-widget-wrap elementor-element-populated\">\n\t\t\t\t\t\t<div class=\"elementor-element elementor-element-ea43f2f elementor-widget elementor-widget-heading\" data-id=\"ea43f2f\" data-element_type=\"widget\" data-widget_type=\"heading.default\">\n\t\t\t\t<div class=\"elementor-widget-container\">\n\t\t\t\t\t<h1 class=\"elementor-heading-title elementor-size-default\">Datenschutzbestimmungen<\/h1>\t\t\t\t<\/div>\n\t\t\t\t<\/div>\n\t\t\t\t<div class=\"elementor-element elementor-element-0cf89e6 elementor-widget elementor-widget-text-editor\" data-id=\"0cf89e6\" data-element_type=\"widget\" data-widget_type=\"text-editor.default\">\n\t\t\t\t<div class=\"elementor-widget-container\">\n\t\t\t\t\t\t\t\t\t<p id=\"privacy-policy-for-manuteam-o\u00fc\">Bei MANU:TEAM { Web Development Services}, erreichbar \u00fcber <a href=\"https:\/\/hypeup.pro\/de\/\">https:\/\/hypeup.pro\/<\/a>Eine unserer wichtigsten Priorit\u00e4ten ist der Schutz der Privatsph\u00e4re unserer Besucher. Diese Datenschutzrichtlinie enth\u00e4lt die Arten von Informationen, die von HypeUP.pro gesammelt und aufgezeichnet werden und wie wir sie verwenden.<\/p>\n<p>Wenn Sie weitere Fragen haben oder mehr Informationen \u00fcber unsere Datenschutzpolitik ben\u00f6tigen, z\u00f6gern Sie nicht, uns zu kontaktieren.<\/p>\n<p>Diese Datenschutzrichtlinie gilt nur f\u00fcr unsere Online-Aktivit\u00e4ten und f\u00fcr Besucher unserer Website in Bezug auf die Informationen, die sie auf HypeUp.pro teilen und\/oder sammeln. Diese Richtlinie gilt nicht f\u00fcr Informationen, die offline oder \u00fcber andere Kan\u00e4le als diese Website gesammelt werden.<\/p>\t\t\t\t\t\t\t\t<\/div>\n\t\t\t\t<\/div>\n\t\t\t\t<div class=\"elementor-element elementor-element-f6536e0 elementor-widget elementor-widget-heading\" data-id=\"f6536e0\" data-element_type=\"widget\" data-widget_type=\"heading.default\">\n\t\t\t\t<div class=\"elementor-widget-container\">\n\t\t\t\t\t<h2 class=\"elementor-heading-title elementor-size-default\">Zustimmung<\/h2>\t\t\t\t<\/div>\n\t\t\t\t<\/div>\n\t\t\t\t<div class=\"elementor-element elementor-element-0292dba elementor-widget elementor-widget-text-editor\" data-id=\"0292dba\" data-element_type=\"widget\" data-widget_type=\"text-editor.default\">\n\t\t\t\t<div class=\"elementor-widget-container\">\n\t\t\t\t\t\t\t\t\t<p>Durch die Nutzung unserer Website erkl\u00e4ren Sie sich mit unserer Datenschutzrichtlinie einverstanden und stimmen deren Bedingungen zu. Informationen, die wir sammeln<\/p>\n<p>Die pers\u00f6nlichen Daten, um die Sie gebeten werden, und die Gr\u00fcnde, warum Sie um diese Daten gebeten werden, werden Ihnen zu dem Zeitpunkt mitgeteilt, zu dem wir Sie um die Angabe Ihrer pers\u00f6nlichen Daten bitten.<\/p>\n<p>Wenn Sie sich direkt an uns wenden, k\u00f6nnen wir zus\u00e4tzliche Informationen \u00fcber Sie erhalten, wie z. B. Ihren Namen, Ihre E-Mail-Adresse, Ihre Telefonnummer, den Inhalt der Nachricht und\/oder Anh\u00e4nge, die Sie uns senden, und andere Informationen, die Sie uns zur Verf\u00fcgung stellen m\u00f6chten.<\/p>\n<p>Wenn Sie sich f\u00fcr ein Konto registrieren, fragen wir Sie m\u00f6glicherweise nach Ihren Kontaktinformationen, einschlie\u00dflich Angaben wie Name, Firmenname, Adresse, E-Mail-Adresse und Telefonnummer.<\/p>\t\t\t\t\t\t\t\t<\/div>\n\t\t\t\t<\/div>\n\t\t\t\t<div class=\"elementor-element elementor-element-b43ed30 elementor-widget elementor-widget-heading\" data-id=\"b43ed30\" data-element_type=\"widget\" data-widget_type=\"heading.default\">\n\t\t\t\t<div class=\"elementor-widget-container\">\n\t\t\t\t\t<h2 class=\"elementor-heading-title elementor-size-default\">Wie wir Ihre Informationen verwenden<\/h2>\t\t\t\t<\/div>\n\t\t\t\t<\/div>\n\t\t\t\t<div class=\"elementor-element elementor-element-e86875f elementor-widget elementor-widget-text-editor\" data-id=\"e86875f\" data-element_type=\"widget\" data-widget_type=\"text-editor.default\">\n\t\t\t\t<div class=\"elementor-widget-container\">\n\t\t\t\t\t\t\t\t\t<p>Wir verwenden die von uns gesammelten Informationen auf verschiedene Weise, unter anderem um:<\/p>\n<ul>\n<li>Bereitstellung, Betrieb und Pflege unserer Website<\/li>\n<li>Verbesserung, Personalisierung und Erweiterung unserer Website<\/li>\n<li>Verstehen und Analysieren, wie Sie unsere Website nutzen<\/li>\n<li>Entwicklung neuer Produkte, Dienstleistungen, Merkmale und Funktionen<\/li>\n<li>mit Ihnen zu kommunizieren, entweder direkt oder \u00fcber einen unserer Partner, u. a. f\u00fcr den Kundendienst, um Ihnen Aktualisierungen und andere Informationen \u00fcber die Website zukommen zu lassen, sowie f\u00fcr Marketing- und Werbezwecke<\/li>\n<li>Senden Sie E-Mails<\/li>\n<li>Betrug aufdecken und verhindern<\/li>\n<\/ul>\t\t\t\t\t\t\t\t<\/div>\n\t\t\t\t<\/div>\n\t\t\t\t<div class=\"elementor-element elementor-element-5bc04c2 elementor-widget elementor-widget-heading\" data-id=\"5bc04c2\" data-element_type=\"widget\" data-widget_type=\"heading.default\">\n\t\t\t\t<div class=\"elementor-widget-container\">\n\t\t\t\t\t<h2 class=\"elementor-heading-title elementor-size-default\">Log-Dateien<\/h2>\t\t\t\t<\/div>\n\t\t\t\t<\/div>\n\t\t\t\t<div class=\"elementor-element elementor-element-0a543d1 elementor-widget elementor-widget-text-editor\" data-id=\"0a543d1\" data-element_type=\"widget\" data-widget_type=\"text-editor.default\">\n\t\t\t\t<div class=\"elementor-widget-container\">\n\t\t\t\t\t\t\t\t\t<p>HypeUp.pro verwendet standardm\u00e4\u00dfig Protokolldateien. Diese Dateien protokollieren die Besucher, wenn sie Websites besuchen. Alle Hosting-Firmen tun dies und es ist Teil der Analyse der Hosting-Dienste. Die von den Protokolldateien gesammelten Informationen umfassen Internetprotokoll (IP)-Adressen, Browsertyp, Internet Service Provider (ISP), Datums- und Zeitstempel, verweisende\/verlassende Seiten und m\u00f6glicherweise die Anzahl der Klicks. Diese Daten werden nicht mit Informationen verkn\u00fcpft, die eine pers\u00f6nliche Identifizierung erm\u00f6glichen. Der Zweck dieser Informationen besteht darin, Trends zu analysieren, die Website zu verwalten, die Bewegungen der Nutzer auf der Website zu verfolgen und demographische Informationen zu sammeln.<\/p>\t\t\t\t\t\t\t\t<\/div>\n\t\t\t\t<\/div>\n\t\t\t\t<div class=\"elementor-element elementor-element-200fa8b elementor-widget elementor-widget-heading\" data-id=\"200fa8b\" data-element_type=\"widget\" data-widget_type=\"heading.default\">\n\t\t\t\t<div class=\"elementor-widget-container\">\n\t\t\t\t\t<h2 class=\"elementor-heading-title elementor-size-default\">Cookies und Web Beacons<\/h2>\t\t\t\t<\/div>\n\t\t\t\t<\/div>\n\t\t\t\t<div class=\"elementor-element elementor-element-c89ce1f elementor-widget elementor-widget-text-editor\" data-id=\"c89ce1f\" data-element_type=\"widget\" data-widget_type=\"text-editor.default\">\n\t\t\t\t<div class=\"elementor-widget-container\">\n\t\t\t\t\t\t\t\t\t<p>Wie jede andere Website auch, verwendet HypeUp.pro \"Cookies\". Diese Cookies werden verwendet, um Informationen zu speichern, einschlie\u00dflich der Pr\u00e4ferenzen der Besucher und der Seiten auf der Website, die der Besucher aufgerufen oder besucht hat. Die Informationen werden verwendet, um die Erfahrung des Benutzers zu optimieren, indem der Inhalt unserer Webseite auf der Grundlage des Browsertyps des Besuchers und\/oder anderer Informationen angepasst wird.<\/p>\t\t\t\t\t\t\t\t<\/div>\n\t\t\t\t<\/div>\n\t\t\t\t<div class=\"elementor-element elementor-element-9763449 elementor-widget elementor-widget-heading\" data-id=\"9763449\" data-element_type=\"widget\" data-widget_type=\"heading.default\">\n\t\t\t\t<div class=\"elementor-widget-container\">\n\t\t\t\t\t<h2 class=\"elementor-heading-title elementor-size-default\">Werbepartner Datenschutzrichtlinien<\/h2>\t\t\t\t<\/div>\n\t\t\t\t<\/div>\n\t\t\t\t<div class=\"elementor-element elementor-element-fbc5f35 elementor-widget elementor-widget-text-editor\" data-id=\"fbc5f35\" data-element_type=\"widget\" data-widget_type=\"text-editor.default\">\n\t\t\t\t<div class=\"elementor-widget-container\">\n\t\t\t\t\t\t\t\t\t<p>Sie k\u00f6nnen diese Liste konsultieren, um die Datenschutzbestimmungen f\u00fcr jeden der Werbepartner von HypeUp.pro zu finden.<\/p>\n<p>Werbeserver oder Werbenetzwerke von Drittanbietern verwenden Technologien wie Cookies, JavaScript oder Web Beacons, die in ihren jeweiligen Anzeigen und Links, die auf HypeUp.pro erscheinen, verwendet werden und direkt an den Browser der Nutzer gesendet werden. Sie erhalten automatisch Ihre IP-Adresse, wenn dies geschieht. Diese Technologien werden verwendet, um die Effektivit\u00e4t ihrer Werbekampagnen zu messen und\/oder die Werbeinhalte zu personalisieren, die Sie auf den von Ihnen besuchten Websites sehen.<\/p>\n<p>Beachten Sie, dass HypeUp.pro keinen Zugang zu oder Kontrolle \u00fcber diese Cookies hat, die von Drittanbietern verwendet werden.<\/p>\t\t\t\t\t\t\t\t<\/div>\n\t\t\t\t<\/div>\n\t\t\t\t<div class=\"elementor-element elementor-element-86a3477 elementor-widget elementor-widget-heading\" data-id=\"86a3477\" data-element_type=\"widget\" data-widget_type=\"heading.default\">\n\t\t\t\t<div class=\"elementor-widget-container\">\n\t\t\t\t\t<h2 class=\"elementor-heading-title elementor-size-default\">Datenschutzrichtlinien von Dritten<\/h2>\t\t\t\t<\/div>\n\t\t\t\t<\/div>\n\t\t\t\t<div class=\"elementor-element elementor-element-5a8f9bf elementor-widget elementor-widget-text-editor\" data-id=\"5a8f9bf\" data-element_type=\"widget\" data-widget_type=\"text-editor.default\">\n\t\t\t\t<div class=\"elementor-widget-container\">\n\t\t\t\t\t\t\t\t\t<p>Die Datenschutzrichtlinien von MANU:TEAM {Web Development Services} gelten nicht f\u00fcr andere Werbetreibende oder Websites. Wir raten Ihnen daher, die jeweiligen Datenschutzrichtlinien dieser Werbeserver Dritter zu konsultieren, um genauere Informationen zu erhalten. Sie k\u00f6nnen deren Praktiken und Anweisungen dar\u00fcber enthalten, wie Sie bestimmte Optionen deaktivieren k\u00f6nnen. Sie k\u00f6nnen Cookies \u00fcber Ihre individuellen Browseroptionen deaktivieren. Ausf\u00fchrlichere Informationen \u00fcber die Cookie-Verwaltung mit bestimmten Webbrowsern finden Sie auf den jeweiligen Websites der Browser.<\/p>\t\t\t\t\t\t\t\t<\/div>\n\t\t\t\t<\/div>\n\t\t\t\t<div class=\"elementor-element elementor-element-ffe481a elementor-widget elementor-widget-heading\" data-id=\"ffe481a\" data-element_type=\"widget\" data-widget_type=\"heading.default\">\n\t\t\t\t<div class=\"elementor-widget-container\">\n\t\t\t\t\t<h2 class=\"elementor-heading-title elementor-size-default\">CCPA-Datenschutzrechte (Verkaufen Sie meine pers\u00f6nlichen Daten nicht)<\/h2>\t\t\t\t<\/div>\n\t\t\t\t<\/div>\n\t\t\t\t<div class=\"elementor-element elementor-element-9e66a79 elementor-widget elementor-widget-text-editor\" data-id=\"9e66a79\" data-element_type=\"widget\" data-widget_type=\"text-editor.default\">\n\t\t\t\t<div class=\"elementor-widget-container\">\n\t\t\t\t\t\t\t\t\t<p>Nach dem CCPA haben die kalifornischen Verbraucher unter anderem das Recht auf:<\/p>\n<p>Verlangen Sie, dass ein Unternehmen, das personenbezogene Daten eines Verbrauchers sammelt, die Kategorien und spezifischen Teile der personenbezogenen Daten offenlegt, die das Unternehmen \u00fcber den Verbraucher gesammelt hat.<\/p>\n<p>ein Unternehmen aufzufordern, personenbezogene Daten \u00fcber den Verbraucher zu l\u00f6schen, die ein Unternehmen gesammelt hat.<\/p>\n<p>Verlangen Sie, dass ein Unternehmen, das die pers\u00f6nlichen Daten eines Verbrauchers verkauft, die pers\u00f6nlichen Daten des Verbrauchers nicht verkauft.<\/p>\n<p>Wenn Sie eine Anfrage stellen, haben wir einen Monat Zeit, Ihnen zu antworten. Wenn Sie eines dieser Rechte aus\u00fcben m\u00f6chten, nehmen Sie bitte Kontakt mit uns auf.<\/p>\t\t\t\t\t\t\t\t<\/div>\n\t\t\t\t<\/div>\n\t\t\t\t<div class=\"elementor-element elementor-element-ac6615b elementor-widget elementor-widget-heading\" data-id=\"ac6615b\" data-element_type=\"widget\" data-widget_type=\"heading.default\">\n\t\t\t\t<div class=\"elementor-widget-container\">\n\t\t\t\t\t<h2 class=\"elementor-heading-title elementor-size-default\">GDPR-Datenschutzrechte<\/h2>\t\t\t\t<\/div>\n\t\t\t\t<\/div>\n\t\t\t\t<div class=\"elementor-element elementor-element-ae9f159 elementor-widget elementor-widget-text-editor\" data-id=\"ae9f159\" data-element_type=\"widget\" data-widget_type=\"text-editor.default\">\n\t\t\t\t<div class=\"elementor-widget-container\">\n\t\t\t\t\t\t\t\t\t<p>Wir m\u00f6chten sicherstellen, dass Sie \u00fcber alle Ihre Datenschutzrechte informiert sind. Jeder Nutzer hat Anspruch auf die folgenden Rechte:<\/p>\n<p>Das Recht auf Zugang - Sie haben das Recht, Kopien Ihrer personenbezogenen Daten anzufordern. F\u00fcr diesen Service k\u00f6nnen wir Ihnen eine geringe Geb\u00fchr in Rechnung stellen.<\/p>\n<p>Das Recht auf Berichtigung - Sie haben das Recht, von uns die Berichtigung von Informationen zu verlangen, die Sie f\u00fcr unrichtig halten.<\/p>\n<p>Sie haben auch das Recht, uns aufzufordern, die Informationen zu vervollst\u00e4ndigen, die Sie f\u00fcr unvollst\u00e4ndig halten.<\/p>\n<p>Das Recht auf L\u00f6schung - Sie haben das Recht, unter bestimmten Bedingungen die L\u00f6schung Ihrer personenbezogenen Daten zu verlangen.<\/p>\n<p>Recht auf Einschr\u00e4nkung der Verarbeitung - Sie haben das Recht zu verlangen, dass wir die Verarbeitung Ihrer personenbezogenen Daten unter bestimmten Bedingungen einschr\u00e4nken.<\/p>\n<p>Recht auf Widerspruch gegen die Verarbeitung - Sie haben das Recht, der Verarbeitung Ihrer personenbezogenen Daten durch uns unter bestimmten Bedingungen zu widersprechen.<\/p>\n<p>Das Recht auf Daten\u00fcbertragbarkeit - Sie haben das Recht, unter bestimmten Bedingungen zu verlangen, dass wir die von uns erfassten Daten an eine andere Organisation oder direkt an Sie weitergeben.<\/p>\n<p>Wenn Sie eine Anfrage stellen, haben wir einen Monat Zeit, Ihnen zu antworten. Wenn Sie eines dieser Rechte aus\u00fcben m\u00f6chten, nehmen Sie bitte Kontakt mit uns auf.<\/p>\t\t\t\t\t\t\t\t<\/div>\n\t\t\t\t<\/div>\n\t\t\t\t<div class=\"elementor-element elementor-element-62e2522 elementor-widget elementor-widget-heading\" data-id=\"62e2522\" data-element_type=\"widget\" data-widget_type=\"heading.default\">\n\t\t\t\t<div class=\"elementor-widget-container\">\n\t\t\t\t\t<h2 class=\"elementor-heading-title elementor-size-default\">Informationen f\u00fcr Kinder<\/h2>\t\t\t\t<\/div>\n\t\t\t\t<\/div>\n\t\t\t\t<div class=\"elementor-element elementor-element-4a4733c elementor-widget elementor-widget-text-editor\" data-id=\"4a4733c\" data-element_type=\"widget\" data-widget_type=\"text-editor.default\">\n\t\t\t\t<div class=\"elementor-widget-container\">\n\t\t\t\t\t\t\t\t\t<p>Ein weiterer Teil unserer Priorit\u00e4t ist der Schutz von Kindern bei der Nutzung des Internets. Wir ermutigen Eltern und Erziehungsberechtigte, ihre Online-Aktivit\u00e4ten zu beobachten, daran teilzunehmen und\/oder sie zu \u00fcberwachen und anzuleiten.<\/p>\n<p>MANU:TEAM { Web Development Services} sammelt nicht wissentlich pers\u00f6nliche Daten von Kindern unter 13 Jahren. Wenn Sie glauben, dass Ihr Kind diese Art von Informationen auf unserer Website zur Verf\u00fcgung gestellt hat, empfehlen wir Ihnen dringend, uns sofort zu kontaktieren, und wir werden unser Bestes tun, um solche Informationen umgehend aus unseren Unterlagen zu entfernen.<\/p>\t\t\t\t\t\t\t\t<\/div>\n\t\t\t\t<\/div>\n\t\t\t\t<div class=\"elementor-element elementor-element-3a1fcd7 elementor-widget elementor-widget-heading\" data-id=\"3a1fcd7\" data-element_type=\"widget\" data-widget_type=\"heading.default\">\n\t\t\t\t<div class=\"elementor-widget-container\">\n\t\t\t\t\t<h2 class=\"elementor-heading-title elementor-size-default\">Aus der Verfolgung heraus<\/h2>\t\t\t\t<\/div>\n\t\t\t\t<\/div>\n\t\t\t\t<div class=\"elementor-element elementor-element-40a9d38 elementor-widget elementor-widget-text-editor\" data-id=\"40a9d38\" data-element_type=\"widget\" data-widget_type=\"text-editor.default\">\n\t\t\t\t<div class=\"elementor-widget-container\">\n\t\t\t\t\t\t\t\t\t<div id=\"matomo-opt-out\">\u00a0<\/div>\n<p><script src=\"https:\/\/stat.manu.team\/index.php?module=CoreAdminHome&amp;action=optOutJS&amp;divId=matomo-opt-out&amp;language=auto&amp;backgroundColor=#0c0d0e&amp;fontColor=ffffff&amp;fontSize=16px&amp;fontFamily=Saira&amp;showIntro=1\"><\/script><\/p>\t\t\t\t\t\t\t\t<\/div>\n\t\t\t\t<\/div>\n\t\t\t\t<div class=\"elementor-element elementor-element-464fefec elementor-hidden-desktop elementor-hidden-tablet elementor-hidden-mobile elementor-widget elementor-widget-text-editor\" data-id=\"464fefec\" data-element_type=\"widget\" data-widget_type=\"text-editor.default\">\n\t\t\t\t<div class=\"elementor-widget-container\"><h2 class=\"wp-block-heading\">Wer wir sind<\/h2><p><strong class=\"privacy-policy-tutorial\">Vorgeschlagener Text: <\/strong>Unsere Website-Adresse lautet: https:\/\/1001.wp.manu.team.<\/p><h2 class=\"wp-block-heading\">Kommentare<\/h2><p><strong class=\"privacy-policy-tutorial\">Vorgeschlagener Text: <\/strong>Wenn Besucher Kommentare auf der Website hinterlassen, erfassen wir die im Kommentarformular angezeigten Daten sowie die IP-Adresse und den User-Agent-String des Browsers des Besuchers, um die Spam-Erkennung zu erleichtern.<\/p><p>Eine anonymisierte Zeichenfolge, die aus Ihrer E-Mail-Adresse erstellt wird (auch Hash genannt), kann dem Gravatar-Dienst zur Verf\u00fcgung gestellt werden, um zu sehen, ob Sie ihn benutzen. Die Datenschutzrichtlinien des Gravatar-Dienstes finden Sie hier: https:\/\/automattic.com\/privacy\/. Nach der Freigabe Ihres Kommentars ist Ihr Profilbild im Zusammenhang mit Ihrem Kommentar \u00f6ffentlich sichtbar.<\/p><h2 class=\"wp-block-heading\">Medien<\/h2><p><strong class=\"privacy-policy-tutorial\">Vorgeschlagener Text: <\/strong>Wenn Sie Bilder auf die Website hochladen, sollten Sie es vermeiden, Bilder hochzuladen, die eingebettete Standortdaten (EXIF-GPS) enthalten. Die Besucher der Website k\u00f6nnen alle Standortdaten von den Bildern auf der Website herunterladen und extrahieren.<\/p><h2 class=\"wp-block-heading\">Cookies<\/h2><p><strong class=\"privacy-policy-tutorial\">Vorgeschlagener Text: <\/strong>Wenn Sie einen Kommentar auf unserer Website hinterlassen, k\u00f6nnen Sie sich damit einverstanden erkl\u00e4ren, dass Ihr Name, Ihre E-Mail-Adresse und Ihre Website in Cookies gespeichert werden. Diese dienen Ihrer Bequemlichkeit, damit Sie Ihre Daten nicht erneut eingeben m\u00fcssen, wenn Sie einen weiteren Kommentar hinterlassen. Diese Cookies sind ein Jahr lang g\u00fcltig.<\/p><p>Wenn Sie unsere Anmeldeseite besuchen, setzen wir ein tempor\u00e4res Cookie, um festzustellen, ob Ihr Browser Cookies zul\u00e4sst. Dieses Cookie enth\u00e4lt keine pers\u00f6nlichen Daten und wird gel\u00f6scht, wenn Sie Ihren Browser schlie\u00dfen.<\/p><p>Wenn Sie sich anmelden, legen wir au\u00dferdem mehrere Cookies an, um Ihre Anmeldeinformationen und die von Ihnen gew\u00e4hlten Bildschirmoptionen zu speichern. Die Anmelde-Cookies bleiben zwei Tage lang gespeichert, die Cookies f\u00fcr die Bildschirmoptionen ein Jahr lang. Wenn Sie \"Remember Me\" w\u00e4hlen, bleibt Ihr Login zwei Wochen lang erhalten. Wenn Sie sich von Ihrem Konto abmelden, werden die Anmelde-Cookies entfernt.<\/p><p>Wenn Sie einen Artikel bearbeiten oder ver\u00f6ffentlichen, wird ein zus\u00e4tzliches Cookie in Ihrem Browser gespeichert. Dieses Cookie enth\u00e4lt keine pers\u00f6nlichen Daten und zeigt lediglich die Post-ID des Artikels an, den Sie gerade bearbeitet haben. Er verf\u00e4llt nach 1 Tag.<\/p><h2 class=\"wp-block-heading\">Eingebettete Inhalte von anderen Websites<\/h2><p><strong class=\"privacy-policy-tutorial\">Vorgeschlagener Text: <\/strong>Die Artikel auf dieser Website k\u00f6nnen eingebettete Inhalte (z. B. Videos, Bilder, Artikel usw.) enthalten. Eingebettete Inhalte von anderen Websites verhalten sich genau so, als ob der Besucher die andere Website besucht h\u00e4tte.<\/p><p>Diese Websites k\u00f6nnen Daten \u00fcber Sie sammeln, Cookies verwenden, zus\u00e4tzliche Trackingfunktionen von Dritten einbetten und Ihre Interaktion mit diesen eingebetteten Inhalten \u00fcberwachen, einschlie\u00dflich der Verfolgung Ihrer Interaktion mit den eingebetteten Inhalten, wenn Sie ein Konto haben und auf dieser Website angemeldet sind.<\/p><h2 class=\"wp-block-heading\">Mit wem wir Ihre Daten teilen<\/h2><p><strong class=\"privacy-policy-tutorial\">Vorgeschlagener Text: <\/strong>Wenn Sie ein neues Passwort anfordern, wird Ihre IP-Adresse in der E-Mail mit dem neuen Passwort angegeben.<\/p><h2 class=\"wp-block-heading\">Wie lange wir Ihre Daten aufbewahren<\/h2><p><strong class=\"privacy-policy-tutorial\">Vorgeschlagener Text: <\/strong>Wenn Sie einen Kommentar hinterlassen, werden der Kommentar und seine Metadaten auf unbestimmte Zeit gespeichert. Auf diese Weise k\u00f6nnen wir Folgekommentare automatisch erkennen und genehmigen, anstatt sie in einer Moderationswarteschlange zu halten.<\/p><p>F\u00fcr Benutzer, die sich auf unserer Website registrieren (falls vorhanden), speichern wir auch die pers\u00f6nlichen Informationen, die sie in ihrem Benutzerprofil angeben. Alle Nutzer k\u00f6nnen ihre pers\u00f6nlichen Daten jederzeit einsehen, bearbeiten oder l\u00f6schen (sie k\u00f6nnen jedoch ihren Benutzernamen nicht \u00e4ndern). Auch die Administratoren der Website k\u00f6nnen diese Informationen einsehen und bearbeiten.<\/p><h2 class=\"wp-block-heading\">Welche Rechte Sie an Ihren Daten haben<\/h2><p><strong class=\"privacy-policy-tutorial\">Vorgeschlagener Text: <\/strong>Wenn Sie ein Konto auf dieser Website haben oder Kommentare hinterlassen haben, k\u00f6nnen Sie eine exportierte Datei mit den personenbezogenen Daten anfordern, die wir \u00fcber Sie gespeichert haben, einschlie\u00dflich aller Daten, die Sie uns zur Verf\u00fcgung gestellt haben. Sie k\u00f6nnen auch verlangen, dass wir alle personenbezogenen Daten, die wir \u00fcber Sie gespeichert haben, l\u00f6schen. Davon ausgenommen sind Daten, die wir aus verwaltungstechnischen, rechtlichen oder sicherheitsrelevanten Gr\u00fcnden aufbewahren m\u00fcssen.<\/p><h2 class=\"wp-block-heading\">Wohin Ihre Daten gesendet werden<\/h2><p><strong class=\"privacy-policy-tutorial\">Vorgeschlagener Text: <\/strong>Die Kommentare der Besucher k\u00f6nnen durch einen automatischen Spam-Erkennungsdienst \u00fcberpr\u00fcft werden.<\/p><\/div>\n\t\t\t\t<\/div>\n\t\t\t\t\t<\/div>\n\t\t<\/div>\n\t\t\t\t\t<\/div>\n\t\t<\/section>\t\t<\/div>","protected":false},"excerpt":{"rendered":"<p>Datenschutzerkl\u00e4rung Bei MANU:TEAM {Web Development Services}, erreichbar unter https:\/\/hypeup.pro\/, ist eine unserer Hauptpriorit\u00e4ten die Privatsph\u00e4re unserer Besucher. Diese Datenschutzrichtlinie enth\u00e4lt die Arten von Informationen, die von HypeUP.pro gesammelt und aufgezeichnet werden, und wie wir sie verwenden. Wenn Sie weitere Fragen haben oder mehr Informationen \u00fcber unsere Datenschutzrichtlinien ben\u00f6tigen, [...]<\/p>","protected":false},"author":1,"featured_media":0,"parent":0,"menu_order":0,"comment_status":"closed","ping_status":"closed","template":"elementor_header_footer","meta":{"_acf_changed":false,"footnotes":""},"class_list":["post-3","page","type-page","status-publish","hentry"],"acf":[],"_links":{"self":[{"href":"https:\/\/hypeup.pro\/de\/wp-json\/wp\/v2\/pages\/3","targetHints":{"allow":["GET"]}}],"collection":[{"href":"https:\/\/hypeup.pro\/de\/wp-json\/wp\/v2\/pages"}],"about":[{"href":"https:\/\/hypeup.pro\/de\/wp-json\/wp\/v2\/types\/page"}],"author":[{"embeddable":true,"href":"https:\/\/hypeup.pro\/de\/wp-json\/wp\/v2\/users\/1"}],"replies":[{"embeddable":true,"href":"https:\/\/hypeup.pro\/de\/wp-json\/wp\/v2\/comments?post=3"}],"version-history":[{"count":16,"href":"https:\/\/hypeup.pro\/de\/wp-json\/wp\/v2\/pages\/3\/revisions"}],"predecessor-version":[{"id":1568,"href":"https:\/\/hypeup.pro\/de\/wp-json\/wp\/v2\/pages\/3\/revisions\/1568"}],"wp:attachment":[{"href":"https:\/\/hypeup.pro\/de\/wp-json\/wp\/v2\/media?parent=3"}],"curies":[{"name":"wp","href":"https:\/\/api.w.org\/{rel}","templated":true}]}}