{"id":1291,"date":"2024-10-03T10:57:03","date_gmt":"2024-10-03T06:57:03","guid":{"rendered":"https:\/\/hypeup.pro\/?page_id=1291"},"modified":"2024-10-04T11:49:37","modified_gmt":"2024-10-04T08:49:37","slug":"legal-notice","status":"publish","type":"page","link":"https:\/\/hypeup.pro\/es\/legal-notice\/","title":{"rendered":"Menciones legales"},"content":{"rendered":"<div data-elementor-type=\"wp-page\" data-elementor-id=\"1291\" class=\"elementor elementor-1291\" data-elementor-post-type=\"page\">\n\t\t\t\t\t\t<section class=\"elementor-section elementor-top-section elementor-element elementor-element-fa6647b elementor-section-boxed elementor-section-height-default elementor-section-height-default\" data-id=\"fa6647b\" data-element_type=\"section\">\n\t\t\t\t\t\t<div class=\"elementor-container elementor-column-gap-default\">\n\t\t\t\t\t<div class=\"elementor-column elementor-col-100 elementor-top-column elementor-element elementor-element-d57d123\" data-id=\"d57d123\" data-element_type=\"column\">\n\t\t\t<div class=\"elementor-widget-wrap elementor-element-populated\">\n\t\t\t\t\t\t<div class=\"elementor-element elementor-element-564e18c elementor-widget elementor-widget-heading\" data-id=\"564e18c\" data-element_type=\"widget\" data-widget_type=\"heading.default\">\n\t\t\t\t<div class=\"elementor-widget-container\">\n\t\t\t\t\t<h2 class=\"elementor-heading-title elementor-size-default\">Menciones legales<\/h2>\t\t\t\t<\/div>\n\t\t\t\t<\/div>\n\t\t\t\t<div class=\"elementor-element elementor-element-cc6bb1f elementor-widget elementor-widget-text-editor\" data-id=\"cc6bb1f\" data-element_type=\"widget\" data-widget_type=\"text-editor.default\">\n\t\t\t\t<div class=\"elementor-widget-container\">\n\t\t\t\t\t\t\t\t\t<h4 id=\"manuteam-o\u00fc\">MANUTEAM O\u00dc<\/h4><p><strong>C\u00f3digo reg:<\/strong>\u00a014983851<\/p><p><strong>IVA:<\/strong>\u00a0EE102261970<\/p><p><strong>Direcci\u00f3n:<\/strong>\u00a0Toompuiestee 17A, 10137 TALLINN - ESTONIA<\/p><p><strong>Tel\u00e9fono:<\/strong>\u00a0+372 6028499<\/p><p><strong>Correo electr\u00f3nico:<\/strong>\u00a0<a href=\"mailto:hello@manu.team\">hello@manu.team<\/a><\/p>\t\t\t\t\t\t\t\t<\/div>\n\t\t\t\t<\/div>\n\t\t\t\t\t<\/div>\n\t\t<\/div>\n\t\t\t\t\t<\/div>\n\t\t<\/section>\n\t\t\t\t<\/div>","protected":false},"excerpt":{"rendered":"<p>Aviso legal MANUTEAM O\u00dc C\u00f3digo reg: 14983851 IVA: EE102261970 Direcci\u00f3n: Toompuiestee 17A, 10137 TALLINN - ESTONIA Tel\u00e9fono: +372 6028499 Correo electr\u00f3nico: hello@manu.team<\/p>","protected":false},"author":1,"featured_media":0,"parent":0,"menu_order":0,"comment_status":"closed","ping_status":"closed","template":"","meta":{"_acf_changed":false,"footnotes":""},"class_list":["post-1291","page","type-page","status-publish","hentry"],"acf":[],"_links":{"self":[{"href":"https:\/\/hypeup.pro\/es\/wp-json\/wp\/v2\/pages\/1291","targetHints":{"allow":["GET"]}}],"collection":[{"href":"https:\/\/hypeup.pro\/es\/wp-json\/wp\/v2\/pages"}],"about":[{"href":"https:\/\/hypeup.pro\/es\/wp-json\/wp\/v2\/types\/page"}],"author":[{"embeddable":true,"href":"https:\/\/hypeup.pro\/es\/wp-json\/wp\/v2\/users\/1"}],"replies":[{"embeddable":true,"href":"https:\/\/hypeup.pro\/es\/wp-json\/wp\/v2\/comments?post=1291"}],"version-history":[{"count":7,"href":"https:\/\/hypeup.pro\/es\/wp-json\/wp\/v2\/pages\/1291\/revisions"}],"predecessor-version":[{"id":1307,"href":"https:\/\/hypeup.pro\/es\/wp-json\/wp\/v2\/pages\/1291\/revisions\/1307"}],"wp:attachment":[{"href":"https:\/\/hypeup.pro\/es\/wp-json\/wp\/v2\/media?parent=1291"}],"curies":[{"name":"wp","href":"https:\/\/api.w.org\/{rel}","templated":true}]}}