{"id":1350,"date":"2024-08-27T18:32:37","date_gmt":"2024-08-27T14:32:37","guid":{"rendered":"https:\/\/hypeup.pro\/?page_id=1350"},"modified":"2025-02-28T18:21:33","modified_gmt":"2025-02-28T15:21:33","slug":"tiktok","status":"publish","type":"page","link":"https:\/\/hypeup.pro\/es\/tiktok\/","title":{"rendered":"TikTok"},"content":{"rendered":"<div data-elementor-type=\"wp-page\" data-elementor-id=\"1350\" class=\"elementor elementor-1350\" data-elementor-post-type=\"page\">\n\t\t\t\t\t\t<section class=\"elementor-section elementor-top-section elementor-element elementor-element-17c3de5c elementor-section-boxed elementor-section-height-default elementor-section-height-default\" data-id=\"17c3de5c\" data-element_type=\"section\">\n\t\t\t\t\t\t<div class=\"elementor-container elementor-column-gap-default\">\n\t\t\t\t\t<div class=\"elementor-column elementor-col-100 elementor-top-column elementor-element elementor-element-7ae70b44\" data-id=\"7ae70b44\" data-element_type=\"column\">\n\t\t\t<div class=\"elementor-widget-wrap elementor-element-populated\">\n\t\t\t\t\t\t<div class=\"elementor-element elementor-element-3c2feaed elementor-widget elementor-widget-heading\" data-id=\"3c2feaed\" data-element_type=\"widget\" data-widget_type=\"heading.default\">\n\t\t\t\t<div class=\"elementor-widget-container\">\n\t\t\t\t\t<h1 class=\"elementor-heading-title elementor-size-default\">Servicios TikTok<\/h1>\t\t\t\t<\/div>\n\t\t\t\t<\/div>\n\t\t\t\t\t<\/div>\n\t\t<\/div>\n\t\t\t\t\t<\/div>\n\t\t<\/section>\n\t\t\t\t<section class=\"elementor-section elementor-top-section elementor-element elementor-element-5f4e1e4c elementor-section-boxed elementor-section-height-default elementor-section-height-default\" data-id=\"5f4e1e4c\" data-element_type=\"section\">\n\t\t\t\t\t\t<div class=\"elementor-container elementor-column-gap-default\">\n\t\t\t\t\t<div class=\"elementor-column elementor-col-100 elementor-top-column elementor-element elementor-element-625f084b\" data-id=\"625f084b\" data-element_type=\"column\">\n\t\t\t<div class=\"elementor-widget-wrap elementor-element-populated\">\n\t\t\t\t\t\t<div class=\"elementor-element elementor-element-6d19b91c elementor-widget elementor-widget-text-editor\" data-id=\"6d19b91c\" data-element_type=\"widget\" data-widget_type=\"text-editor.default\">\n\t\t\t\t<div class=\"elementor-widget-container\">\n\t\t\t\t\t\t\t\t\t<p>\u00bfQuieres llevar tu juego de TikTok al siguiente nivel? No busques m\u00e1s. Ofrecemos una amplia gama de servicios de promoci\u00f3n dise\u00f1ados para aumentar la visibilidad y la participaci\u00f3n de tu cuenta.<\/p>\t\t\t\t\t\t\t\t<\/div>\n\t\t\t\t<\/div>\n\t\t\t\t\t<\/div>\n\t\t<\/div>\n\t\t\t\t\t<\/div>\n\t\t<\/section>\n\t\t<div class=\"elementor-element elementor-element-af04d93 e-flex e-con-boxed e-con e-parent\" data-id=\"af04d93\" data-element_type=\"container\">\n\t\t\t\t\t<div class=\"e-con-inner\">\n\t\t\t\t<div class=\"elementor-element elementor-element-bb19397 elementor-align-center elementor-widget__width-initial btn hero__btn btn-gradient elementor-widget elementor-widget-button\" data-id=\"bb19397\" data-element_type=\"widget\" data-widget_type=\"button.default\">\n\t\t\t\t<div class=\"elementor-widget-container\">\n\t\t\t\t\t\t\t\t\t<div class=\"elementor-button-wrapper\">\n\t\t\t\t\t<a class=\"elementor-button elementor-button-link elementor-size-sm\" href=\"https:\/\/hypeup.pro\/es\/#socials\">\n\t\t\t\t\t\t<span class=\"elementor-button-content-wrapper\">\n\t\t\t\t\t\t\t\t\t<span class=\"elementor-button-text\">Haz crecer tu TikTok<\/span>\n\t\t\t\t\t<\/span>\n\t\t\t\t\t<\/a>\n\t\t\t\t<\/div>\n\t\t\t\t\t\t\t\t<\/div>\n\t\t\t\t<\/div>\n\t\t\t\t\t<\/div>\n\t\t\t\t<\/div>\n\t\t\t\t<section class=\"elementor-section elementor-top-section elementor-element elementor-element-5fef4419 elementor-section-boxed elementor-section-height-default elementor-section-height-default\" data-id=\"5fef4419\" data-element_type=\"section\">\n\t\t\t\t\t\t<div class=\"elementor-container elementor-column-gap-default\">\n\t\t\t\t\t<div class=\"elementor-column elementor-col-100 elementor-top-column elementor-element elementor-element-26ee072f\" data-id=\"26ee072f\" data-element_type=\"column\">\n\t\t\t<div class=\"elementor-widget-wrap elementor-element-populated\">\n\t\t\t\t\t\t<div class=\"elementor-element elementor-element-1cf777b5 article_body elementor-widget elementor-widget-text-editor\" data-id=\"1cf777b5\" data-element_type=\"widget\" data-widget_type=\"text-editor.default\">\n\t\t\t\t<div class=\"elementor-widget-container\">\n\t\t\t\t\t\t\t\t\t<h2>\u00bfPor qu\u00e9 elegirnos?<\/h2><h3>Compromiso real y aut\u00e9ntico:<\/h3><p data-sourcepos=\"7:1-7:202\">Nuestros servicios ofrecen suscriptores, \"me gusta\", visitas y comentarios aut\u00e9nticos de usuarios reales, lo que garantiza el crecimiento org\u00e1nico de su cuenta.<\/p><h3 data-sourcepos=\"7:1-7:202\">Paquetes personalizables:<\/h3><p>Ofrecemos paquetes personalizados que se adaptan a tus necesidades espec\u00edficas y a tu presupuesto, tanto si eres un influencer en ciernes como una marca consolidada. O puedes seleccionar manualmente lo que necesitas y empezar con un servicio espec\u00edfico: t\u00fa eliges.<\/p><h3>Entrega r\u00e1pida y fiable:<\/h3><p>Nuestros eficaces sistemas garantizan la r\u00e1pida prestaci\u00f3n de los servicios de promoci\u00f3n elegidos, ayud\u00e1ndole a alcanzar sus objetivos con rapidez.<\/p><h3><strong>Seguro y confidencial:<\/strong><\/h3><p>Su privacidad y la seguridad de su cuenta son nuestras principales prioridades. Empleamos las \u00faltimas medidas de seguridad para proteger su informaci\u00f3n.<\/p><h2>Nuestros servicios:<\/h2><h3>Abonados:<\/h3><p>Aumente el n\u00famero de seguidores y ampl\u00ede el alcance de su audiencia.<\/p><h3>Me gusta:<\/h3><p>Aumente la popularidad de su contenido y fomente una mayor participaci\u00f3n.<\/p><h3>Vistas:<\/h3><p>Atraiga tr\u00e1fico a sus v\u00eddeos y mejore su visibilidad.<\/p><h3>Observaciones:<\/h3><p>Entabla conversaciones y crea una comunidad m\u00e1s interactiva en torno a tus contenidos.<\/p><h2>C\u00f3mo funciona:<\/h2><ol><li><strong>Elija un paquete:<\/strong> Seleccione los servicios de promoci\u00f3n que se ajusten a sus objetivos. Puedes elegir un paquete ya preparado o seleccionar lo que necesites espec\u00edficamente.<\/li><\/ol>\t\t\t\t\t\t\t\t<\/div>\n\t\t\t\t<\/div>\n\t\t\t\t<div class=\"elementor-element elementor-element-d857521 elementor-widget elementor-widget-image-gallery\" data-id=\"d857521\" data-element_type=\"widget\" data-widget_type=\"image-gallery.default\">\n\t\t\t\t<div class=\"elementor-widget-container\">\n\t\t\t\t\t\t\t<div class=\"elementor-image-gallery\">\n\t\t\t\n\t\t<style type=\"text\/css\">\n\t\t\t#gallery-1 {\n\t\t\t\tmargin: auto;\n\t\t\t}\n\t\t\t#gallery-1 .gallery-item {\n\t\t\t\tfloat: left;\n\t\t\t\tmargin-top: 10px;\n\t\t\t\ttext-align: center;\n\t\t\t\twidth: 100%;\n\t\t\t}\n\t\t\t#gallery-1 img {\n\t\t\t\tborder: 2px solid #cfcfcf;\n\t\t\t}\n\t\t\t#gallery-1 .gallery-caption {\n\t\t\t\tmargin-left: 0;\n\t\t\t}\n\t\t\t\/* see gallery_shortcode() in wp-includes\/media.php *\/\n\t\t<\/style>\n\t\t<div id='gallery-1' class='gallery galleryid-1350 gallery-columns-1 gallery-size-large'><dl class='gallery-item'>\n\t\t\t<dt class='gallery-icon landscape'>\n\t\t\t\t<a data-elementor-open-lightbox=\"yes\" data-elementor-lightbox-slideshow=\"d857521\" data-elementor-lightbox-title=\"tt11\" data-e-action-hash=\"#elementor-action%3Aaction%3Dlightbox%26settings%3DeyJpZCI6MTM1NywidXJsIjoiaHR0cHM6XC9cL2h5cGV1cC5wcm9cL3dwLWNvbnRlbnRcL3VwbG9hZHNcLzIwMjRcLzA4XC90dDExLndlYnAiLCJzbGlkZXNob3ciOiJkODU3NTIxIn0%3D\" href='https:\/\/hypeup.pro\/wp-content\/uploads\/2024\/08\/tt11.webp'><img fetchpriority=\"high\" decoding=\"async\" width=\"1024\" height=\"523\" src=\"https:\/\/hypeup.pro\/wp-content\/uploads\/2024\/08\/tt11-1024x523.webp\" class=\"attachment-large size-large\" alt=\"\" srcset=\"https:\/\/hypeup.pro\/wp-content\/uploads\/2024\/08\/tt11-1024x523.webp 1024w, https:\/\/hypeup.pro\/wp-content\/uploads\/2024\/08\/tt11-300x153.webp 300w, https:\/\/hypeup.pro\/wp-content\/uploads\/2024\/08\/tt11-768x393.webp 768w, https:\/\/hypeup.pro\/wp-content\/uploads\/2024\/08\/tt11-18x9.webp 18w, https:\/\/hypeup.pro\/wp-content\/uploads\/2024\/08\/tt11-600x307.webp 600w, https:\/\/hypeup.pro\/wp-content\/uploads\/2024\/08\/tt11.webp 1354w\" sizes=\"(max-width: 1024px) 100vw, 1024px\" \/><\/a>\n\t\t\t<\/dt><\/dl><br style=\"clear: both\" \/><dl class='gallery-item'>\n\t\t\t<dt class='gallery-icon landscape'>\n\t\t\t\t<a data-elementor-open-lightbox=\"yes\" data-elementor-lightbox-slideshow=\"d857521\" data-elementor-lightbox-title=\"tt12\" data-e-action-hash=\"#elementor-action%3Aaction%3Dlightbox%26settings%3DeyJpZCI6MTM1NiwidXJsIjoiaHR0cHM6XC9cL2h5cGV1cC5wcm9cL3dwLWNvbnRlbnRcL3VwbG9hZHNcLzIwMjRcLzA4XC90dDEyLndlYnAiLCJzbGlkZXNob3ciOiJkODU3NTIxIn0%3D\" href='https:\/\/hypeup.pro\/wp-content\/uploads\/2024\/08\/tt12.webp'><img decoding=\"async\" width=\"1024\" height=\"624\" src=\"https:\/\/hypeup.pro\/wp-content\/uploads\/2024\/08\/tt12-1024x624.webp\" class=\"attachment-large size-large\" alt=\"\" srcset=\"https:\/\/hypeup.pro\/wp-content\/uploads\/2024\/08\/tt12-1024x624.webp 1024w, https:\/\/hypeup.pro\/wp-content\/uploads\/2024\/08\/tt12-300x183.webp 300w, https:\/\/hypeup.pro\/wp-content\/uploads\/2024\/08\/tt12-768x468.webp 768w, https:\/\/hypeup.pro\/wp-content\/uploads\/2024\/08\/tt12-18x12.webp 18w, https:\/\/hypeup.pro\/wp-content\/uploads\/2024\/08\/tt12-600x366.webp 600w, https:\/\/hypeup.pro\/wp-content\/uploads\/2024\/08\/tt12.webp 1337w\" sizes=\"(max-width: 1024px) 100vw, 1024px\" \/><\/a>\n\t\t\t<\/dt><\/dl><br style=\"clear: both\" \/>\n\t\t<\/div>\n\t\t<\/div>\n\t\t\t\t\t\t<\/div>\n\t\t\t\t<\/div>\n\t\t\t\t<div class=\"elementor-element elementor-element-2491997 article_body elementor-widget elementor-widget-text-editor\" data-id=\"2491997\" data-element_type=\"widget\" data-widget_type=\"text-editor.default\">\n\t\t\t\t<div class=\"elementor-widget-container\">\n\t\t\t\t\t\t\t\t\t<ol start=\"2\"><li><strong>Proporcione la informaci\u00f3n de su cuenta: <\/strong>Comparte tu nombre de usuario de TikTok.<\/li><\/ol>\t\t\t\t\t\t\t\t<\/div>\n\t\t\t\t<\/div>\n\t\t\t\t<div class=\"elementor-element elementor-element-85cf7cc elementor-widget elementor-widget-image\" data-id=\"85cf7cc\" data-element_type=\"widget\" data-widget_type=\"image.default\">\n\t\t\t\t<div class=\"elementor-widget-container\">\n\t\t\t\t\t\t\t\t\t\t\t\t\t\t\t<img decoding=\"async\" width=\"776\" height=\"423\" src=\"https:\/\/hypeup.pro\/wp-content\/uploads\/2024\/08\/tt2.webp\" class=\"attachment-large size-large wp-image-1355\" alt=\"\" srcset=\"https:\/\/hypeup.pro\/wp-content\/uploads\/2024\/08\/tt2.webp 776w, https:\/\/hypeup.pro\/wp-content\/uploads\/2024\/08\/tt2-300x164.webp 300w, https:\/\/hypeup.pro\/wp-content\/uploads\/2024\/08\/tt2-768x419.webp 768w, https:\/\/hypeup.pro\/wp-content\/uploads\/2024\/08\/tt2-18x10.webp 18w, https:\/\/hypeup.pro\/wp-content\/uploads\/2024\/08\/tt2-600x327.webp 600w\" sizes=\"(max-width: 776px) 100vw, 776px\" \/>\t\t\t\t\t\t\t\t\t\t\t\t\t\t\t<\/div>\n\t\t\t\t<\/div>\n\t\t\t\t<div class=\"elementor-element elementor-element-3f30282 article_body elementor-widget elementor-widget-text-editor\" data-id=\"3f30282\" data-element_type=\"widget\" data-widget_type=\"text-editor.default\">\n\t\t\t\t<div class=\"elementor-widget-container\">\n\t\t\t\t\t\t\t\t\t<ol start=\"3\"><li><strong>Selecciona v\u00eddeos: <\/strong>Seleccione los puestos para los que desea crear una actividad.<\/li><\/ol>\t\t\t\t\t\t\t\t<\/div>\n\t\t\t\t<\/div>\n\t\t\t\t<div class=\"elementor-element elementor-element-627e97e elementor-widget elementor-widget-image\" data-id=\"627e97e\" data-element_type=\"widget\" data-widget_type=\"image.default\">\n\t\t\t\t<div class=\"elementor-widget-container\">\n\t\t\t\t\t\t\t\t\t\t\t\t\t\t\t<img loading=\"lazy\" decoding=\"async\" width=\"1024\" height=\"554\" src=\"https:\/\/hypeup.pro\/wp-content\/uploads\/2024\/08\/tt3-1024x554.webp\" class=\"attachment-large size-large wp-image-1354\" alt=\"\" srcset=\"https:\/\/hypeup.pro\/wp-content\/uploads\/2024\/08\/tt3-1024x554.webp 1024w, https:\/\/hypeup.pro\/wp-content\/uploads\/2024\/08\/tt3-300x162.webp 300w, https:\/\/hypeup.pro\/wp-content\/uploads\/2024\/08\/tt3-768x416.webp 768w, https:\/\/hypeup.pro\/wp-content\/uploads\/2024\/08\/tt3-18x10.webp 18w, https:\/\/hypeup.pro\/wp-content\/uploads\/2024\/08\/tt3-600x325.webp 600w, https:\/\/hypeup.pro\/wp-content\/uploads\/2024\/08\/tt3.webp 1378w\" sizes=\"(max-width: 1024px) 100vw, 1024px\" \/>\t\t\t\t\t\t\t\t\t\t\t\t\t\t\t<\/div>\n\t\t\t\t<\/div>\n\t\t\t\t<div class=\"elementor-element elementor-element-6e77208 article_body elementor-widget elementor-widget-text-editor\" data-id=\"6e77208\" data-element_type=\"widget\" data-widget_type=\"text-editor.default\">\n\t\t\t\t<div class=\"elementor-widget-container\">\n\t\t\t\t\t\t\t\t\t<ol start=\"4\"><li><strong>Pago completo:<\/strong> Elija un m\u00e9todo de pago seguro para finalizar su pedido.<\/li><\/ol>\t\t\t\t\t\t\t\t<\/div>\n\t\t\t\t<\/div>\n\t\t\t\t<div class=\"elementor-element elementor-element-4567e2a elementor-widget elementor-widget-image\" data-id=\"4567e2a\" data-element_type=\"widget\" data-widget_type=\"image.default\">\n\t\t\t\t<div class=\"elementor-widget-container\">\n\t\t\t\t\t\t\t\t\t\t\t\t\t\t\t<img loading=\"lazy\" decoding=\"async\" width=\"1024\" height=\"461\" src=\"https:\/\/hypeup.pro\/wp-content\/uploads\/2024\/08\/tt4-1024x461.webp\" class=\"attachment-large size-large wp-image-1353\" alt=\"\" srcset=\"https:\/\/hypeup.pro\/wp-content\/uploads\/2024\/08\/tt4-1024x461.webp 1024w, https:\/\/hypeup.pro\/wp-content\/uploads\/2024\/08\/tt4-300x135.webp 300w, https:\/\/hypeup.pro\/wp-content\/uploads\/2024\/08\/tt4-768x346.webp 768w, https:\/\/hypeup.pro\/wp-content\/uploads\/2024\/08\/tt4-18x8.webp 18w, https:\/\/hypeup.pro\/wp-content\/uploads\/2024\/08\/tt4-600x270.webp 600w, https:\/\/hypeup.pro\/wp-content\/uploads\/2024\/08\/tt4.webp 1388w\" sizes=\"(max-width: 1024px) 100vw, 1024px\" \/>\t\t\t\t\t\t\t\t\t\t\t\t\t\t\t<\/div>\n\t\t\t\t<\/div>\n\t\t\t\t<div class=\"elementor-element elementor-element-16daff9 elementor-widget elementor-widget-text-editor\" data-id=\"16daff9\" data-element_type=\"widget\" data-widget_type=\"text-editor.default\">\n\t\t\t\t<div class=\"elementor-widget-container\">\n\t\t\t\t\t\t\t\t\t<ol start=\"5\"><li><strong>Disfrute de los resultados:<\/strong> Si\u00e9ntese y vea c\u00f3mo crece su cuenta a medida que se prestan sus servicios de promoci\u00f3n.<\/li>\n<\/ol>\t\t\t\t\t\t\t\t<\/div>\n\t\t\t\t<\/div>\n\t\t\t\t\t<\/div>\n\t\t<\/div>\n\t\t\t\t\t<\/div>\n\t\t<\/section>\n\t\t\t\t<section class=\"elementor-section elementor-top-section elementor-element elementor-element-5f9fb513 elementor-section-boxed elementor-section-height-default elementor-section-height-default\" data-id=\"5f9fb513\" data-element_type=\"section\">\n\t\t\t\t\t\t<div class=\"elementor-container elementor-column-gap-default\">\n\t\t\t\t\t<div class=\"elementor-column elementor-col-100 elementor-top-column elementor-element elementor-element-656fb7c6\" data-id=\"656fb7c6\" data-element_type=\"column\">\n\t\t\t<div class=\"elementor-widget-wrap elementor-element-populated\">\n\t\t\t\t\t\t<div class=\"elementor-element elementor-element-37c2eb2e elementor-widget elementor-widget-heading\" data-id=\"37c2eb2e\" data-element_type=\"widget\" data-widget_type=\"heading.default\">\n\t\t\t\t<div class=\"elementor-widget-container\">\n\t\t\t\t\t<h4 class=\"elementor-heading-title elementor-size-default\"><span class=\"text-gradient\">\u00a1No pierda la oportunidad de aumentar su audiencia hoy mismo!\n\u00a1Elija su paquete y empiece a crecer!<\/span><\/h4>\t\t\t\t<\/div>\n\t\t\t\t<\/div>\n\t\t\t\t\t<\/div>\n\t\t<\/div>\n\t\t\t\t\t<\/div>\n\t\t<\/section>\n\t\t<div class=\"elementor-element elementor-element-98916a8 e-flex e-con-boxed e-con e-parent\" data-id=\"98916a8\" data-element_type=\"container\">\n\t\t\t\t\t<div class=\"e-con-inner\">\n\t\t\t\t<div class=\"elementor-element elementor-element-aa99e83 elementor-align-center elementor-widget__width-initial btn hero__btn btn-gradient elementor-widget elementor-widget-button\" data-id=\"aa99e83\" data-element_type=\"widget\" data-widget_type=\"button.default\">\n\t\t\t\t<div class=\"elementor-widget-container\">\n\t\t\t\t\t\t\t\t\t<div class=\"elementor-button-wrapper\">\n\t\t\t\t\t<a class=\"elementor-button elementor-button-link elementor-size-sm\" href=\"https:\/\/hypeup.pro\/es\/#socials\">\n\t\t\t\t\t\t<span class=\"elementor-button-content-wrapper\">\n\t\t\t\t\t\t\t\t\t<span class=\"elementor-button-text\">Haz crecer tu TikTok<\/span>\n\t\t\t\t\t<\/span>\n\t\t\t\t\t<\/a>\n\t\t\t\t<\/div>\n\t\t\t\t\t\t\t\t<\/div>\n\t\t\t\t<\/div>\n\t\t\t\t\t<\/div>\n\t\t\t\t<\/div>\n\t\t\t\t<\/div>","protected":false},"excerpt":{"rendered":"<p>Servicios de TikTok \u00bfQuieres llevar tu juego de TikTok al siguiente nivel? No busques m\u00e1s. Ofrecemos una amplia gama de servicios de promoci\u00f3n dise\u00f1ados para impulsar la visibilidad y el compromiso de tu cuenta. Haz crecer tu TikTok \u00bfPor qu\u00e9 elegirnos? Participaci\u00f3n real y aut\u00e9ntica: Nuestros servicios ofrecen suscriptores genuinos, likes, views y comentarios de usuarios reales, [...]<\/p>","protected":false},"author":1,"featured_media":0,"parent":0,"menu_order":0,"comment_status":"closed","ping_status":"closed","template":"elementor_header_footer","meta":{"_acf_changed":false,"footnotes":""},"class_list":["post-1350","page","type-page","status-publish","hentry"],"acf":[],"_links":{"self":[{"href":"https:\/\/hypeup.pro\/es\/wp-json\/wp\/v2\/pages\/1350","targetHints":{"allow":["GET"]}}],"collection":[{"href":"https:\/\/hypeup.pro\/es\/wp-json\/wp\/v2\/pages"}],"about":[{"href":"https:\/\/hypeup.pro\/es\/wp-json\/wp\/v2\/types\/page"}],"author":[{"embeddable":true,"href":"https:\/\/hypeup.pro\/es\/wp-json\/wp\/v2\/users\/1"}],"replies":[{"embeddable":true,"href":"https:\/\/hypeup.pro\/es\/wp-json\/wp\/v2\/comments?post=1350"}],"version-history":[{"count":19,"href":"https:\/\/hypeup.pro\/es\/wp-json\/wp\/v2\/pages\/1350\/revisions"}],"predecessor-version":[{"id":2490,"href":"https:\/\/hypeup.pro\/es\/wp-json\/wp\/v2\/pages\/1350\/revisions\/2490"}],"wp:attachment":[{"href":"https:\/\/hypeup.pro\/es\/wp-json\/wp\/v2\/media?parent=1350"}],"curies":[{"name":"wp","href":"https:\/\/api.w.org\/{rel}","templated":true}]}}