{"id":1350,"date":"2024-08-27T18:32:37","date_gmt":"2024-08-27T14:32:37","guid":{"rendered":"https:\/\/hypeup.pro\/?page_id=1350"},"modified":"2025-02-28T18:21:33","modified_gmt":"2025-02-28T15:21:33","slug":"tiktok","status":"publish","type":"page","link":"https:\/\/hypeup.pro\/fr\/tiktok\/","title":{"rendered":"TikTok"},"content":{"rendered":"<div data-elementor-type=\"wp-page\" data-elementor-id=\"1350\" class=\"elementor elementor-1350\" data-elementor-post-type=\"page\">\n\t\t\t\t\t\t<section class=\"elementor-section elementor-top-section elementor-element elementor-element-17c3de5c elementor-section-boxed elementor-section-height-default elementor-section-height-default\" data-id=\"17c3de5c\" data-element_type=\"section\">\n\t\t\t\t\t\t<div class=\"elementor-container elementor-column-gap-default\">\n\t\t\t\t\t<div class=\"elementor-column elementor-col-100 elementor-top-column elementor-element elementor-element-7ae70b44\" data-id=\"7ae70b44\" data-element_type=\"column\">\n\t\t\t<div class=\"elementor-widget-wrap elementor-element-populated\">\n\t\t\t\t\t\t<div class=\"elementor-element elementor-element-3c2feaed elementor-widget elementor-widget-heading\" data-id=\"3c2feaed\" data-element_type=\"widget\" data-widget_type=\"heading.default\">\n\t\t\t\t<div class=\"elementor-widget-container\">\n\t\t\t\t\t<h1 class=\"elementor-heading-title elementor-size-default\">Services TikTok<\/h1>\t\t\t\t<\/div>\n\t\t\t\t<\/div>\n\t\t\t\t\t<\/div>\n\t\t<\/div>\n\t\t\t\t\t<\/div>\n\t\t<\/section>\n\t\t\t\t<section class=\"elementor-section elementor-top-section elementor-element elementor-element-5f4e1e4c elementor-section-boxed elementor-section-height-default elementor-section-height-default\" data-id=\"5f4e1e4c\" data-element_type=\"section\">\n\t\t\t\t\t\t<div class=\"elementor-container elementor-column-gap-default\">\n\t\t\t\t\t<div class=\"elementor-column elementor-col-100 elementor-top-column elementor-element elementor-element-625f084b\" data-id=\"625f084b\" data-element_type=\"column\">\n\t\t\t<div class=\"elementor-widget-wrap elementor-element-populated\">\n\t\t\t\t\t\t<div class=\"elementor-element elementor-element-6d19b91c elementor-widget elementor-widget-text-editor\" data-id=\"6d19b91c\" data-element_type=\"widget\" data-widget_type=\"text-editor.default\">\n\t\t\t\t<div class=\"elementor-widget-container\">\n\t\t\t\t\t\t\t\t\t<p>Vous souhaitez faire passer votre jeu TikTok au niveau sup\u00e9rieur ? Ne cherchez pas plus loin ! Nous proposons une large gamme de services de promotion con\u00e7us pour stimuler la visibilit\u00e9 et l'engagement de votre compte.<\/p>\t\t\t\t\t\t\t\t<\/div>\n\t\t\t\t<\/div>\n\t\t\t\t\t<\/div>\n\t\t<\/div>\n\t\t\t\t\t<\/div>\n\t\t<\/section>\n\t\t<div class=\"elementor-element elementor-element-af04d93 e-flex e-con-boxed e-con e-parent\" data-id=\"af04d93\" data-element_type=\"container\">\n\t\t\t\t\t<div class=\"e-con-inner\">\n\t\t\t\t<div class=\"elementor-element elementor-element-bb19397 elementor-align-center elementor-widget__width-initial btn hero__btn btn-gradient elementor-widget elementor-widget-button\" data-id=\"bb19397\" data-element_type=\"widget\" data-widget_type=\"button.default\">\n\t\t\t\t<div class=\"elementor-widget-container\">\n\t\t\t\t\t\t\t\t\t<div class=\"elementor-button-wrapper\">\n\t\t\t\t\t<a class=\"elementor-button elementor-button-link elementor-size-sm\" href=\"https:\/\/hypeup.pro\/fr\/#socials\">\n\t\t\t\t\t\t<span class=\"elementor-button-content-wrapper\">\n\t\t\t\t\t\t\t\t\t<span class=\"elementor-button-text\">D\u00e9veloppez votre TikTok<\/span>\n\t\t\t\t\t<\/span>\n\t\t\t\t\t<\/a>\n\t\t\t\t<\/div>\n\t\t\t\t\t\t\t\t<\/div>\n\t\t\t\t<\/div>\n\t\t\t\t\t<\/div>\n\t\t\t\t<\/div>\n\t\t\t\t<section class=\"elementor-section elementor-top-section elementor-element elementor-element-5fef4419 elementor-section-boxed elementor-section-height-default elementor-section-height-default\" data-id=\"5fef4419\" data-element_type=\"section\">\n\t\t\t\t\t\t<div class=\"elementor-container elementor-column-gap-default\">\n\t\t\t\t\t<div class=\"elementor-column elementor-col-100 elementor-top-column elementor-element elementor-element-26ee072f\" data-id=\"26ee072f\" data-element_type=\"column\">\n\t\t\t<div class=\"elementor-widget-wrap elementor-element-populated\">\n\t\t\t\t\t\t<div class=\"elementor-element elementor-element-1cf777b5 article_body elementor-widget elementor-widget-text-editor\" data-id=\"1cf777b5\" data-element_type=\"widget\" data-widget_type=\"text-editor.default\">\n\t\t\t\t<div class=\"elementor-widget-container\">\n\t\t\t\t\t\t\t\t\t<h2>Pourquoi nous choisir ?<\/h2><h3>Engagement r\u00e9el et authentique :<\/h3><p data-sourcepos=\"7:1-7:202\">Nos services proposent des abonn\u00e9s, des likes, des vues et des commentaires authentiques de la part d'utilisateurs r\u00e9els, garantissant ainsi une croissance organique de votre compte.<\/p><h3 data-sourcepos=\"7:1-7:202\">Paquets personnalisables :<\/h3><p>Nous proposons des formules sur mesure pour r\u00e9pondre \u00e0 vos besoins sp\u00e9cifiques et \u00e0 votre budget, que vous soyez un influenceur en herbe ou une marque \u00e9tablie. Vous pouvez \u00e9galement s\u00e9lectionner manuellement ce dont vous avez besoin et d\u00e9marrer avec un service sp\u00e9cifique - c'est vous qui choisissez.<\/p><h3>Livraison rapide et fiable :<\/h3><p>Nos syst\u00e8mes efficaces garantissent une livraison rapide des services de promotion que vous avez choisis, vous aidant ainsi \u00e0 atteindre rapidement vos objectifs.<\/p><h3><strong>S\u00e9curis\u00e9 et confidentiel :<\/strong><\/h3><p>La protection de votre vie priv\u00e9e et la s\u00e9curit\u00e9 de votre compte sont nos principales priorit\u00e9s. Nous utilisons les mesures de s\u00e9curit\u00e9 les plus r\u00e9centes pour prot\u00e9ger vos informations.<\/p><h2>Nos services :<\/h2><h3>Abonn\u00e9s :<\/h3><p>Augmentez votre nombre de followers et \u00e9largissez votre audience.<\/p><h3>Aime :<\/h3><p>Augmentez la popularit\u00e9 de votre contenu et encouragez l'engagement.<\/p><h3>Vues :<\/h3><p>Augmentez le trafic vers vos vid\u00e9os et am\u00e9liorez votre visibilit\u00e9.<\/p><h3>Commentaires :<\/h3><p>Suscitez des conversations et cr\u00e9ez une communaut\u00e9 plus interactive autour de votre contenu.<\/p><h2>Comment cela fonctionne-t-il ?<\/h2><ol><li><strong>Choisissez un forfait :<\/strong> S\u00e9lectionnez le(s) service(s) de promotion qui correspond(ent) \u00e0 vos objectifs. Vous pouvez choisir une offre group\u00e9e ou s\u00e9lectionner ce dont vous avez sp\u00e9cifiquement besoin.<\/li><\/ol>\t\t\t\t\t\t\t\t<\/div>\n\t\t\t\t<\/div>\n\t\t\t\t<div class=\"elementor-element elementor-element-d857521 elementor-widget elementor-widget-image-gallery\" data-id=\"d857521\" data-element_type=\"widget\" data-widget_type=\"image-gallery.default\">\n\t\t\t\t<div class=\"elementor-widget-container\">\n\t\t\t\t\t\t\t<div class=\"elementor-image-gallery\">\n\t\t\t\n\t\t<style type=\"text\/css\">\n\t\t\t#gallery-1 {\n\t\t\t\tmargin: auto;\n\t\t\t}\n\t\t\t#gallery-1 .gallery-item {\n\t\t\t\tfloat: left;\n\t\t\t\tmargin-top: 10px;\n\t\t\t\ttext-align: center;\n\t\t\t\twidth: 100%;\n\t\t\t}\n\t\t\t#gallery-1 img {\n\t\t\t\tborder: 2px solid #cfcfcf;\n\t\t\t}\n\t\t\t#gallery-1 .gallery-caption {\n\t\t\t\tmargin-left: 0;\n\t\t\t}\n\t\t\t\/* see gallery_shortcode() in wp-includes\/media.php *\/\n\t\t<\/style>\n\t\t<div id='gallery-1' class='gallery galleryid-1350 gallery-columns-1 gallery-size-large'><dl class='gallery-item'>\n\t\t\t<dt class='gallery-icon landscape'>\n\t\t\t\t<a data-elementor-open-lightbox=\"yes\" data-elementor-lightbox-slideshow=\"d857521\" data-elementor-lightbox-title=\"tt11\" data-e-action-hash=\"#elementor-action%3Aaction%3Dlightbox%26settings%3DeyJpZCI6MTM1NywidXJsIjoiaHR0cHM6XC9cL2h5cGV1cC5wcm9cL3dwLWNvbnRlbnRcL3VwbG9hZHNcLzIwMjRcLzA4XC90dDExLndlYnAiLCJzbGlkZXNob3ciOiJkODU3NTIxIn0%3D\" href='https:\/\/hypeup.pro\/wp-content\/uploads\/2024\/08\/tt11.webp'><img fetchpriority=\"high\" decoding=\"async\" width=\"1024\" height=\"523\" src=\"https:\/\/hypeup.pro\/wp-content\/uploads\/2024\/08\/tt11-1024x523.webp\" class=\"attachment-large size-large\" alt=\"\" srcset=\"https:\/\/hypeup.pro\/wp-content\/uploads\/2024\/08\/tt11-1024x523.webp 1024w, https:\/\/hypeup.pro\/wp-content\/uploads\/2024\/08\/tt11-300x153.webp 300w, https:\/\/hypeup.pro\/wp-content\/uploads\/2024\/08\/tt11-768x393.webp 768w, https:\/\/hypeup.pro\/wp-content\/uploads\/2024\/08\/tt11-18x9.webp 18w, https:\/\/hypeup.pro\/wp-content\/uploads\/2024\/08\/tt11-600x307.webp 600w, https:\/\/hypeup.pro\/wp-content\/uploads\/2024\/08\/tt11.webp 1354w\" sizes=\"(max-width: 1024px) 100vw, 1024px\" \/><\/a>\n\t\t\t<\/dt><\/dl><br style=\"clear: both\" \/><dl class='gallery-item'>\n\t\t\t<dt class='gallery-icon landscape'>\n\t\t\t\t<a data-elementor-open-lightbox=\"yes\" data-elementor-lightbox-slideshow=\"d857521\" data-elementor-lightbox-title=\"tt12\" data-e-action-hash=\"#elementor-action%3Aaction%3Dlightbox%26settings%3DeyJpZCI6MTM1NiwidXJsIjoiaHR0cHM6XC9cL2h5cGV1cC5wcm9cL3dwLWNvbnRlbnRcL3VwbG9hZHNcLzIwMjRcLzA4XC90dDEyLndlYnAiLCJzbGlkZXNob3ciOiJkODU3NTIxIn0%3D\" href='https:\/\/hypeup.pro\/wp-content\/uploads\/2024\/08\/tt12.webp'><img decoding=\"async\" width=\"1024\" height=\"624\" src=\"https:\/\/hypeup.pro\/wp-content\/uploads\/2024\/08\/tt12-1024x624.webp\" class=\"attachment-large size-large\" alt=\"\" srcset=\"https:\/\/hypeup.pro\/wp-content\/uploads\/2024\/08\/tt12-1024x624.webp 1024w, https:\/\/hypeup.pro\/wp-content\/uploads\/2024\/08\/tt12-300x183.webp 300w, https:\/\/hypeup.pro\/wp-content\/uploads\/2024\/08\/tt12-768x468.webp 768w, https:\/\/hypeup.pro\/wp-content\/uploads\/2024\/08\/tt12-18x12.webp 18w, https:\/\/hypeup.pro\/wp-content\/uploads\/2024\/08\/tt12-600x366.webp 600w, https:\/\/hypeup.pro\/wp-content\/uploads\/2024\/08\/tt12.webp 1337w\" sizes=\"(max-width: 1024px) 100vw, 1024px\" \/><\/a>\n\t\t\t<\/dt><\/dl><br style=\"clear: both\" \/>\n\t\t<\/div>\n\t\t<\/div>\n\t\t\t\t\t\t<\/div>\n\t\t\t\t<\/div>\n\t\t\t\t<div class=\"elementor-element elementor-element-2491997 article_body elementor-widget elementor-widget-text-editor\" data-id=\"2491997\" data-element_type=\"widget\" data-widget_type=\"text-editor.default\">\n\t\t\t\t<div class=\"elementor-widget-container\">\n\t\t\t\t\t\t\t\t\t<ol start=\"2\"><li><strong>Fournir des informations sur votre compte : <\/strong>Partagez votre nom d'utilisateur TikTok.<\/li><\/ol>\t\t\t\t\t\t\t\t<\/div>\n\t\t\t\t<\/div>\n\t\t\t\t<div class=\"elementor-element elementor-element-85cf7cc elementor-widget elementor-widget-image\" data-id=\"85cf7cc\" data-element_type=\"widget\" data-widget_type=\"image.default\">\n\t\t\t\t<div class=\"elementor-widget-container\">\n\t\t\t\t\t\t\t\t\t\t\t\t\t\t\t<img decoding=\"async\" width=\"776\" height=\"423\" src=\"https:\/\/hypeup.pro\/wp-content\/uploads\/2024\/08\/tt2.webp\" class=\"attachment-large size-large wp-image-1355\" alt=\"\" srcset=\"https:\/\/hypeup.pro\/wp-content\/uploads\/2024\/08\/tt2.webp 776w, https:\/\/hypeup.pro\/wp-content\/uploads\/2024\/08\/tt2-300x164.webp 300w, https:\/\/hypeup.pro\/wp-content\/uploads\/2024\/08\/tt2-768x419.webp 768w, https:\/\/hypeup.pro\/wp-content\/uploads\/2024\/08\/tt2-18x10.webp 18w, https:\/\/hypeup.pro\/wp-content\/uploads\/2024\/08\/tt2-600x327.webp 600w\" sizes=\"(max-width: 776px) 100vw, 776px\" \/>\t\t\t\t\t\t\t\t\t\t\t\t\t\t\t<\/div>\n\t\t\t\t<\/div>\n\t\t\t\t<div class=\"elementor-element elementor-element-3f30282 article_body elementor-widget elementor-widget-text-editor\" data-id=\"3f30282\" data-element_type=\"widget\" data-widget_type=\"text-editor.default\">\n\t\t\t\t<div class=\"elementor-widget-container\">\n\t\t\t\t\t\t\t\t\t<ol start=\"3\"><li><strong>S\u00e9lectionner des vid\u00e9os : <\/strong>S\u00e9lectionnez les postes pour lesquels vous souhaitez cr\u00e9er une activit\u00e9.<\/li><\/ol>\t\t\t\t\t\t\t\t<\/div>\n\t\t\t\t<\/div>\n\t\t\t\t<div class=\"elementor-element elementor-element-627e97e elementor-widget elementor-widget-image\" data-id=\"627e97e\" data-element_type=\"widget\" data-widget_type=\"image.default\">\n\t\t\t\t<div class=\"elementor-widget-container\">\n\t\t\t\t\t\t\t\t\t\t\t\t\t\t\t<img loading=\"lazy\" decoding=\"async\" width=\"1024\" height=\"554\" src=\"https:\/\/hypeup.pro\/wp-content\/uploads\/2024\/08\/tt3-1024x554.webp\" class=\"attachment-large size-large wp-image-1354\" alt=\"\" srcset=\"https:\/\/hypeup.pro\/wp-content\/uploads\/2024\/08\/tt3-1024x554.webp 1024w, https:\/\/hypeup.pro\/wp-content\/uploads\/2024\/08\/tt3-300x162.webp 300w, https:\/\/hypeup.pro\/wp-content\/uploads\/2024\/08\/tt3-768x416.webp 768w, https:\/\/hypeup.pro\/wp-content\/uploads\/2024\/08\/tt3-18x10.webp 18w, https:\/\/hypeup.pro\/wp-content\/uploads\/2024\/08\/tt3-600x325.webp 600w, https:\/\/hypeup.pro\/wp-content\/uploads\/2024\/08\/tt3.webp 1378w\" sizes=\"(max-width: 1024px) 100vw, 1024px\" \/>\t\t\t\t\t\t\t\t\t\t\t\t\t\t\t<\/div>\n\t\t\t\t<\/div>\n\t\t\t\t<div class=\"elementor-element elementor-element-6e77208 article_body elementor-widget elementor-widget-text-editor\" data-id=\"6e77208\" data-element_type=\"widget\" data-widget_type=\"text-editor.default\">\n\t\t\t\t<div class=\"elementor-widget-container\">\n\t\t\t\t\t\t\t\t\t<ol start=\"4\"><li><strong>Paiement complet :<\/strong> Choisissez un mode de paiement s\u00e9curis\u00e9 pour finaliser votre commande.<\/li><\/ol>\t\t\t\t\t\t\t\t<\/div>\n\t\t\t\t<\/div>\n\t\t\t\t<div class=\"elementor-element elementor-element-4567e2a elementor-widget elementor-widget-image\" data-id=\"4567e2a\" data-element_type=\"widget\" data-widget_type=\"image.default\">\n\t\t\t\t<div class=\"elementor-widget-container\">\n\t\t\t\t\t\t\t\t\t\t\t\t\t\t\t<img loading=\"lazy\" decoding=\"async\" width=\"1024\" height=\"461\" src=\"https:\/\/hypeup.pro\/wp-content\/uploads\/2024\/08\/tt4-1024x461.webp\" class=\"attachment-large size-large wp-image-1353\" alt=\"\" srcset=\"https:\/\/hypeup.pro\/wp-content\/uploads\/2024\/08\/tt4-1024x461.webp 1024w, https:\/\/hypeup.pro\/wp-content\/uploads\/2024\/08\/tt4-300x135.webp 300w, https:\/\/hypeup.pro\/wp-content\/uploads\/2024\/08\/tt4-768x346.webp 768w, https:\/\/hypeup.pro\/wp-content\/uploads\/2024\/08\/tt4-18x8.webp 18w, https:\/\/hypeup.pro\/wp-content\/uploads\/2024\/08\/tt4-600x270.webp 600w, https:\/\/hypeup.pro\/wp-content\/uploads\/2024\/08\/tt4.webp 1388w\" sizes=\"(max-width: 1024px) 100vw, 1024px\" \/>\t\t\t\t\t\t\t\t\t\t\t\t\t\t\t<\/div>\n\t\t\t\t<\/div>\n\t\t\t\t<div class=\"elementor-element elementor-element-16daff9 elementor-widget elementor-widget-text-editor\" data-id=\"16daff9\" data-element_type=\"widget\" data-widget_type=\"text-editor.default\">\n\t\t\t\t<div class=\"elementor-widget-container\">\n\t\t\t\t\t\t\t\t\t<ol start=\"5\"><li><strong>Appr\u00e9ciez les r\u00e9sultats :<\/strong> Asseyez-vous et regardez votre compte augmenter au fur et \u00e0 mesure que vos services de promotion sont fournis.<\/li>\n<\/ol>\t\t\t\t\t\t\t\t<\/div>\n\t\t\t\t<\/div>\n\t\t\t\t\t<\/div>\n\t\t<\/div>\n\t\t\t\t\t<\/div>\n\t\t<\/section>\n\t\t\t\t<section class=\"elementor-section elementor-top-section elementor-element elementor-element-5f9fb513 elementor-section-boxed elementor-section-height-default elementor-section-height-default\" data-id=\"5f9fb513\" data-element_type=\"section\">\n\t\t\t\t\t\t<div class=\"elementor-container elementor-column-gap-default\">\n\t\t\t\t\t<div class=\"elementor-column elementor-col-100 elementor-top-column elementor-element elementor-element-656fb7c6\" data-id=\"656fb7c6\" data-element_type=\"column\">\n\t\t\t<div class=\"elementor-widget-wrap elementor-element-populated\">\n\t\t\t\t\t\t<div class=\"elementor-element elementor-element-37c2eb2e elementor-widget elementor-widget-heading\" data-id=\"37c2eb2e\" data-element_type=\"widget\" data-widget_type=\"heading.default\">\n\t\t\t\t<div class=\"elementor-widget-container\">\n\t\t\t\t\t<h4 class=\"elementor-heading-title elementor-size-default\"><span class=\"text-gradient\">Ne manquez pas l'occasion de d\u00e9velopper votre audience d\u00e8s aujourd'hui !\nChoisissez votre formule et commencez \u00e0 vous d\u00e9velopper !<\/span><\/h4>\t\t\t\t<\/div>\n\t\t\t\t<\/div>\n\t\t\t\t\t<\/div>\n\t\t<\/div>\n\t\t\t\t\t<\/div>\n\t\t<\/section>\n\t\t<div class=\"elementor-element elementor-element-98916a8 e-flex e-con-boxed e-con e-parent\" data-id=\"98916a8\" data-element_type=\"container\">\n\t\t\t\t\t<div class=\"e-con-inner\">\n\t\t\t\t<div class=\"elementor-element elementor-element-aa99e83 elementor-align-center elementor-widget__width-initial btn hero__btn btn-gradient elementor-widget elementor-widget-button\" data-id=\"aa99e83\" data-element_type=\"widget\" data-widget_type=\"button.default\">\n\t\t\t\t<div class=\"elementor-widget-container\">\n\t\t\t\t\t\t\t\t\t<div class=\"elementor-button-wrapper\">\n\t\t\t\t\t<a class=\"elementor-button elementor-button-link elementor-size-sm\" href=\"https:\/\/hypeup.pro\/fr\/#socials\">\n\t\t\t\t\t\t<span class=\"elementor-button-content-wrapper\">\n\t\t\t\t\t\t\t\t\t<span class=\"elementor-button-text\">D\u00e9veloppez votre TikTok<\/span>\n\t\t\t\t\t<\/span>\n\t\t\t\t\t<\/a>\n\t\t\t\t<\/div>\n\t\t\t\t\t\t\t\t<\/div>\n\t\t\t\t<\/div>\n\t\t\t\t\t<\/div>\n\t\t\t\t<\/div>\n\t\t\t\t<\/div>","protected":false},"excerpt":{"rendered":"<p>Services TikTok Vous souhaitez faire passer votre jeu TikTok au niveau sup\u00e9rieur ? Ne cherchez pas plus loin ! Nous proposons une large gamme de services de promotion con\u00e7us pour stimuler la visibilit\u00e9 et l'engagement de votre compte. D\u00e9veloppez votre TikTok Pourquoi nous choisir ? Engagement r\u00e9el et authentique : Nos services proposent des abonn\u00e9s, des likes, des vues et des commentaires authentiques de la part d'utilisateurs r\u00e9els, [...]<\/p>","protected":false},"author":1,"featured_media":0,"parent":0,"menu_order":0,"comment_status":"closed","ping_status":"closed","template":"elementor_header_footer","meta":{"_acf_changed":false,"footnotes":""},"class_list":["post-1350","page","type-page","status-publish","hentry"],"acf":[],"_links":{"self":[{"href":"https:\/\/hypeup.pro\/fr\/wp-json\/wp\/v2\/pages\/1350","targetHints":{"allow":["GET"]}}],"collection":[{"href":"https:\/\/hypeup.pro\/fr\/wp-json\/wp\/v2\/pages"}],"about":[{"href":"https:\/\/hypeup.pro\/fr\/wp-json\/wp\/v2\/types\/page"}],"author":[{"embeddable":true,"href":"https:\/\/hypeup.pro\/fr\/wp-json\/wp\/v2\/users\/1"}],"replies":[{"embeddable":true,"href":"https:\/\/hypeup.pro\/fr\/wp-json\/wp\/v2\/comments?post=1350"}],"version-history":[{"count":19,"href":"https:\/\/hypeup.pro\/fr\/wp-json\/wp\/v2\/pages\/1350\/revisions"}],"predecessor-version":[{"id":2490,"href":"https:\/\/hypeup.pro\/fr\/wp-json\/wp\/v2\/pages\/1350\/revisions\/2490"}],"wp:attachment":[{"href":"https:\/\/hypeup.pro\/fr\/wp-json\/wp\/v2\/media?parent=1350"}],"curies":[{"name":"wp","href":"https:\/\/api.w.org\/{rel}","templated":true}]}}