{"id":1366,"date":"2024-08-27T19:31:51","date_gmt":"2024-08-27T15:31:51","guid":{"rendered":"https:\/\/hypeup.pro\/?page_id=1366"},"modified":"2025-02-28T18:20:30","modified_gmt":"2025-02-28T15:20:30","slug":"instagram","status":"publish","type":"page","link":"https:\/\/hypeup.pro\/fr\/instagram\/","title":{"rendered":"Instagram"},"content":{"rendered":"<div data-elementor-type=\"wp-page\" data-elementor-id=\"1366\" class=\"elementor elementor-1366\" data-elementor-post-type=\"page\">\n\t\t\t\t\t\t<section class=\"elementor-section elementor-top-section elementor-element elementor-element-f1e0acc elementor-section-boxed elementor-section-height-default elementor-section-height-default\" data-id=\"f1e0acc\" data-element_type=\"section\">\n\t\t\t\t\t\t<div class=\"elementor-container elementor-column-gap-default\">\n\t\t\t\t\t<div class=\"elementor-column elementor-col-100 elementor-top-column elementor-element elementor-element-72706d5\" data-id=\"72706d5\" data-element_type=\"column\">\n\t\t\t<div class=\"elementor-widget-wrap elementor-element-populated\">\n\t\t\t\t\t\t<div class=\"elementor-element elementor-element-89792c1 elementor-widget elementor-widget-heading\" data-id=\"89792c1\" data-element_type=\"widget\" data-widget_type=\"heading.default\">\n\t\t\t\t<div class=\"elementor-widget-container\">\n\t\t\t\t\t<h1 class=\"elementor-heading-title elementor-size-default\">Services Instagram<\/h1>\t\t\t\t<\/div>\n\t\t\t\t<\/div>\n\t\t\t\t\t<\/div>\n\t\t<\/div>\n\t\t\t\t\t<\/div>\n\t\t<\/section>\n\t\t\t\t<section class=\"elementor-section elementor-top-section elementor-element elementor-element-3056a88 elementor-section-boxed elementor-section-height-default elementor-section-height-default\" data-id=\"3056a88\" data-element_type=\"section\">\n\t\t\t\t\t\t<div class=\"elementor-container elementor-column-gap-default\">\n\t\t\t\t\t<div class=\"elementor-column elementor-col-100 elementor-top-column elementor-element elementor-element-19f933a\" data-id=\"19f933a\" data-element_type=\"column\">\n\t\t\t<div class=\"elementor-widget-wrap elementor-element-populated\">\n\t\t\t\t\t\t<div class=\"elementor-element elementor-element-747b56b elementor-widget elementor-widget-text-editor\" data-id=\"747b56b\" data-element_type=\"widget\" data-widget_type=\"text-editor.default\">\n\t\t\t\t<div class=\"elementor-widget-container\">\n\t\t\t\t\t\t\t\t\t<p>\u00cates-vous pr\u00eat \u00e0 dominer le paysage Instagram ? Nos services de promotion premium peuvent vous aider \u00e0 construire une audience massive et engag\u00e9e.<\/p>\t\t\t\t\t\t\t\t<\/div>\n\t\t\t\t<\/div>\n\t\t\t\t\t<\/div>\n\t\t<\/div>\n\t\t\t\t\t<\/div>\n\t\t<\/section>\n\t\t<div class=\"elementor-element elementor-element-03f7239 e-flex e-con-boxed e-con e-parent\" data-id=\"03f7239\" data-element_type=\"container\">\n\t\t\t\t\t<div class=\"e-con-inner\">\n\t\t\t\t<div class=\"elementor-element elementor-element-4144c78 elementor-align-center elementor-widget__width-initial btn hero__btn btn-gradient elementor-widget elementor-widget-button\" data-id=\"4144c78\" data-element_type=\"widget\" data-widget_type=\"button.default\">\n\t\t\t\t<div class=\"elementor-widget-container\">\n\t\t\t\t\t\t\t\t\t<div class=\"elementor-button-wrapper\">\n\t\t\t\t\t<a class=\"elementor-button elementor-button-link elementor-size-sm\" href=\"https:\/\/hypeup.pro\/fr\/#socials\">\n\t\t\t\t\t\t<span class=\"elementor-button-content-wrapper\">\n\t\t\t\t\t\t\t\t\t<span class=\"elementor-button-text\">D\u00e9veloppez votre Instagram<\/span>\n\t\t\t\t\t<\/span>\n\t\t\t\t\t<\/a>\n\t\t\t\t<\/div>\n\t\t\t\t\t\t\t\t<\/div>\n\t\t\t\t<\/div>\n\t\t\t\t\t<\/div>\n\t\t\t\t<\/div>\n\t\t\t\t<section class=\"elementor-section elementor-top-section elementor-element elementor-element-3694b43 elementor-section-boxed elementor-section-height-default elementor-section-height-default\" data-id=\"3694b43\" data-element_type=\"section\">\n\t\t\t\t\t\t<div class=\"elementor-container elementor-column-gap-default\">\n\t\t\t\t\t<div class=\"elementor-column elementor-col-100 elementor-top-column elementor-element elementor-element-cb8fc54\" data-id=\"cb8fc54\" data-element_type=\"column\">\n\t\t\t<div class=\"elementor-widget-wrap elementor-element-populated\">\n\t\t\t\t\t\t<div class=\"elementor-element elementor-element-177275d article_body elementor-widget elementor-widget-text-editor\" data-id=\"177275d\" data-element_type=\"widget\" data-widget_type=\"text-editor.default\">\n\t\t\t\t<div class=\"elementor-widget-container\">\n\t\t\t\t\t\t\t\t\t<h2>Pourquoi nous choisir ?<\/h2><h3><strong>L'engagement authentique :<\/strong><\/h3><p data-sourcepos=\"7:1-7:202\">Nos services fournissent des followers, des likes et des commentaires authentiques de la part d'utilisateurs r\u00e9els, garantissant ainsi une croissance organique et durable de votre compte.<\/p><h3 data-sourcepos=\"7:1-7:202\"><strong>Paquets sur mesure :<\/strong><\/h3><p>Nous proposons des forfaits personnalisables pour r\u00e9pondre \u00e0 vos besoins sp\u00e9cifiques et \u00e0 votre budget, que vous soyez un influenceur en herbe ou une marque chevronn\u00e9e. Vous pouvez \u00e9galement s\u00e9lectionner manuellement ce dont vous avez besoin et commencer par un service sp\u00e9cifique - c'est vous qui choisissez.<\/p><h3>Livraison rapide et fiable :<\/h3><p>Nos syst\u00e8mes efficaces garantissent une livraison rapide des services de promotion que vous avez choisis, vous aidant ainsi \u00e0 atteindre vos objectifs rapidement et efficacement.<\/p><h3><strong>S\u00e9curis\u00e9 et confidentiel :<\/strong><\/h3><p>La protection de votre vie priv\u00e9e et la s\u00e9curit\u00e9 de votre compte sont nos principales priorit\u00e9s. Nous utilisons les mesures de s\u00e9curit\u00e9 les plus r\u00e9centes pour prot\u00e9ger vos informations.<\/p><h2>Nos services :<\/h2><h3>Abonn\u00e9s :<\/h3><p>\u00c9largissez votre audience et augmentez votre visibilit\u00e9.<\/p><h3>Aime :<\/h3><p>Augmentez la popularit\u00e9 de votre contenu et encouragez l'engagement.<\/p><h3>Vues :<\/h3><p>Augmentez le trafic vers vos vid\u00e9os et am\u00e9liorez votre visibilit\u00e9.<\/p><h3>Commentaires :<\/h3><p>Stimulez la discussion et cr\u00e9ez une communaut\u00e9 plus engag\u00e9e autour de votre contenu.<\/p><h2>Comment cela fonctionne-t-il ?<\/h2><ol><li><strong>Choisissez un forfait :<\/strong> S\u00e9lectionnez le(s) service(s) de promotion qui correspond(ent) \u00e0 vos objectifs. Vous pouvez choisir une offre group\u00e9e ou s\u00e9lectionner ce dont vous avez sp\u00e9cifiquement besoin.<\/li><\/ol>\t\t\t\t\t\t\t\t<\/div>\n\t\t\t\t<\/div>\n\t\t\t\t<div class=\"elementor-element elementor-element-6a029d6 elementor-widget elementor-widget-image-gallery\" data-id=\"6a029d6\" data-element_type=\"widget\" data-widget_type=\"image-gallery.default\">\n\t\t\t\t<div class=\"elementor-widget-container\">\n\t\t\t\t\t\t\t<div class=\"elementor-image-gallery\">\n\t\t\t\n\t\t<style type=\"text\/css\">\n\t\t\t#gallery-1 {\n\t\t\t\tmargin: auto;\n\t\t\t}\n\t\t\t#gallery-1 .gallery-item {\n\t\t\t\tfloat: left;\n\t\t\t\tmargin-top: 10px;\n\t\t\t\ttext-align: center;\n\t\t\t\twidth: 50%;\n\t\t\t}\n\t\t\t#gallery-1 img {\n\t\t\t\tborder: 2px solid #cfcfcf;\n\t\t\t}\n\t\t\t#gallery-1 .gallery-caption {\n\t\t\t\tmargin-left: 0;\n\t\t\t}\n\t\t\t\/* see gallery_shortcode() in wp-includes\/media.php *\/\n\t\t<\/style>\n\t\t<div id='gallery-1' class='gallery galleryid-1366 gallery-columns-2 gallery-size-large'><dl class='gallery-item'>\n\t\t\t<dt class='gallery-icon landscape'>\n\t\t\t\t<a data-elementor-open-lightbox=\"yes\" data-elementor-lightbox-slideshow=\"6a029d6\" data-elementor-lightbox-title=\"in1\" data-e-action-hash=\"#elementor-action%3Aaction%3Dlightbox%26settings%3DeyJpZCI6MTM2MiwidXJsIjoiaHR0cHM6XC9cL2h5cGV1cC5wcm9cL3dwLWNvbnRlbnRcL3VwbG9hZHNcLzIwMjRcLzA4XC9pbjEud2VicCIsInNsaWRlc2hvdyI6IjZhMDI5ZDYifQ%3D%3D\" href='https:\/\/hypeup.pro\/wp-content\/uploads\/2024\/08\/in1.webp'><img fetchpriority=\"high\" decoding=\"async\" width=\"1024\" height=\"520\" src=\"https:\/\/hypeup.pro\/wp-content\/uploads\/2024\/08\/in1-1024x520.webp\" class=\"attachment-large size-large\" alt=\"\" srcset=\"https:\/\/hypeup.pro\/wp-content\/uploads\/2024\/08\/in1-1024x520.webp 1024w, https:\/\/hypeup.pro\/wp-content\/uploads\/2024\/08\/in1-300x152.webp 300w, https:\/\/hypeup.pro\/wp-content\/uploads\/2024\/08\/in1-768x390.webp 768w, https:\/\/hypeup.pro\/wp-content\/uploads\/2024\/08\/in1-18x9.webp 18w, https:\/\/hypeup.pro\/wp-content\/uploads\/2024\/08\/in1-600x305.webp 600w, https:\/\/hypeup.pro\/wp-content\/uploads\/2024\/08\/in1.webp 1346w\" sizes=\"(max-width: 1024px) 100vw, 1024px\" \/><\/a>\n\t\t\t<\/dt><\/dl><dl class='gallery-item'>\n\t\t\t<dt class='gallery-icon landscape'>\n\t\t\t\t<a data-elementor-open-lightbox=\"yes\" data-elementor-lightbox-slideshow=\"6a029d6\" data-elementor-lightbox-title=\"in2\" data-e-action-hash=\"#elementor-action%3Aaction%3Dlightbox%26settings%3DeyJpZCI6MTM2NSwidXJsIjoiaHR0cHM6XC9cL2h5cGV1cC5wcm9cL3dwLWNvbnRlbnRcL3VwbG9hZHNcLzIwMjRcLzA4XC9pbjIud2VicCIsInNsaWRlc2hvdyI6IjZhMDI5ZDYifQ%3D%3D\" href='https:\/\/hypeup.pro\/wp-content\/uploads\/2024\/08\/in2.webp'><img decoding=\"async\" width=\"1024\" height=\"630\" src=\"https:\/\/hypeup.pro\/wp-content\/uploads\/2024\/08\/in2-1024x630.webp\" class=\"attachment-large size-large\" alt=\"\" srcset=\"https:\/\/hypeup.pro\/wp-content\/uploads\/2024\/08\/in2-1024x630.webp 1024w, https:\/\/hypeup.pro\/wp-content\/uploads\/2024\/08\/in2-300x184.webp 300w, https:\/\/hypeup.pro\/wp-content\/uploads\/2024\/08\/in2-768x472.webp 768w, https:\/\/hypeup.pro\/wp-content\/uploads\/2024\/08\/in2-18x12.webp 18w, https:\/\/hypeup.pro\/wp-content\/uploads\/2024\/08\/in2-600x369.webp 600w, https:\/\/hypeup.pro\/wp-content\/uploads\/2024\/08\/in2.webp 1345w\" sizes=\"(max-width: 1024px) 100vw, 1024px\" \/><\/a>\n\t\t\t<\/dt><\/dl><br style=\"clear: both\" \/>\n\t\t<\/div>\n\t\t<\/div>\n\t\t\t\t\t\t<\/div>\n\t\t\t\t<\/div>\n\t\t\t\t<div class=\"elementor-element elementor-element-11437ad article_body elementor-widget elementor-widget-text-editor\" data-id=\"11437ad\" data-element_type=\"widget\" data-widget_type=\"text-editor.default\">\n\t\t\t\t<div class=\"elementor-widget-container\">\n\t\t\t\t\t\t\t\t\t<ol start=\"2\"><li><strong>Fournir des informations sur votre compte : <\/strong>Partagez votre nom d'utilisateur Instagram.<\/li><\/ol>\t\t\t\t\t\t\t\t<\/div>\n\t\t\t\t<\/div>\n\t\t\t\t<div class=\"elementor-element elementor-element-5edf9e4 elementor-widget elementor-widget-image\" data-id=\"5edf9e4\" data-element_type=\"widget\" data-widget_type=\"image.default\">\n\t\t\t\t<div class=\"elementor-widget-container\">\n\t\t\t\t\t\t\t\t\t\t\t\t\t\t\t<img decoding=\"async\" width=\"776\" height=\"423\" src=\"https:\/\/hypeup.pro\/wp-content\/uploads\/2024\/08\/tt2.webp\" class=\"attachment-large size-large wp-image-1355\" alt=\"\" srcset=\"https:\/\/hypeup.pro\/wp-content\/uploads\/2024\/08\/tt2.webp 776w, https:\/\/hypeup.pro\/wp-content\/uploads\/2024\/08\/tt2-300x164.webp 300w, https:\/\/hypeup.pro\/wp-content\/uploads\/2024\/08\/tt2-768x419.webp 768w, https:\/\/hypeup.pro\/wp-content\/uploads\/2024\/08\/tt2-18x10.webp 18w, https:\/\/hypeup.pro\/wp-content\/uploads\/2024\/08\/tt2-600x327.webp 600w\" sizes=\"(max-width: 776px) 100vw, 776px\" \/>\t\t\t\t\t\t\t\t\t\t\t\t\t\t\t<\/div>\n\t\t\t\t<\/div>\n\t\t\t\t<div class=\"elementor-element elementor-element-13078ab elementor-widget elementor-widget-text-editor\" data-id=\"13078ab\" data-element_type=\"widget\" data-widget_type=\"text-editor.default\">\n\t\t\t\t<div class=\"elementor-widget-container\">\n\t\t\t\t\t\t\t\t\t<ol start=\"3\"><li><strong>S\u00e9lectionner des vid\u00e9os : <\/strong>S\u00e9lectionnez les publications pour lesquelles vous souhaitez cr\u00e9er une activit\u00e9.<\/li><\/ol>\t\t\t\t\t\t\t\t<\/div>\n\t\t\t\t<\/div>\n\t\t\t\t<div class=\"elementor-element elementor-element-65ad485 elementor-widget elementor-widget-image\" data-id=\"65ad485\" data-element_type=\"widget\" data-widget_type=\"image.default\">\n\t\t\t\t<div class=\"elementor-widget-container\">\n\t\t\t\t\t\t\t\t\t\t\t\t\t\t\t<img loading=\"lazy\" decoding=\"async\" width=\"1024\" height=\"557\" src=\"https:\/\/hypeup.pro\/wp-content\/uploads\/2024\/08\/in3-1024x557.webp\" class=\"attachment-large size-large wp-image-1364\" alt=\"\" srcset=\"https:\/\/hypeup.pro\/wp-content\/uploads\/2024\/08\/in3-1024x557.webp 1024w, https:\/\/hypeup.pro\/wp-content\/uploads\/2024\/08\/in3-300x163.webp 300w, https:\/\/hypeup.pro\/wp-content\/uploads\/2024\/08\/in3-768x418.webp 768w, https:\/\/hypeup.pro\/wp-content\/uploads\/2024\/08\/in3-18x10.webp 18w, https:\/\/hypeup.pro\/wp-content\/uploads\/2024\/08\/in3-600x326.webp 600w, https:\/\/hypeup.pro\/wp-content\/uploads\/2024\/08\/in3.webp 1392w\" sizes=\"(max-width: 1024px) 100vw, 1024px\" \/>\t\t\t\t\t\t\t\t\t\t\t\t\t\t\t<\/div>\n\t\t\t\t<\/div>\n\t\t\t\t<div class=\"elementor-element elementor-element-44fcca6 elementor-widget elementor-widget-text-editor\" data-id=\"44fcca6\" data-element_type=\"widget\" data-widget_type=\"text-editor.default\">\n\t\t\t\t<div class=\"elementor-widget-container\">\n\t\t\t\t\t\t\t\t\t<ol start=\"4\"><li><strong>Paiement complet :<\/strong> Choisissez un mode de paiement s\u00e9curis\u00e9 pour finaliser votre commande.<\/li><\/ol>\t\t\t\t\t\t\t\t<\/div>\n\t\t\t\t<\/div>\n\t\t\t\t<div class=\"elementor-element elementor-element-b270212 elementor-widget elementor-widget-image\" data-id=\"b270212\" data-element_type=\"widget\" data-widget_type=\"image.default\">\n\t\t\t\t<div class=\"elementor-widget-container\">\n\t\t\t\t\t\t\t\t\t\t\t\t\t\t\t<img loading=\"lazy\" decoding=\"async\" width=\"1024\" height=\"456\" src=\"https:\/\/hypeup.pro\/wp-content\/uploads\/2024\/08\/in4-1024x456.webp\" class=\"attachment-large size-large wp-image-1363\" alt=\"\" srcset=\"https:\/\/hypeup.pro\/wp-content\/uploads\/2024\/08\/in4-1024x456.webp 1024w, https:\/\/hypeup.pro\/wp-content\/uploads\/2024\/08\/in4-300x134.webp 300w, https:\/\/hypeup.pro\/wp-content\/uploads\/2024\/08\/in4-768x342.webp 768w, https:\/\/hypeup.pro\/wp-content\/uploads\/2024\/08\/in4-18x8.webp 18w, https:\/\/hypeup.pro\/wp-content\/uploads\/2024\/08\/in4-600x267.webp 600w, https:\/\/hypeup.pro\/wp-content\/uploads\/2024\/08\/in4.webp 1381w\" sizes=\"(max-width: 1024px) 100vw, 1024px\" \/>\t\t\t\t\t\t\t\t\t\t\t\t\t\t\t<\/div>\n\t\t\t\t<\/div>\n\t\t\t\t<div class=\"elementor-element elementor-element-c2dc9e6 elementor-widget elementor-widget-text-editor\" data-id=\"c2dc9e6\" data-element_type=\"widget\" data-widget_type=\"text-editor.default\">\n\t\t\t\t<div class=\"elementor-widget-container\">\n\t\t\t\t\t\t\t\t\t<ol start=\"5\"><li><strong>Asseyez-vous et regardez la magie op\u00e9rer :<\/strong> Votre empire Instagram se d\u00e9veloppera de mani\u00e8re exponentielle gr\u00e2ce \u00e0 nos services de promotion.<\/li><\/ol>\t\t\t\t\t\t\t\t<\/div>\n\t\t\t\t<\/div>\n\t\t\t\t\t<\/div>\n\t\t<\/div>\n\t\t\t\t\t<\/div>\n\t\t<\/section>\n\t\t\t\t<section class=\"elementor-section elementor-top-section elementor-element elementor-element-70d5688 elementor-section-boxed elementor-section-height-default elementor-section-height-default\" data-id=\"70d5688\" data-element_type=\"section\" id=\"final_social_section\">\n\t\t\t\t\t\t<div class=\"elementor-container elementor-column-gap-default\">\n\t\t\t\t\t<div class=\"elementor-column elementor-col-100 elementor-top-column elementor-element elementor-element-c577de8\" data-id=\"c577de8\" data-element_type=\"column\">\n\t\t\t<div class=\"elementor-widget-wrap elementor-element-populated\">\n\t\t\t\t\t\t<div class=\"elementor-element elementor-element-23fdb52 elementor-widget elementor-widget-heading\" data-id=\"23fdb52\" data-element_type=\"widget\" data-widget_type=\"heading.default\">\n\t\t\t\t<div class=\"elementor-widget-container\">\n\t\t\t\t\t<h4 class=\"elementor-heading-title elementor-size-default\"><span class=\"text-gradient\">Ne manquez pas l'occasion de d\u00e9velopper votre audience d\u00e8s aujourd'hui !\nChoisissez votre formule et commencez \u00e0 vous d\u00e9velopper !<\/span><\/h4>\t\t\t\t<\/div>\n\t\t\t\t<\/div>\n\t\t\t\t\t<\/div>\n\t\t<\/div>\n\t\t\t\t\t<\/div>\n\t\t<\/section>\n\t\t<div class=\"elementor-element elementor-element-240657e e-flex e-con-boxed e-con e-parent\" data-id=\"240657e\" data-element_type=\"container\">\n\t\t\t\t\t<div class=\"e-con-inner\">\n\t\t\t\t<div class=\"elementor-element elementor-element-1049fd8 elementor-align-center elementor-widget__width-initial btn hero__btn btn-gradient elementor-widget elementor-widget-button\" data-id=\"1049fd8\" data-element_type=\"widget\" data-widget_type=\"button.default\">\n\t\t\t\t<div class=\"elementor-widget-container\">\n\t\t\t\t\t\t\t\t\t<div class=\"elementor-button-wrapper\">\n\t\t\t\t\t<a class=\"elementor-button elementor-button-link elementor-size-sm\" href=\"https:\/\/hypeup.pro\/fr\/#socials\">\n\t\t\t\t\t\t<span class=\"elementor-button-content-wrapper\">\n\t\t\t\t\t\t\t\t\t<span class=\"elementor-button-text\">D\u00e9veloppez votre Instagram<\/span>\n\t\t\t\t\t<\/span>\n\t\t\t\t\t<\/a>\n\t\t\t\t<\/div>\n\t\t\t\t\t\t\t\t<\/div>\n\t\t\t\t<\/div>\n\t\t\t\t\t<\/div>\n\t\t\t\t<\/div>\n\t\t\t\t<\/div>","protected":false},"excerpt":{"rendered":"<p>Services Instagram \u00cates-vous pr\u00eat \u00e0 dominer le paysage Instagram ? Nos services de promotion premium peuvent vous aider \u00e0 construire un suivi massif et engag\u00e9. D\u00e9veloppez votre Instagram Pourquoi nous choisir ? Engagement authentique : Nos services offrent des followers, des likes et des commentaires authentiques de la part de vrais utilisateurs, garantissant ainsi une croissance organique et durable de votre compte. Des forfaits sur mesure : Nous proposons des forfaits personnalisables [...]<\/p>","protected":false},"author":1,"featured_media":0,"parent":0,"menu_order":0,"comment_status":"closed","ping_status":"closed","template":"elementor_header_footer","meta":{"_acf_changed":false,"footnotes":""},"class_list":["post-1366","page","type-page","status-publish","hentry"],"acf":[],"_links":{"self":[{"href":"https:\/\/hypeup.pro\/fr\/wp-json\/wp\/v2\/pages\/1366","targetHints":{"allow":["GET"]}}],"collection":[{"href":"https:\/\/hypeup.pro\/fr\/wp-json\/wp\/v2\/pages"}],"about":[{"href":"https:\/\/hypeup.pro\/fr\/wp-json\/wp\/v2\/types\/page"}],"author":[{"embeddable":true,"href":"https:\/\/hypeup.pro\/fr\/wp-json\/wp\/v2\/users\/1"}],"replies":[{"embeddable":true,"href":"https:\/\/hypeup.pro\/fr\/wp-json\/wp\/v2\/comments?post=1366"}],"version-history":[{"count":41,"href":"https:\/\/hypeup.pro\/fr\/wp-json\/wp\/v2\/pages\/1366\/revisions"}],"predecessor-version":[{"id":2487,"href":"https:\/\/hypeup.pro\/fr\/wp-json\/wp\/v2\/pages\/1366\/revisions\/2487"}],"wp:attachment":[{"href":"https:\/\/hypeup.pro\/fr\/wp-json\/wp\/v2\/media?parent=1366"}],"curies":[{"name":"wp","href":"https:\/\/api.w.org\/{rel}","templated":true}]}}