{"id":724,"date":"2024-08-21T21:23:38","date_gmt":"2024-08-21T17:23:38","guid":{"rendered":"https:\/\/hypeup.pro\/?page_id=724"},"modified":"2024-10-22T15:47:25","modified_gmt":"2024-10-22T12:47:25","slug":"terms-and-conditions","status":"publish","type":"page","link":"https:\/\/hypeup.pro\/fr\/terms-and-conditions\/","title":{"rendered":"Conditions g\u00e9n\u00e9rales d'utilisation"},"content":{"rendered":"<div data-elementor-type=\"wp-page\" data-elementor-id=\"724\" class=\"elementor elementor-724\" data-elementor-post-type=\"page\">\n\t\t\t\t\t\t<section class=\"elementor-section elementor-top-section elementor-element elementor-element-9a25b08 elementor-section-boxed elementor-section-height-default elementor-section-height-default\" data-id=\"9a25b08\" data-element_type=\"section\">\n\t\t\t\t\t\t<div class=\"elementor-container elementor-column-gap-default\">\n\t\t\t\t\t<div class=\"elementor-column elementor-col-100 elementor-top-column elementor-element elementor-element-40d874a\" data-id=\"40d874a\" data-element_type=\"column\">\n\t\t\t<div class=\"elementor-widget-wrap elementor-element-populated\">\n\t\t\t\t\t\t<div class=\"elementor-element elementor-element-e44b406 elementor-widget elementor-widget-heading\" data-id=\"e44b406\" data-element_type=\"widget\" data-widget_type=\"heading.default\">\n\t\t\t\t<div class=\"elementor-widget-container\">\n\t\t\t\t\t<h1 class=\"elementor-heading-title elementor-size-default\">Conditions g\u00e9n\u00e9rales d'utilisation<\/h1>\t\t\t\t<\/div>\n\t\t\t\t<\/div>\n\t\t\t\t<div class=\"elementor-element elementor-element-56c13eb elementor-widget elementor-widget-text-editor\" data-id=\"56c13eb\" data-element_type=\"widget\" data-widget_type=\"text-editor.default\">\n\t\t\t\t<div class=\"elementor-widget-container\">\n\t\t\t\t\t\t\t\t\t<p>Derni\u00e8re mise \u00e0 jour : 22 octobre 2024<\/p><p>Veuillez lire attentivement ces conditions avant d'utiliser notre service.<\/p>\t\t\t\t\t\t\t\t<\/div>\n\t\t\t\t<\/div>\n\t\t\t\t<div class=\"elementor-element elementor-element-10470ae elementor-widget elementor-widget-heading\" data-id=\"10470ae\" data-element_type=\"widget\" data-widget_type=\"heading.default\">\n\t\t\t\t<div class=\"elementor-widget-container\">\n\t\t\t\t\t<h2 class=\"elementor-heading-title elementor-size-default\">Interpr\u00e9tation et d\u00e9finitions<\/h2>\t\t\t\t<\/div>\n\t\t\t\t<\/div>\n\t\t\t\t<div class=\"elementor-element elementor-element-674e545 elementor-widget elementor-widget-text-editor\" data-id=\"674e545\" data-element_type=\"widget\" data-widget_type=\"text-editor.default\">\n\t\t\t\t<div class=\"elementor-widget-container\">\n\t\t\t\t\t\t\t\t\t<h3>Interpr\u00e9tation<\/h3><p>Les mots dont la lettre initiale est en majuscule ont des significations d\u00e9finies dans les conditions suivantes. Les d\u00e9finitions suivantes ont la m\u00eame signification, qu'elles apparaissent au singulier ou au pluriel.<\/p><h3>D\u00e9finitions<\/h3><p>Aux fins des pr\u00e9sentes conditions g\u00e9n\u00e9rales :<\/p><ul><li><p><strong>Affiliation<\/strong>\u00a0d\u00e9signe une entit\u00e9 qui contr\u00f4le, est contr\u00f4l\u00e9e par ou est sous contr\u00f4le commun avec une partie, le terme \"contr\u00f4le\" d\u00e9signant la propri\u00e9t\u00e9 d'au moins 50% des actions, participations ou autres titres donnant droit \u00e0 un vote pour l'\u00e9lection des administrateurs ou d'autres responsables de la gestion.<\/p><\/li><li><p><strong>Pays<\/strong>\u00a0se r\u00e9f\u00e8re \u00e0 : l'Estonie<\/p><\/li><li><p><strong>Entreprise<\/strong>\u00a0(d\u00e9nomm\u00e9e \"la soci\u00e9t\u00e9\", \"nous\", \"notre\" ou \"nos\" dans le pr\u00e9sent accord) fait r\u00e9f\u00e9rence \u00e0 MANUTEAM O\u00dc, Toompuiestee 17A, 10137 TALLINN - ESTONIE.<\/p><\/li><li><p><strong>Dispositif<\/strong>\u00a0d\u00e9signe tout appareil pouvant acc\u00e9der au Service, tel qu'un ordinateur, un t\u00e9l\u00e9phone portable ou une tablette num\u00e9rique.<\/p><\/li><li><p><strong>Service<\/strong>\u00a0fait r\u00e9f\u00e9rence au site web.<\/p><\/li><li><p><strong>Conditions g\u00e9n\u00e9rales d'utilisation<\/strong>\u00a0(\u00e9galement appel\u00e9es \"conditions\"), les pr\u00e9sentes conditions g\u00e9n\u00e9rales qui constituent l'int\u00e9gralit\u00e9 de l'accord entre vous et la soci\u00e9t\u00e9 concernant l'utilisation du service. Les pr\u00e9sentes conditions ont \u00e9t\u00e9 \u00e9labor\u00e9es avec l'aide de l'Agence europ\u00e9enne pour la s\u00e9curit\u00e9 et la sant\u00e9 au travail (ESA).\u00a0<a href=\"https:\/\/www.termsfeed.com\/terms-conditions-generator\/\" target=\"_blank\" rel=\"noopener\">Conditions g\u00e9n\u00e9rales G\u00e9n\u00e9rateur<\/a>.<\/p><\/li><li><p><strong>Service de m\u00e9dias sociaux tiers<\/strong>\u00a0d\u00e9signe tout service ou contenu (y compris les donn\u00e9es, informations, produits ou services) fourni par un tiers qui peut \u00eatre affich\u00e9, inclus ou mis \u00e0 disposition par le service.<\/p><\/li><li><p><strong>Site web<\/strong>\u00a0renvoie \u00e0 HypeUp.pro, accessible \u00e0 partir de\u00a0<a href=\"https:\/\/hypeup.pro\/fr\/\" target=\"_blank\" rel=\"external nofollow noopener\">https:\/\/hypeup.pro<\/a><\/p><\/li><li><p><strong>Vous<\/strong>\u00a0d\u00e9signe la personne qui acc\u00e8de au service ou l'utilise, ou la soci\u00e9t\u00e9 ou autre entit\u00e9 juridique au nom de laquelle cette personne acc\u00e8de au service ou l'utilise, selon le cas.<\/p><\/li><\/ul>\t\t\t\t\t\t\t\t<\/div>\n\t\t\t\t<\/div>\n\t\t\t\t<div class=\"elementor-element elementor-element-b59114b elementor-widget elementor-widget-heading\" data-id=\"b59114b\" data-element_type=\"widget\" data-widget_type=\"heading.default\">\n\t\t\t\t<div class=\"elementor-widget-container\">\n\t\t\t\t\t<h2 class=\"elementor-heading-title elementor-size-default\">Remerciements<\/h2>\t\t\t\t<\/div>\n\t\t\t\t<\/div>\n\t\t\t\t<div class=\"elementor-element elementor-element-b90d8d9 elementor-widget elementor-widget-text-editor\" data-id=\"b90d8d9\" data-element_type=\"widget\" data-widget_type=\"text-editor.default\">\n\t\t\t\t<div class=\"elementor-widget-container\">\n\t\t\t\t\t\t\t\t\t<p>Les pr\u00e9sentes conditions g\u00e9n\u00e9rales r\u00e9gissent l'utilisation de ce service et constituent l'accord conclu entre vous et la soci\u00e9t\u00e9. Ces conditions d\u00e9finissent les droits et les obligations de tous les utilisateurs en ce qui concerne l'utilisation du service.<\/p><p>Votre acc\u00e8s au service et son utilisation sont subordonn\u00e9s \u00e0 votre acceptation et au respect des pr\u00e9sentes conditions g\u00e9n\u00e9rales. Ces conditions s'appliquent \u00e0 tous les visiteurs, utilisateurs et autres personnes qui acc\u00e8dent au service ou l'utilisent.<\/p><p>En acc\u00e9dant au service ou en l'utilisant, vous acceptez d'\u00eatre li\u00e9 par les pr\u00e9sentes conditions g\u00e9n\u00e9rales. Si vous n'\u00eates pas d'accord avec une partie de ces conditions, vous ne pouvez pas acc\u00e9der au service.<\/p><p>Vous d\u00e9clarez \u00eatre \u00e2g\u00e9 de plus de 18 ans. La soci\u00e9t\u00e9 n'autorise pas les personnes de moins de 18 ans \u00e0 utiliser le service.<\/p><p>Votre acc\u00e8s et votre utilisation du Service sont \u00e9galement conditionn\u00e9s par votre acceptation et votre respect de la Politique de confidentialit\u00e9 de la Soci\u00e9t\u00e9. Notre politique de confidentialit\u00e9 d\u00e9crit nos politiques et proc\u00e9dures en mati\u00e8re de collecte, d'utilisation et de divulgation de vos informations personnelles lorsque vous utilisez l'application ou le site Web et vous informe de vos droits en mati\u00e8re de confidentialit\u00e9 et de la mani\u00e8re dont la loi vous prot\u00e8ge. Veuillez lire attentivement notre politique de confidentialit\u00e9 avant d'utiliser notre service.<\/p>\t\t\t\t\t\t\t\t<\/div>\n\t\t\t\t<\/div>\n\t\t\t\t<div class=\"elementor-element elementor-element-a1529f2 elementor-widget elementor-widget-heading\" data-id=\"a1529f2\" data-element_type=\"widget\" data-widget_type=\"heading.default\">\n\t\t\t\t<div class=\"elementor-widget-container\">\n\t\t\t\t\t<h2 class=\"elementor-heading-title elementor-size-default\">Liens vers d'autres sites web<\/h2>\t\t\t\t<\/div>\n\t\t\t\t<\/div>\n\t\t\t\t<div class=\"elementor-element elementor-element-dadc02b elementor-widget elementor-widget-text-editor\" data-id=\"dadc02b\" data-element_type=\"widget\" data-widget_type=\"text-editor.default\">\n\t\t\t\t<div class=\"elementor-widget-container\">\n\t\t\t\t\t\t\t\t\t<p>Notre service peut contenir des liens vers des sites web ou des services de tiers qui ne sont pas d\u00e9tenus ou contr\u00f4l\u00e9s par la soci\u00e9t\u00e9.<\/p><p>La soci\u00e9t\u00e9 n'a aucun contr\u00f4le sur le contenu, les politiques de confidentialit\u00e9 ou les pratiques des sites web ou services de tiers et n'assume aucune responsabilit\u00e9 \u00e0 cet \u00e9gard. Vous reconnaissez et acceptez en outre que la Soci\u00e9t\u00e9 ne peut \u00eatre tenue responsable, directement ou indirectement, de tout dommage ou perte caus\u00e9 ou suppos\u00e9 caus\u00e9 par ou en rapport avec l'utilisation ou la confiance accord\u00e9e \u00e0 tout contenu, bien ou service disponible sur ou par l'interm\u00e9diaire de ces sites web ou services.<\/p><p>Nous vous conseillons vivement de lire les conditions g\u00e9n\u00e9rales et les politiques de confidentialit\u00e9 de tout site web ou service tiers que vous visitez.<\/p>\t\t\t\t\t\t\t\t<\/div>\n\t\t\t\t<\/div>\n\t\t\t\t<div class=\"elementor-element elementor-element-2d3f2ae elementor-widget elementor-widget-heading\" data-id=\"2d3f2ae\" data-element_type=\"widget\" data-widget_type=\"heading.default\">\n\t\t\t\t<div class=\"elementor-widget-container\">\n\t\t\t\t\t<h2 class=\"elementor-heading-title elementor-size-default\">Cessation d'activit\u00e9<\/h2>\t\t\t\t<\/div>\n\t\t\t\t<\/div>\n\t\t\t\t<div class=\"elementor-element elementor-element-6c97d20 elementor-widget elementor-widget-text-editor\" data-id=\"6c97d20\" data-element_type=\"widget\" data-widget_type=\"text-editor.default\">\n\t\t\t\t<div class=\"elementor-widget-container\">\n\t\t\t\t\t\t\t\t\t<p>Nous pouvons r\u00e9silier ou suspendre votre acc\u00e8s imm\u00e9diatement, sans pr\u00e9avis ni responsabilit\u00e9, pour quelque raison que ce soit, y compris, mais sans s'y limiter, si vous enfreignez les pr\u00e9sentes conditions g\u00e9n\u00e9rales.<\/p><p>En cas de r\u00e9siliation, votre droit d'utiliser le service cessera imm\u00e9diatement.<\/p>\t\t\t\t\t\t\t\t<\/div>\n\t\t\t\t<\/div>\n\t\t\t\t<div class=\"elementor-element elementor-element-01175e5 elementor-widget elementor-widget-heading\" data-id=\"01175e5\" data-element_type=\"widget\" data-widget_type=\"heading.default\">\n\t\t\t\t<div class=\"elementor-widget-container\">\n\t\t\t\t\t<h2 class=\"elementor-heading-title elementor-size-default\">Limitation de la responsabilit\u00e9<\/h2>\t\t\t\t<\/div>\n\t\t\t\t<\/div>\n\t\t\t\t<div class=\"elementor-element elementor-element-fdcd70e elementor-widget elementor-widget-text-editor\" data-id=\"fdcd70e\" data-element_type=\"widget\" data-widget_type=\"text-editor.default\">\n\t\t\t\t<div class=\"elementor-widget-container\">\n\t\t\t\t\t\t\t\t\t<p>Nonobstant tout dommage que vous pourriez subir, l'enti\u00e8re responsabilit\u00e9 de la Soci\u00e9t\u00e9 et de ses fournisseurs en vertu de toute disposition des pr\u00e9sentes conditions et votre recours exclusif pour tout ce qui pr\u00e9c\u00e8de seront limit\u00e9s au montant effectivement pay\u00e9 par vous par l'interm\u00e9diaire du service.<\/p><p>Dans toute la mesure permise par la loi applicable, la Soci\u00e9t\u00e9 ou ses fournisseurs ne peuvent en aucun cas \u00eatre tenus responsables des dommages sp\u00e9ciaux, accessoires, indirects ou cons\u00e9cutifs quels qu'ils soient (y compris, mais sans s'y limiter, les dommages pour perte de b\u00e9n\u00e9fices, perte de donn\u00e9es ou d'autres informations, pour interruption d'activit\u00e9, pour pr\u00e9judice corporel, etc, la perte de vie priv\u00e9e r\u00e9sultant de l'utilisation ou de l'incapacit\u00e9 d'utiliser le service, les logiciels de tiers et\/ou le mat\u00e9riel de tiers utilis\u00e9s avec le service, ou en rapport avec toute disposition des pr\u00e9sentes conditions), m\u00eame si la soci\u00e9t\u00e9 ou un fournisseur a \u00e9t\u00e9 inform\u00e9 de la possibilit\u00e9 de tels dommages et m\u00eame si le rem\u00e8de n'a pas atteint son objectif essentiel.<\/p>\t\t\t\t\t\t\t\t<\/div>\n\t\t\t\t<\/div>\n\t\t\t\t<div class=\"elementor-element elementor-element-bc59314 elementor-widget elementor-widget-heading\" data-id=\"bc59314\" data-element_type=\"widget\" data-widget_type=\"heading.default\">\n\t\t\t\t<div class=\"elementor-widget-container\">\n\t\t\t\t\t<h2 class=\"elementor-heading-title elementor-size-default\">Clause de non-responsabilit\u00e9 \"TELS QUELS\" et \"TELS QUE DISPONIBLES\".<\/h2>\t\t\t\t<\/div>\n\t\t\t\t<\/div>\n\t\t\t\t<div class=\"elementor-element elementor-element-6ed585d elementor-widget elementor-widget-text-editor\" data-id=\"6ed585d\" data-element_type=\"widget\" data-widget_type=\"text-editor.default\">\n\t\t\t\t<div class=\"elementor-widget-container\">\n\t\t\t\t\t\t\t\t\t<p>Le Service vous est fourni \"TEL QUEL\" et \"TEL QUE DISPONIBLE\", avec tous les d\u00e9fauts et toutes les d\u00e9ficiences, sans garantie d'aucune sorte. Dans toute la mesure permise par le droit applicable, la Soci\u00e9t\u00e9, en son nom propre et au nom de ses soci\u00e9t\u00e9s affili\u00e9es et de ses conc\u00e9dants de licence et fournisseurs de services respectifs, d\u00e9cline express\u00e9ment toute garantie, expresse, implicite, l\u00e9gale ou autre, concernant le Service, y compris toute garantie implicite de qualit\u00e9 marchande, d'ad\u00e9quation \u00e0 un usage particulier, de titre et d'absence de contrefa\u00e7on, ainsi que les garanties pouvant r\u00e9sulter de la conduite habituelle, des performances, de l'usage ou de la pratique commerciale. Sans pr\u00e9judice de ce qui pr\u00e9c\u00e8de, la Soci\u00e9t\u00e9 ne fournit aucune garantie, ne prend aucun engagement et ne fait aucune d\u00e9claration de quelque nature que ce soit quant au fait que le Service r\u00e9pondra \u00e0 vos exigences, atteindra les r\u00e9sultats escompt\u00e9s, sera compatible ou fonctionnera avec tout autre logiciel, application, syst\u00e8me ou service, fonctionnera sans interruption, r\u00e9pondra \u00e0 toute norme de performance ou de fiabilit\u00e9 ou sera exempt d'erreur, ou que toute erreur ou tout d\u00e9faut peut \u00eatre ou sera corrig\u00e9.<\/p><p>Sans limiter la port\u00e9e de ce qui pr\u00e9c\u00e8de, ni la soci\u00e9t\u00e9 ni aucun de ses fournisseurs ne font de d\u00e9claration ou ne donnent de garantie de quelque nature que ce soit, expresse ou implicite : (i) quant au fonctionnement ou \u00e0 la disponibilit\u00e9 du service, ou des informations, du contenu et des mat\u00e9riaux ou produits qui y sont inclus ; (ii) quant au fait que le service sera ininterrompu ou exempt d'erreurs ; (iii) quant \u00e0 l'exactitude, la fiabilit\u00e9 ou l'actualit\u00e9 de toute information ou de tout contenu fourni par l'interm\u00e9diaire du service ; ou (iv) quant au fait que le service, ses serveurs, le contenu ou les courriers \u00e9lectroniques envoy\u00e9s par la soci\u00e9t\u00e9 ou en son nom sont exempts de virus, de scripts, de chevaux de Troie, de vers, de logiciels malveillants, de bombes \u00e0 retardement ou d'autres composants nocifs.<\/p><p>Certaines juridictions n'autorisent pas l'exclusion de certains types de garanties ou la limitation des droits statutaires applicables \u00e0 un consommateur, de sorte que tout ou partie des exclusions et limitations susmentionn\u00e9es peuvent ne pas s'appliquer \u00e0 vous. Mais dans un tel cas, les exclusions et limitations \u00e9nonc\u00e9es dans la pr\u00e9sente section seront appliqu\u00e9es dans la plus large mesure possible en vertu de la loi applicable.<\/p>\t\t\t\t\t\t\t\t<\/div>\n\t\t\t\t<\/div>\n\t\t\t\t<div class=\"elementor-element elementor-element-2309d80 elementor-widget elementor-widget-heading\" data-id=\"2309d80\" data-element_type=\"widget\" data-widget_type=\"heading.default\">\n\t\t\t\t<div class=\"elementor-widget-container\">\n\t\t\t\t\t<h2 class=\"elementor-heading-title elementor-size-default\">Droit applicable<\/h2>\t\t\t\t<\/div>\n\t\t\t\t<\/div>\n\t\t\t\t<div class=\"elementor-element elementor-element-fefa24c elementor-widget elementor-widget-text-editor\" data-id=\"fefa24c\" data-element_type=\"widget\" data-widget_type=\"text-editor.default\">\n\t\t\t\t<div class=\"elementor-widget-container\">\n\t\t\t\t\t\t\t\t\t<p>Les lois du pays, \u00e0 l'exclusion des r\u00e8gles de conflit de lois, r\u00e9gissent les pr\u00e9sentes conditions et votre utilisation du service. Votre utilisation de l'application peut \u00e9galement \u00eatre soumise \u00e0 d'autres lois locales, r\u00e9gionales, nationales ou internationales.<\/p>\t\t\t\t\t\t\t\t<\/div>\n\t\t\t\t<\/div>\n\t\t\t\t<div class=\"elementor-element elementor-element-0a36eee elementor-widget elementor-widget-heading\" data-id=\"0a36eee\" data-element_type=\"widget\" data-widget_type=\"heading.default\">\n\t\t\t\t<div class=\"elementor-widget-container\">\n\t\t\t\t\t<h2 class=\"elementor-heading-title elementor-size-default\">R\u00e9solution des litiges<\/h2>\t\t\t\t<\/div>\n\t\t\t\t<\/div>\n\t\t\t\t<div class=\"elementor-element elementor-element-f5258d9 elementor-widget elementor-widget-text-editor\" data-id=\"f5258d9\" data-element_type=\"widget\" data-widget_type=\"text-editor.default\">\n\t\t\t\t<div class=\"elementor-widget-container\">\n\t\t\t\t\t\t\t\t\t<p>En cas de probl\u00e8me ou de litige concernant le Service, vous acceptez de tenter d'abord de r\u00e9soudre le litige de mani\u00e8re informelle en contactant la Soci\u00e9t\u00e9.<\/p>\t\t\t\t\t\t\t\t<\/div>\n\t\t\t\t<\/div>\n\t\t\t\t<div class=\"elementor-element elementor-element-b7c1312 elementor-widget elementor-widget-heading\" data-id=\"b7c1312\" data-element_type=\"widget\" data-widget_type=\"heading.default\">\n\t\t\t\t<div class=\"elementor-widget-container\">\n\t\t\t\t\t<h2 class=\"elementor-heading-title elementor-size-default\">Pour les utilisateurs de l'Union europ\u00e9enne (UE)<\/h2>\t\t\t\t<\/div>\n\t\t\t\t<\/div>\n\t\t\t\t<div class=\"elementor-element elementor-element-8ef5158 elementor-widget elementor-widget-text-editor\" data-id=\"8ef5158\" data-element_type=\"widget\" data-widget_type=\"text-editor.default\">\n\t\t\t\t<div class=\"elementor-widget-container\">\n\t\t\t\t\t\t\t\t\t<p>Si vous \u00eates un consommateur de l'Union europ\u00e9enne, vous b\u00e9n\u00e9ficierez de toutes les dispositions obligatoires de la loi du pays dans lequel vous r\u00e9sidez.<\/p>\t\t\t\t\t\t\t\t<\/div>\n\t\t\t\t<\/div>\n\t\t\t\t<div class=\"elementor-element elementor-element-c08f575 elementor-widget elementor-widget-heading\" data-id=\"c08f575\" data-element_type=\"widget\" data-widget_type=\"heading.default\">\n\t\t\t\t<div class=\"elementor-widget-container\">\n\t\t\t\t\t<h2 class=\"elementor-heading-title elementor-size-default\">\u00c9tats-Unis Conformit\u00e9 juridique<\/h2>\t\t\t\t<\/div>\n\t\t\t\t<\/div>\n\t\t\t\t<div class=\"elementor-element elementor-element-fc4a208 elementor-widget elementor-widget-text-editor\" data-id=\"fc4a208\" data-element_type=\"widget\" data-widget_type=\"text-editor.default\">\n\t\t\t\t<div class=\"elementor-widget-container\">\n\t\t\t\t\t\t\t\t\t<p>Vous d\u00e9clarez et garantissez que (i) vous n'\u00eates pas situ\u00e9 dans un pays soumis \u00e0 l'embargo du gouvernement des \u00c9tats-Unis ou qui a \u00e9t\u00e9 d\u00e9sign\u00e9 par le gouvernement des \u00c9tats-Unis comme un pays soutenant le terrorisme, et (ii) vous ne figurez sur aucune liste de parties interdites ou soumises \u00e0 des restrictions \u00e9tablie par le gouvernement des \u00c9tats-Unis.<\/p>\t\t\t\t\t\t\t\t<\/div>\n\t\t\t\t<\/div>\n\t\t\t\t<div class=\"elementor-element elementor-element-0af0e13 elementor-widget elementor-widget-heading\" data-id=\"0af0e13\" data-element_type=\"widget\" data-widget_type=\"heading.default\">\n\t\t\t\t<div class=\"elementor-widget-container\">\n\t\t\t\t\t<h2 class=\"elementor-heading-title elementor-size-default\">Divisibilit\u00e9 et renonciation\n<\/h2>\t\t\t\t<\/div>\n\t\t\t\t<\/div>\n\t\t\t\t<div class=\"elementor-element elementor-element-764bf85 elementor-widget elementor-widget-text-editor\" data-id=\"764bf85\" data-element_type=\"widget\" data-widget_type=\"text-editor.default\">\n\t\t\t\t<div class=\"elementor-widget-container\">\n\t\t\t\t\t\t\t\t\t<h3>S\u00e9v\u00e9rit\u00e9<\/h3><p>Si une disposition des pr\u00e9sentes conditions est jug\u00e9e inapplicable ou invalide, cette disposition sera modifi\u00e9e et interpr\u00e9t\u00e9e de mani\u00e8re \u00e0 atteindre les objectifs de cette disposition dans toute la mesure du possible en vertu de la l\u00e9gislation applicable, et les autres dispositions resteront pleinement en vigueur.<\/p><h3>Renonciation<\/h3><p>Sauf dans les cas pr\u00e9vus par les pr\u00e9sentes, le fait de ne pas exercer un droit ou de ne pas exiger l'ex\u00e9cution d'une obligation en vertu des pr\u00e9sentes conditions n'affecte pas la capacit\u00e9 d'une partie \u00e0 exercer ce droit ou \u00e0 exiger cette ex\u00e9cution \u00e0 tout moment par la suite, et la renonciation \u00e0 une violation ne constitue pas une renonciation \u00e0 toute violation ult\u00e9rieure.<\/p>\t\t\t\t\t\t\t\t<\/div>\n\t\t\t\t<\/div>\n\t\t\t\t<div class=\"elementor-element elementor-element-8c13a78 elementor-widget elementor-widget-heading\" data-id=\"8c13a78\" data-element_type=\"widget\" data-widget_type=\"heading.default\">\n\t\t\t\t<div class=\"elementor-widget-container\">\n\t\t\t\t\t<h2 class=\"elementor-heading-title elementor-size-default\">Traduction Interpr\u00e9tation<\/h2>\t\t\t\t<\/div>\n\t\t\t\t<\/div>\n\t\t\t\t<div class=\"elementor-element elementor-element-f4c6120 elementor-widget elementor-widget-text-editor\" data-id=\"f4c6120\" data-element_type=\"widget\" data-widget_type=\"text-editor.default\">\n\t\t\t\t<div class=\"elementor-widget-container\">\n\t\t\t\t\t\t\t\t\t<p>Les pr\u00e9sentes conditions g\u00e9n\u00e9rales peuvent avoir \u00e9t\u00e9 traduites si nous les avons mises \u00e0 votre disposition sur notre service. Vous acceptez que le texte original en anglais pr\u00e9vale en cas de litige.<\/p>\t\t\t\t\t\t\t\t<\/div>\n\t\t\t\t<\/div>\n\t\t\t\t<div class=\"elementor-element elementor-element-0e9a7fb elementor-widget elementor-widget-heading\" data-id=\"0e9a7fb\" data-element_type=\"widget\" data-widget_type=\"heading.default\">\n\t\t\t\t<div class=\"elementor-widget-container\">\n\t\t\t\t\t<h2 class=\"elementor-heading-title elementor-size-default\">Modifications des pr\u00e9sentes conditions g\u00e9n\u00e9rales<\/h2>\t\t\t\t<\/div>\n\t\t\t\t<\/div>\n\t\t\t\t<div class=\"elementor-element elementor-element-2a2124d elementor-widget elementor-widget-text-editor\" data-id=\"2a2124d\" data-element_type=\"widget\" data-widget_type=\"text-editor.default\">\n\t\t\t\t<div class=\"elementor-widget-container\">\n\t\t\t\t\t\t\t\t\t<p>Nous nous r\u00e9servons le droit, \u00e0 notre seule discr\u00e9tion, de modifier ou de remplacer les pr\u00e9sentes conditions \u00e0 tout moment. Si une r\u00e9vision est importante, nous nous efforcerons de fournir un pr\u00e9avis d'au moins 30 jours avant l'entr\u00e9e en vigueur des nouvelles conditions. La d\u00e9finition de ce qui constitue une modification substantielle est laiss\u00e9e \u00e0 notre seule discr\u00e9tion.<\/p><p>En continuant \u00e0 acc\u00e9der \u00e0 notre service ou \u00e0 l'utiliser apr\u00e8s l'entr\u00e9e en vigueur de ces r\u00e9visions, vous acceptez d'\u00eatre li\u00e9 par les conditions r\u00e9vis\u00e9es. Si vous n'acceptez pas les nouvelles conditions, en tout ou en partie, veuillez cesser d'utiliser le site web et le service.<\/p>\t\t\t\t\t\t\t\t<\/div>\n\t\t\t\t<\/div>\n\t\t\t\t<div class=\"elementor-element elementor-element-d919b78 elementor-widget elementor-widget-heading\" data-id=\"d919b78\" data-element_type=\"widget\" data-widget_type=\"heading.default\">\n\t\t\t\t<div class=\"elementor-widget-container\">\n\t\t\t\t\t<h2 class=\"elementor-heading-title elementor-size-default\">Nous contacter<\/h2>\t\t\t\t<\/div>\n\t\t\t\t<\/div>\n\t\t\t\t<div class=\"elementor-element elementor-element-9fcf733 elementor-widget elementor-widget-text-editor\" data-id=\"9fcf733\" data-element_type=\"widget\" data-widget_type=\"text-editor.default\">\n\t\t\t\t<div class=\"elementor-widget-container\">\n\t\t\t\t\t\t\t\t\t<p>Si vous avez des questions concernant les pr\u00e9sentes conditions g\u00e9n\u00e9rales, vous pouvez nous contacter par courrier \u00e9lectronique : <a href=\"mailto:info@hypeup.pro\">info@hypeup.pro<\/a><\/p>\t\t\t\t\t\t\t\t<\/div>\n\t\t\t\t<\/div>\n\t\t\t\t\t<\/div>\n\t\t<\/div>\n\t\t\t\t\t<\/div>\n\t\t<\/section>\n\t\t\t\t<\/div>","protected":false},"excerpt":{"rendered":"<p>Conditions g\u00e9n\u00e9rales Derni\u00e8re mise \u00e0 jour : 22 octobre 2024 Veuillez lire attentivement les pr\u00e9sentes conditions g\u00e9n\u00e9rales avant d'utiliser notre service. Interpr\u00e9tation et d\u00e9finitions Interpr\u00e9tation Les mots dont la lettre initiale est en majuscule ont des significations d\u00e9finies dans les conditions suivantes. Les d\u00e9finitions suivantes ont la m\u00eame signification, qu'elles apparaissent au singulier ou au [...]<\/p>","protected":false},"author":1,"featured_media":0,"parent":0,"menu_order":0,"comment_status":"closed","ping_status":"closed","template":"","meta":{"_acf_changed":false,"footnotes":""},"class_list":["post-724","page","type-page","status-publish","hentry"],"acf":[],"_links":{"self":[{"href":"https:\/\/hypeup.pro\/fr\/wp-json\/wp\/v2\/pages\/724","targetHints":{"allow":["GET"]}}],"collection":[{"href":"https:\/\/hypeup.pro\/fr\/wp-json\/wp\/v2\/pages"}],"about":[{"href":"https:\/\/hypeup.pro\/fr\/wp-json\/wp\/v2\/types\/page"}],"author":[{"embeddable":true,"href":"https:\/\/hypeup.pro\/fr\/wp-json\/wp\/v2\/users\/1"}],"replies":[{"embeddable":true,"href":"https:\/\/hypeup.pro\/fr\/wp-json\/wp\/v2\/comments?post=724"}],"version-history":[{"count":13,"href":"https:\/\/hypeup.pro\/fr\/wp-json\/wp\/v2\/pages\/724\/revisions"}],"predecessor-version":[{"id":1664,"href":"https:\/\/hypeup.pro\/fr\/wp-json\/wp\/v2\/pages\/724\/revisions\/1664"}],"wp:attachment":[{"href":"https:\/\/hypeup.pro\/fr\/wp-json\/wp\/v2\/media?parent=724"}],"curies":[{"name":"wp","href":"https:\/\/api.w.org\/{rel}","templated":true}]}}