{"id":3,"date":"2024-10-03T10:57:03","date_gmt":"2024-10-03T06:57:03","guid":{"rendered":"https:\/\/hypeup.pro\/?page_id=3"},"modified":"2024-10-04T11:45:42","modified_gmt":"2024-10-04T08:45:42","slug":"privacy-policy","status":"publish","type":"page","link":"https:\/\/hypeup.pro\/pt\/privacy-policy\/","title":{"rendered":"Pol\u00edtica de privacidade"},"content":{"rendered":"<div data-elementor-type=\"wp-page\" data-elementor-id=\"3\" class=\"elementor elementor-3\" data-elementor-post-type=\"page\">\n\t\t\t\t<section class=\"elementor-section elementor-top-section elementor-element elementor-element-2b01e7f3 elementor-section-boxed elementor-section-height-default elementor-section-height-default\" data-id=\"2b01e7f3\" data-element_type=\"section\">\n\t\t\t\t\t\t<div class=\"elementor-container elementor-column-gap-default\">\n\t\t\t\t\t<div class=\"elementor-column elementor-col-100 elementor-top-column elementor-element elementor-element-3d3196c\" data-id=\"3d3196c\" data-element_type=\"column\">\n\t\t\t<div class=\"elementor-widget-wrap elementor-element-populated\">\n\t\t\t\t\t\t<div class=\"elementor-element elementor-element-ea43f2f elementor-widget elementor-widget-heading\" data-id=\"ea43f2f\" data-element_type=\"widget\" data-widget_type=\"heading.default\">\n\t\t\t\t<div class=\"elementor-widget-container\">\n\t\t\t\t\t<h1 class=\"elementor-heading-title elementor-size-default\">Pol\u00edtica de privacidade<\/h1>\t\t\t\t<\/div>\n\t\t\t\t<\/div>\n\t\t\t\t<div class=\"elementor-element elementor-element-0cf89e6 elementor-widget elementor-widget-text-editor\" data-id=\"0cf89e6\" data-element_type=\"widget\" data-widget_type=\"text-editor.default\">\n\t\t\t\t<div class=\"elementor-widget-container\">\n\t\t\t\t\t\t\t\t\t<p id=\"privacy-policy-for-manuteam-o\u00fc\">Em MANU:TEAM {Servi\u00e7os de desenvolvimento Web}, acess\u00edvel a partir de <a href=\"https:\/\/hypeup.pro\/pt\/\">https:\/\/hypeup.pro\/<\/a>Uma das nossas principais prioridades \u00e9 a privacidade dos nossos visitantes. Este documento de Pol\u00edtica de Privacidade cont\u00e9m tipos de informa\u00e7\u00e3o que s\u00e3o recolhidos e registados pela HypeUP.pro e como os utilizamos.<\/p>\n<p>Se tiver outras quest\u00f5es ou necessitar de mais informa\u00e7\u00f5es sobre a nossa Pol\u00edtica de Privacidade, n\u00e3o hesite em contactar-nos.<\/p>\n<p>Esta Pol\u00edtica de Privacidade aplica-se apenas \u00e0s nossas actividades online e \u00e9 v\u00e1lida para os visitantes do nosso s\u00edtio Web no que diz respeito \u00e0 informa\u00e7\u00e3o que partilharam e\/ou recolheram no HypeUp.pro. Esta pol\u00edtica n\u00e3o \u00e9 aplic\u00e1vel a qualquer informa\u00e7\u00e3o recolhida offline ou atrav\u00e9s de outros canais que n\u00e3o este s\u00edtio Web.<\/p>\t\t\t\t\t\t\t\t<\/div>\n\t\t\t\t<\/div>\n\t\t\t\t<div class=\"elementor-element elementor-element-f6536e0 elementor-widget elementor-widget-heading\" data-id=\"f6536e0\" data-element_type=\"widget\" data-widget_type=\"heading.default\">\n\t\t\t\t<div class=\"elementor-widget-container\">\n\t\t\t\t\t<h2 class=\"elementor-heading-title elementor-size-default\">Consentimento<\/h2>\t\t\t\t<\/div>\n\t\t\t\t<\/div>\n\t\t\t\t<div class=\"elementor-element elementor-element-0292dba elementor-widget elementor-widget-text-editor\" data-id=\"0292dba\" data-element_type=\"widget\" data-widget_type=\"text-editor.default\">\n\t\t\t\t<div class=\"elementor-widget-container\">\n\t\t\t\t\t\t\t\t\t<p>Ao utilizar o nosso s\u00edtio Web, o utilizador consente com a nossa Pol\u00edtica de Privacidade e aceita os seus termos. Informa\u00e7\u00f5es que recolhemos<\/p>\n<p>As informa\u00e7\u00f5es pessoais que lhe s\u00e3o pedidas e as raz\u00f5es pelas quais lhe s\u00e3o pedidas ser\u00e3o explicadas ao utilizador no momento em que lhe pedimos que forne\u00e7a as suas informa\u00e7\u00f5es pessoais.<\/p>\n<p>Se nos contactar diretamente, poderemos receber informa\u00e7\u00f5es adicionais sobre si, tais como o seu nome, endere\u00e7o de correio eletr\u00f3nico, n\u00famero de telefone, o conte\u00fado da mensagem e\/ou anexos que nos possa enviar e quaisquer outras informa\u00e7\u00f5es que decida fornecer.<\/p>\n<p>Quando se regista numa Conta, podemos solicitar as suas informa\u00e7\u00f5es de contacto, incluindo itens como o nome, o nome da empresa, a morada, o endere\u00e7o de e-mail e o n\u00famero de telefone.<\/p>\t\t\t\t\t\t\t\t<\/div>\n\t\t\t\t<\/div>\n\t\t\t\t<div class=\"elementor-element elementor-element-b43ed30 elementor-widget elementor-widget-heading\" data-id=\"b43ed30\" data-element_type=\"widget\" data-widget_type=\"heading.default\">\n\t\t\t\t<div class=\"elementor-widget-container\">\n\t\t\t\t\t<h2 class=\"elementor-heading-title elementor-size-default\">Como utilizamos as suas informa\u00e7\u00f5es<\/h2>\t\t\t\t<\/div>\n\t\t\t\t<\/div>\n\t\t\t\t<div class=\"elementor-element elementor-element-e86875f elementor-widget elementor-widget-text-editor\" data-id=\"e86875f\" data-element_type=\"widget\" data-widget_type=\"text-editor.default\">\n\t\t\t\t<div class=\"elementor-widget-container\">\n\t\t\t\t\t\t\t\t\t<p>Utilizamos as informa\u00e7\u00f5es que recolhemos de v\u00e1rias formas, nomeadamente para:<\/p>\n<ul>\n<li>Fornecer, operar e manter o nosso s\u00edtio Web<\/li>\n<li>Melhorar, personalizar e expandir o nosso s\u00edtio Web<\/li>\n<li>Compreender e analisar a forma como o utilizador utiliza o nosso s\u00edtio Web<\/li>\n<li>Desenvolver novos produtos, servi\u00e7os, carater\u00edsticas e funcionalidades<\/li>\n<li>Comunicar com o utilizador, diretamente ou atrav\u00e9s de um dos nossos parceiros, incluindo para o servi\u00e7o de apoio ao cliente, para lhe fornecer actualiza\u00e7\u00f5es e outras informa\u00e7\u00f5es relacionadas com o s\u00edtio Web, e para fins de marketing e promocionais<\/li>\n<li>Enviar-lhe mensagens de correio eletr\u00f3nico<\/li>\n<li>Detetar e prevenir fraudes<\/li>\n<\/ul>\t\t\t\t\t\t\t\t<\/div>\n\t\t\t\t<\/div>\n\t\t\t\t<div class=\"elementor-element elementor-element-5bc04c2 elementor-widget elementor-widget-heading\" data-id=\"5bc04c2\" data-element_type=\"widget\" data-widget_type=\"heading.default\">\n\t\t\t\t<div class=\"elementor-widget-container\">\n\t\t\t\t\t<h2 class=\"elementor-heading-title elementor-size-default\">Ficheiros de registo<\/h2>\t\t\t\t<\/div>\n\t\t\t\t<\/div>\n\t\t\t\t<div class=\"elementor-element elementor-element-0a543d1 elementor-widget elementor-widget-text-editor\" data-id=\"0a543d1\" data-element_type=\"widget\" data-widget_type=\"text-editor.default\">\n\t\t\t\t<div class=\"elementor-widget-container\">\n\t\t\t\t\t\t\t\t\t<p>O HypeUp.pro segue um procedimento padr\u00e3o de utiliza\u00e7\u00e3o de ficheiros de registo. Estes ficheiros registam os visitantes quando estes visitam websites. Todas as empresas de alojamento fazem isto e \u00e9 uma parte da an\u00e1lise dos servi\u00e7os de alojamento. A informa\u00e7\u00e3o recolhida pelos ficheiros de registo inclui endere\u00e7os de protocolo de internet (IP), tipo de browser, Fornecedor de Servi\u00e7os de Internet (ISP), carimbo de data e hora, p\u00e1ginas de refer\u00eancia\/sa\u00edda e possivelmente o n\u00famero de cliques. Estes n\u00e3o est\u00e3o associados a qualquer informa\u00e7\u00e3o pessoalmente identific\u00e1vel. O objetivo das informa\u00e7\u00f5es \u00e9 analisar tend\u00eancias, administrar o site, seguir o movimento dos utilizadores no site e recolher informa\u00e7\u00f5es demogr\u00e1ficas.<\/p>\t\t\t\t\t\t\t\t<\/div>\n\t\t\t\t<\/div>\n\t\t\t\t<div class=\"elementor-element elementor-element-200fa8b elementor-widget elementor-widget-heading\" data-id=\"200fa8b\" data-element_type=\"widget\" data-widget_type=\"heading.default\">\n\t\t\t\t<div class=\"elementor-widget-container\">\n\t\t\t\t\t<h2 class=\"elementor-heading-title elementor-size-default\">Cookies e Web Beacons<\/h2>\t\t\t\t<\/div>\n\t\t\t\t<\/div>\n\t\t\t\t<div class=\"elementor-element elementor-element-c89ce1f elementor-widget elementor-widget-text-editor\" data-id=\"c89ce1f\" data-element_type=\"widget\" data-widget_type=\"text-editor.default\">\n\t\t\t\t<div class=\"elementor-widget-container\">\n\t\t\t\t\t\t\t\t\t<p>Como qualquer outro s\u00edtio Web, o HypeUp.pro utiliza \"cookies\". Estes cookies s\u00e3o utilizados para armazenar informa\u00e7\u00e3o, incluindo as prefer\u00eancias dos visitantes e as p\u00e1ginas do website a que o visitante acedeu ou visitou. A informa\u00e7\u00e3o \u00e9 utilizada para otimizar a experi\u00eancia dos utilizadores, personalizando o conte\u00fado da nossa p\u00e1gina web com base no tipo de browser dos visitantes e\/ou outras informa\u00e7\u00f5es.<\/p>\t\t\t\t\t\t\t\t<\/div>\n\t\t\t\t<\/div>\n\t\t\t\t<div class=\"elementor-element elementor-element-9763449 elementor-widget elementor-widget-heading\" data-id=\"9763449\" data-element_type=\"widget\" data-widget_type=\"heading.default\">\n\t\t\t\t<div class=\"elementor-widget-container\">\n\t\t\t\t\t<h2 class=\"elementor-heading-title elementor-size-default\">Parceiros de publicidade Pol\u00edticas de privacidade<\/h2>\t\t\t\t<\/div>\n\t\t\t\t<\/div>\n\t\t\t\t<div class=\"elementor-element elementor-element-fbc5f35 elementor-widget elementor-widget-text-editor\" data-id=\"fbc5f35\" data-element_type=\"widget\" data-widget_type=\"text-editor.default\">\n\t\t\t\t<div class=\"elementor-widget-container\">\n\t\t\t\t\t\t\t\t\t<p>O utilizador pode consultar esta lista para encontrar a Pol\u00edtica de Privacidade de cada um dos parceiros publicit\u00e1rios do HypeUp.pro.<\/p>\n<p>Os servidores de an\u00fancios de terceiros ou redes de an\u00fancios utilizam tecnologias como cookies, JavaScript ou Web Beacons que s\u00e3o utilizados nos respectivos an\u00fancios e links que aparecem em HypeUp.pro, que s\u00e3o enviados diretamente para o browser dos utilizadores. Eles recebem automaticamente o seu endere\u00e7o IP quando isso ocorre. Estas tecnologias s\u00e3o utilizadas para medir a efic\u00e1cia das suas campanhas publicit\u00e1rias e\/ou para personalizar o conte\u00fado publicit\u00e1rio que o utilizador v\u00ea nos websites que visita.<\/p>\n<p>Note-se que o HypeUp.pro n\u00e3o tem acesso ou controlo sobre estes cookies que s\u00e3o utilizados por anunciantes terceiros.<\/p>\t\t\t\t\t\t\t\t<\/div>\n\t\t\t\t<\/div>\n\t\t\t\t<div class=\"elementor-element elementor-element-86a3477 elementor-widget elementor-widget-heading\" data-id=\"86a3477\" data-element_type=\"widget\" data-widget_type=\"heading.default\">\n\t\t\t\t<div class=\"elementor-widget-container\">\n\t\t\t\t\t<h2 class=\"elementor-heading-title elementor-size-default\">Pol\u00edticas de privacidade de terceiros<\/h2>\t\t\t\t<\/div>\n\t\t\t\t<\/div>\n\t\t\t\t<div class=\"elementor-element elementor-element-5a8f9bf elementor-widget elementor-widget-text-editor\" data-id=\"5a8f9bf\" data-element_type=\"widget\" data-widget_type=\"text-editor.default\">\n\t\t\t\t<div class=\"elementor-widget-container\">\n\t\t\t\t\t\t\t\t\t<p>A Pol\u00edtica de Privacidade de MANU:TEAM {Servi\u00e7os de Desenvolvimento Web} n\u00e3o se aplica a outros anunciantes ou websites. Assim, aconselhamo-lo a consultar as respectivas Pol\u00edticas de Privacidade desses servidores de an\u00fancios de terceiros para obter informa\u00e7\u00f5es mais detalhadas. Estas podem incluir as suas pr\u00e1ticas e instru\u00e7\u00f5es sobre como optar por sair de determinadas op\u00e7\u00f5es. O utilizador pode optar por desativar os cookies atrav\u00e9s das op\u00e7\u00f5es individuais do seu browser. Para obter informa\u00e7\u00f5es mais pormenorizadas sobre a gest\u00e3o de cookies com navegadores Web espec\u00edficos, pode consult\u00e1-las nos respectivos s\u00edtios Web dos navegadores.<\/p>\t\t\t\t\t\t\t\t<\/div>\n\t\t\t\t<\/div>\n\t\t\t\t<div class=\"elementor-element elementor-element-ffe481a elementor-widget elementor-widget-heading\" data-id=\"ffe481a\" data-element_type=\"widget\" data-widget_type=\"heading.default\">\n\t\t\t\t<div class=\"elementor-widget-container\">\n\t\t\t\t\t<h2 class=\"elementor-heading-title elementor-size-default\">Direitos de privacidade da CCPA (n\u00e3o vender as minhas informa\u00e7\u00f5es pessoais)<\/h2>\t\t\t\t<\/div>\n\t\t\t\t<\/div>\n\t\t\t\t<div class=\"elementor-element elementor-element-9e66a79 elementor-widget elementor-widget-text-editor\" data-id=\"9e66a79\" data-element_type=\"widget\" data-widget_type=\"text-editor.default\">\n\t\t\t\t<div class=\"elementor-widget-container\">\n\t\t\t\t\t\t\t\t\t<p>De acordo com a CCPA, entre outros direitos, os consumidores da Calif\u00f3rnia t\u00eam o direito de:<\/p>\n<p>Solicitar que uma empresa que recolhe dados pessoais de um consumidor divulgue as categorias e os elementos espec\u00edficos dos dados pessoais que recolheu sobre os consumidores.<\/p>\n<p>Solicitar que uma empresa apague quaisquer dados pessoais sobre o consumidor que tenha recolhido.<\/p>\n<p>Solicitar que uma empresa que venda os dados pessoais de um consumidor n\u00e3o venda os dados pessoais do consumidor.<\/p>\n<p>Se fizer um pedido, dispomos de um m\u00eas para lhe responder. Se pretender exercer qualquer um destes direitos, contacte-nos.<\/p>\t\t\t\t\t\t\t\t<\/div>\n\t\t\t\t<\/div>\n\t\t\t\t<div class=\"elementor-element elementor-element-ac6615b elementor-widget elementor-widget-heading\" data-id=\"ac6615b\" data-element_type=\"widget\" data-widget_type=\"heading.default\">\n\t\t\t\t<div class=\"elementor-widget-container\">\n\t\t\t\t\t<h2 class=\"elementor-heading-title elementor-size-default\">Direitos de prote\u00e7\u00e3o de dados do RGPD<\/h2>\t\t\t\t<\/div>\n\t\t\t\t<\/div>\n\t\t\t\t<div class=\"elementor-element elementor-element-ae9f159 elementor-widget elementor-widget-text-editor\" data-id=\"ae9f159\" data-element_type=\"widget\" data-widget_type=\"text-editor.default\">\n\t\t\t\t<div class=\"elementor-widget-container\">\n\t\t\t\t\t\t\t\t\t<p>Gostar\u00edamos de garantir que tem pleno conhecimento de todos os seus direitos em mat\u00e9ria de prote\u00e7\u00e3o de dados. Cada utilizador tem direito ao seguinte:<\/p>\n<p>Direito de acesso - O utilizador tem o direito de solicitar c\u00f3pias dos seus dados pessoais. Poderemos cobrar-lhe uma pequena taxa por este servi\u00e7o.<\/p>\n<p>Direito de retifica\u00e7\u00e3o - O utilizador tem o direito de solicitar a retifica\u00e7\u00e3o de qualquer informa\u00e7\u00e3o que considere incorrecta.<\/p>\n<p>O utilizador tamb\u00e9m tem o direito de solicitar que completemos as informa\u00e7\u00f5es que considera incompletas.<\/p>\n<p>O direito ao apagamento - O utilizador tem o direito de solicitar o apagamento dos seus dados pessoais, sob determinadas condi\u00e7\u00f5es.<\/p>\n<p>O direito de restringir o processamento - O utilizador tem o direito de solicitar que restrinjamos o processamento dos seus dados pessoais, sob determinadas condi\u00e7\u00f5es.<\/p>\n<p>O direito de se opor ao processamento - O utilizador tem o direito de se opor ao processamento dos seus dados pessoais, sob certas condi\u00e7\u00f5es.<\/p>\n<p>O direito \u00e0 portabilidade dos dados - O utilizador tem o direito de solicitar a transfer\u00eancia dos dados que recolhemos para outra organiza\u00e7\u00e3o ou diretamente para si, sob determinadas condi\u00e7\u00f5es.<\/p>\n<p>Se fizer um pedido, dispomos de um m\u00eas para lhe responder. Se pretender exercer qualquer um destes direitos, contacte-nos.<\/p>\t\t\t\t\t\t\t\t<\/div>\n\t\t\t\t<\/div>\n\t\t\t\t<div class=\"elementor-element elementor-element-62e2522 elementor-widget elementor-widget-heading\" data-id=\"62e2522\" data-element_type=\"widget\" data-widget_type=\"heading.default\">\n\t\t\t\t<div class=\"elementor-widget-container\">\n\t\t\t\t\t<h2 class=\"elementor-heading-title elementor-size-default\">Informa\u00e7\u00e3o para crian\u00e7as<\/h2>\t\t\t\t<\/div>\n\t\t\t\t<\/div>\n\t\t\t\t<div class=\"elementor-element elementor-element-4a4733c elementor-widget elementor-widget-text-editor\" data-id=\"4a4733c\" data-element_type=\"widget\" data-widget_type=\"text-editor.default\">\n\t\t\t\t<div class=\"elementor-widget-container\">\n\t\t\t\t\t\t\t\t\t<p>Outra parte da nossa prioridade \u00e9 acrescentar prote\u00e7\u00e3o para as crian\u00e7as enquanto utilizam a Internet. Incentivamos os pais e tutores a observar, participar e\/ou monitorizar e orientar a sua atividade em linha.<\/p>\n<p>A MANU:TEAM {Servi\u00e7os de desenvolvimento Web} n\u00e3o recolhe intencionalmente quaisquer informa\u00e7\u00f5es pessoais identific\u00e1veis de crian\u00e7as com idade inferior a 13 anos. Se pensa que o seu filho forneceu este tipo de informa\u00e7\u00f5es no nosso s\u00edtio Web, encorajamo-lo vivamente a contactar-nos imediatamente e faremos os nossos melhores esfor\u00e7os para remover prontamente essas informa\u00e7\u00f5es dos nossos registos.<\/p>\t\t\t\t\t\t\t\t<\/div>\n\t\t\t\t<\/div>\n\t\t\t\t<div class=\"elementor-element elementor-element-3a1fcd7 elementor-widget elementor-widget-heading\" data-id=\"3a1fcd7\" data-element_type=\"widget\" data-widget_type=\"heading.default\">\n\t\t\t\t<div class=\"elementor-widget-container\">\n\t\t\t\t\t<h2 class=\"elementor-heading-title elementor-size-default\">Fora do seguimento<\/h2>\t\t\t\t<\/div>\n\t\t\t\t<\/div>\n\t\t\t\t<div class=\"elementor-element elementor-element-40a9d38 elementor-widget elementor-widget-text-editor\" data-id=\"40a9d38\" data-element_type=\"widget\" data-widget_type=\"text-editor.default\">\n\t\t\t\t<div class=\"elementor-widget-container\">\n\t\t\t\t\t\t\t\t\t<div id=\"matomo-opt-out\">\u00a0<\/div>\n<p><script src=\"https:\/\/stat.manu.team\/index.php?module=CoreAdminHome&amp;action=optOutJS&amp;divId=matomo-opt-out&amp;language=auto&amp;backgroundColor=#0c0d0e&amp;fontColor=ffffff&amp;fontSize=16px&amp;fontFamily=Saira&amp;showIntro=1\"><\/script><\/p>\t\t\t\t\t\t\t\t<\/div>\n\t\t\t\t<\/div>\n\t\t\t\t<div class=\"elementor-element elementor-element-464fefec elementor-hidden-desktop elementor-hidden-tablet elementor-hidden-mobile elementor-widget elementor-widget-text-editor\" data-id=\"464fefec\" data-element_type=\"widget\" data-widget_type=\"text-editor.default\">\n\t\t\t\t<div class=\"elementor-widget-container\"><h2 class=\"wp-block-heading\">Quem somos<\/h2><p><strong class=\"privacy-policy-tutorial\">Texto sugerido: <\/strong>O endere\u00e7o do nosso s\u00edtio Web \u00e9: https:\/\/1001.wp.manu.team.<\/p><h2 class=\"wp-block-heading\">Coment\u00e1rios<\/h2><p><strong class=\"privacy-policy-tutorial\">Texto sugerido: <\/strong>Quando os visitantes deixam coment\u00e1rios no s\u00edtio, recolhemos os dados apresentados no formul\u00e1rio de coment\u00e1rios, bem como o endere\u00e7o IP do visitante e a cadeia de agentes do utilizador do navegador para ajudar a detetar spam.<\/p><p>Uma cadeia de caracteres an\u00f3nima criada a partir do seu endere\u00e7o de e-mail (tamb\u00e9m designada por hash) pode ser fornecida ao servi\u00e7o Gravatar para verificar se o est\u00e1 a utilizar. A pol\u00edtica de privacidade do servi\u00e7o Gravatar est\u00e1 dispon\u00edvel aqui: https:\/\/automattic.com\/privacy\/. Ap\u00f3s a aprova\u00e7\u00e3o do seu coment\u00e1rio, a sua imagem de perfil fica vis\u00edvel para o p\u00fablico no contexto do seu coment\u00e1rio.<\/p><h2 class=\"wp-block-heading\">Media<\/h2><p><strong class=\"privacy-policy-tutorial\">Texto sugerido: <\/strong>Se o utilizador carregar imagens para o s\u00edtio Web, deve evitar carregar imagens com dados de localiza\u00e7\u00e3o incorporados (EXIF GPS). Os visitantes do s\u00edtio Web podem descarregar e extrair quaisquer dados de localiza\u00e7\u00e3o das imagens no s\u00edtio Web.<\/p><h2 class=\"wp-block-heading\">Biscoitos<\/h2><p><strong class=\"privacy-policy-tutorial\">Texto sugerido: <\/strong>Se deixar um coment\u00e1rio no nosso site, pode optar por guardar o seu nome, endere\u00e7o de correio eletr\u00f3nico e s\u00edtio Web nos cookies. Estes s\u00e3o para sua conveni\u00eancia, para que n\u00e3o tenha de preencher os seus dados novamente quando deixar outro coment\u00e1rio. Estes cookies ter\u00e3o a dura\u00e7\u00e3o de um ano.<\/p><p>Se visitar a nossa p\u00e1gina de in\u00edcio de sess\u00e3o, definiremos um cookie tempor\u00e1rio para determinar se o seu browser aceita cookies. Este cookie n\u00e3o cont\u00e9m dados pessoais e \u00e9 eliminado quando o utilizador fecha o seu browser.<\/p><p>Quando iniciar sess\u00e3o, tamb\u00e9m configuraremos v\u00e1rios cookies para guardar as suas informa\u00e7\u00f5es de in\u00edcio de sess\u00e3o e as suas op\u00e7\u00f5es de visualiza\u00e7\u00e3o do ecr\u00e3. Os cookies de in\u00edcio de sess\u00e3o duram dois dias e os cookies de op\u00e7\u00f5es de ecr\u00e3 duram um ano. Se selecionar \"Lembrar-me\", o seu in\u00edcio de sess\u00e3o persistir\u00e1 durante duas semanas. Se terminar a sess\u00e3o na sua conta, os cookies de in\u00edcio de sess\u00e3o ser\u00e3o removidos.<\/p><p>Se editar ou publicar um artigo, ser\u00e1 guardado um cookie adicional no seu browser. Este cookie n\u00e3o inclui dados pessoais e indica simplesmente o ID de publica\u00e7\u00e3o do artigo que acabou de editar. Expira ao fim de 1 dia.<\/p><h2 class=\"wp-block-heading\">Conte\u00fado incorporado de outros s\u00edtios Web<\/h2><p><strong class=\"privacy-policy-tutorial\">Texto sugerido: <\/strong>Os artigos deste s\u00edtio podem incluir conte\u00fados incorporados (por exemplo, v\u00eddeos, imagens, artigos, etc.). O conte\u00fado incorporado de outros s\u00edtios Web comporta-se exatamente da mesma forma como se o visitante tivesse visitado o outro s\u00edtio Web.<\/p><p>Estes s\u00edtios Web podem recolher dados sobre o utilizador, utilizar cookies, incorporar rastreio adicional de terceiros e monitorizar a sua intera\u00e7\u00e3o com esse conte\u00fado incorporado, incluindo o rastreio da sua intera\u00e7\u00e3o com o conte\u00fado incorporado se tiver uma conta e estiver ligado a esse s\u00edtio Web.<\/p><h2 class=\"wp-block-heading\">Com quem partilhamos os seus dados<\/h2><p><strong class=\"privacy-policy-tutorial\">Texto sugerido: <\/strong>Se solicitar uma reposi\u00e7\u00e3o da palavra-passe, o seu endere\u00e7o IP ser\u00e1 inclu\u00eddo na mensagem de correio eletr\u00f3nico de reposi\u00e7\u00e3o.<\/p><h2 class=\"wp-block-heading\">Durante quanto tempo conservamos os seus dados<\/h2><p><strong class=\"privacy-policy-tutorial\">Texto sugerido: <\/strong>Se deixar um coment\u00e1rio, o coment\u00e1rio e os seus metadados s\u00e3o mantidos indefinidamente. Isto permite-nos reconhecer e aprovar automaticamente quaisquer coment\u00e1rios subsequentes, em vez de os mantermos numa fila de modera\u00e7\u00e3o.<\/p><p>Para os utilizadores que se registam no nosso s\u00edtio Web (caso existam), tamb\u00e9m guardamos as informa\u00e7\u00f5es pessoais que fornecem no seu perfil de utilizador. Todos os utilizadores podem ver, editar ou eliminar as suas informa\u00e7\u00f5es pessoais em qualquer altura (exceto que n\u00e3o podem alterar o seu nome de utilizador). Os administradores do s\u00edtio Web tamb\u00e9m podem ver e editar essas informa\u00e7\u00f5es.<\/p><h2 class=\"wp-block-heading\">Que direitos tem sobre os seus dados<\/h2><p><strong class=\"privacy-policy-tutorial\">Texto sugerido: <\/strong>Se tiver uma conta neste s\u00edtio ou tiver deixado coment\u00e1rios, pode pedir para receber um ficheiro exportado dos dados pessoais que temos sobre si, incluindo quaisquer dados que nos tenha fornecido. Tamb\u00e9m pode solicitar a elimina\u00e7\u00e3o de quaisquer dados pessoais que tenhamos sobre si. Isto n\u00e3o inclui quaisquer dados que sejamos obrigados a manter para fins administrativos, legais ou de seguran\u00e7a.<\/p><h2 class=\"wp-block-heading\">Para onde s\u00e3o enviados os seus dados<\/h2><p><strong class=\"privacy-policy-tutorial\">Texto sugerido: <\/strong>Os coment\u00e1rios dos visitantes podem ser verificados atrav\u00e9s de um servi\u00e7o autom\u00e1tico de dete\u00e7\u00e3o de spam.<\/p><\/div>\n\t\t\t\t<\/div>\n\t\t\t\t\t<\/div>\n\t\t<\/div>\n\t\t\t\t\t<\/div>\n\t\t<\/section>\t\t<\/div>","protected":false},"excerpt":{"rendered":"<p>Privacy policy At MANU:TEAM { Web Development Services}, accessible from https:\/\/hypeup.pro\/, one of our main priorities is the privacy of our visitors. This Privacy Policy document contains types of information that is collected and recorded by HypeUP.pro and how we use it. If you have additional questions or require more information about our Privacy Policy, [&hellip;]<\/p>","protected":false},"author":1,"featured_media":0,"parent":0,"menu_order":0,"comment_status":"closed","ping_status":"closed","template":"elementor_header_footer","meta":{"_acf_changed":false,"footnotes":""},"class_list":["post-3","page","type-page","status-publish","hentry"],"acf":[],"_links":{"self":[{"href":"https:\/\/hypeup.pro\/pt\/wp-json\/wp\/v2\/pages\/3","targetHints":{"allow":["GET"]}}],"collection":[{"href":"https:\/\/hypeup.pro\/pt\/wp-json\/wp\/v2\/pages"}],"about":[{"href":"https:\/\/hypeup.pro\/pt\/wp-json\/wp\/v2\/types\/page"}],"author":[{"embeddable":true,"href":"https:\/\/hypeup.pro\/pt\/wp-json\/wp\/v2\/users\/1"}],"replies":[{"embeddable":true,"href":"https:\/\/hypeup.pro\/pt\/wp-json\/wp\/v2\/comments?post=3"}],"version-history":[{"count":16,"href":"https:\/\/hypeup.pro\/pt\/wp-json\/wp\/v2\/pages\/3\/revisions"}],"predecessor-version":[{"id":1568,"href":"https:\/\/hypeup.pro\/pt\/wp-json\/wp\/v2\/pages\/3\/revisions\/1568"}],"wp:attachment":[{"href":"https:\/\/hypeup.pro\/pt\/wp-json\/wp\/v2\/media?parent=3"}],"curies":[{"name":"wp","href":"https:\/\/api.w.org\/{rel}","templated":true}]}}