{"id":724,"date":"2024-08-21T21:23:38","date_gmt":"2024-08-21T17:23:38","guid":{"rendered":"https:\/\/hypeup.pro\/?page_id=724"},"modified":"2024-10-22T15:47:25","modified_gmt":"2024-10-22T12:47:25","slug":"terms-and-conditions","status":"publish","type":"page","link":"https:\/\/hypeup.pro\/pt\/terms-and-conditions\/","title":{"rendered":"Termos e condi\u00e7\u00f5es"},"content":{"rendered":"<div data-elementor-type=\"wp-page\" data-elementor-id=\"724\" class=\"elementor elementor-724\" data-elementor-post-type=\"page\">\n\t\t\t\t\t\t<section class=\"elementor-section elementor-top-section elementor-element elementor-element-9a25b08 elementor-section-boxed elementor-section-height-default elementor-section-height-default\" data-id=\"9a25b08\" data-element_type=\"section\">\n\t\t\t\t\t\t<div class=\"elementor-container elementor-column-gap-default\">\n\t\t\t\t\t<div class=\"elementor-column elementor-col-100 elementor-top-column elementor-element elementor-element-40d874a\" data-id=\"40d874a\" data-element_type=\"column\">\n\t\t\t<div class=\"elementor-widget-wrap elementor-element-populated\">\n\t\t\t\t\t\t<div class=\"elementor-element elementor-element-e44b406 elementor-widget elementor-widget-heading\" data-id=\"e44b406\" data-element_type=\"widget\" data-widget_type=\"heading.default\">\n\t\t\t\t<div class=\"elementor-widget-container\">\n\t\t\t\t\t<h1 class=\"elementor-heading-title elementor-size-default\">Termos e condi\u00e7\u00f5es<\/h1>\t\t\t\t<\/div>\n\t\t\t\t<\/div>\n\t\t\t\t<div class=\"elementor-element elementor-element-56c13eb elementor-widget elementor-widget-text-editor\" data-id=\"56c13eb\" data-element_type=\"widget\" data-widget_type=\"text-editor.default\">\n\t\t\t\t<div class=\"elementor-widget-container\">\n\t\t\t\t\t\t\t\t\t<p>\u00daltima atualiza\u00e7\u00e3o: 22 de outubro de 2024<\/p><p>Leia atentamente estes termos e condi\u00e7\u00f5es antes de utilizar o nosso servi\u00e7o.<\/p>\t\t\t\t\t\t\t\t<\/div>\n\t\t\t\t<\/div>\n\t\t\t\t<div class=\"elementor-element elementor-element-10470ae elementor-widget elementor-widget-heading\" data-id=\"10470ae\" data-element_type=\"widget\" data-widget_type=\"heading.default\">\n\t\t\t\t<div class=\"elementor-widget-container\">\n\t\t\t\t\t<h2 class=\"elementor-heading-title elementor-size-default\">Interpreta\u00e7\u00e3o e defini\u00e7\u00f5es<\/h2>\t\t\t\t<\/div>\n\t\t\t\t<\/div>\n\t\t\t\t<div class=\"elementor-element elementor-element-674e545 elementor-widget elementor-widget-text-editor\" data-id=\"674e545\" data-element_type=\"widget\" data-widget_type=\"text-editor.default\">\n\t\t\t\t<div class=\"elementor-widget-container\">\n\t\t\t\t\t\t\t\t\t<h3>Interpreta\u00e7\u00e3o<\/h3><p>As palavras cuja letra inicial \u00e9 mai\u00fascula t\u00eam significados definidos nas seguintes condi\u00e7\u00f5es. As defini\u00e7\u00f5es seguintes t\u00eam o mesmo significado, independentemente do facto de aparecerem no singular ou no plural.<\/p><h3>Defini\u00e7\u00f5es<\/h3><p>Para efeitos dos presentes Termos e Condi\u00e7\u00f5es:<\/p><ul><li><p><strong>Filial<\/strong>\u00a0significa uma entidade que controla, \u00e9 controlada por ou est\u00e1 sob controlo comum de uma parte, em que \"controlo\" significa a propriedade de 50% ou mais das ac\u00e7\u00f5es, participa\u00e7\u00f5es ou outros t\u00edtulos com direito a voto para a elei\u00e7\u00e3o de administradores ou outra autoridade de gest\u00e3o.<\/p><\/li><li><p><strong>Pa\u00eds<\/strong>\u00a0refere-se a: Est\u00f3nia<\/p><\/li><li><p><strong>Empresa<\/strong>\u00a0(referido como \"a Empresa\", \"N\u00f3s\", \"Nos\" ou \"Nosso\" no presente Contrato) refere-se \u00e0 MANUTEAM O\u00dc, Toompuiestee 17A, 10137 TALLINN - EST\u00d3NIA.<\/p><\/li><li><p><strong>Dispositivo<\/strong>\u00a0significa qualquer dispositivo que possa aceder ao Servi\u00e7o, como um computador, um telem\u00f3vel ou um tablet digital.<\/p><\/li><li><p><strong>Servi\u00e7o<\/strong>\u00a0refere-se ao s\u00edtio Web.<\/p><\/li><li><p><strong>Termos e condi\u00e7\u00f5es<\/strong>\u00a0(tamb\u00e9m designado por \"Termos\") significa estes Termos e Condi\u00e7\u00f5es que constituem o acordo integral entre o Utilizador e a Empresa relativamente \u00e0 utiliza\u00e7\u00e3o do Servi\u00e7o. Este acordo de Termos e Condi\u00e7\u00f5es foi criado com a ajuda do\u00a0<a href=\"https:\/\/www.termsfeed.com\/terms-conditions-generator\/\" target=\"_blank\" rel=\"noopener\">Gerador de Termos e Condi\u00e7\u00f5es<\/a>.<\/p><\/li><li><p><strong>Servi\u00e7o de redes sociais de terceiros<\/strong>\u00a0significa quaisquer servi\u00e7os ou conte\u00fados (incluindo dados, informa\u00e7\u00f5es, produtos ou servi\u00e7os) fornecidos por terceiros que possam ser apresentados, inclu\u00eddos ou disponibilizados pelo Servi\u00e7o.<\/p><\/li><li><p><strong>S\u00edtio Web<\/strong>\u00a0refere-se ao HypeUp.pro, acess\u00edvel a partir de\u00a0<a href=\"https:\/\/hypeup.pro\/pt\/\" target=\"_blank\" rel=\"external nofollow noopener\">https:\/\/hypeup.pro<\/a><\/p><\/li><li><p><strong>Voc\u00ea<\/strong>\u00a0significa o indiv\u00edduo que acede ou utiliza o Servi\u00e7o, ou a empresa, ou outra entidade legal em nome da qual esse indiv\u00edduo est\u00e1 a aceder ou a utilizar o Servi\u00e7o, conforme aplic\u00e1vel.<\/p><\/li><\/ul>\t\t\t\t\t\t\t\t<\/div>\n\t\t\t\t<\/div>\n\t\t\t\t<div class=\"elementor-element elementor-element-b59114b elementor-widget elementor-widget-heading\" data-id=\"b59114b\" data-element_type=\"widget\" data-widget_type=\"heading.default\">\n\t\t\t\t<div class=\"elementor-widget-container\">\n\t\t\t\t\t<h2 class=\"elementor-heading-title elementor-size-default\">Agradecimentos<\/h2>\t\t\t\t<\/div>\n\t\t\t\t<\/div>\n\t\t\t\t<div class=\"elementor-element elementor-element-b90d8d9 elementor-widget elementor-widget-text-editor\" data-id=\"b90d8d9\" data-element_type=\"widget\" data-widget_type=\"text-editor.default\">\n\t\t\t\t<div class=\"elementor-widget-container\">\n\t\t\t\t\t\t\t\t\t<p>Estes s\u00e3o os Termos e Condi\u00e7\u00f5es que regem a utiliza\u00e7\u00e3o deste Servi\u00e7o e o acordo que vigora entre o Utilizador e a Empresa. Estes Termos e Condi\u00e7\u00f5es estabelecem os direitos e obriga\u00e7\u00f5es de todos os utilizadores relativamente \u00e0 utiliza\u00e7\u00e3o do Servi\u00e7o.<\/p><p>O acesso e a utiliza\u00e7\u00e3o do Servi\u00e7o por parte do utilizador est\u00e3o condicionados \u00e0 aceita\u00e7\u00e3o e ao cumprimento dos presentes Termos e Condi\u00e7\u00f5es. Estes Termos e Condi\u00e7\u00f5es aplicam-se a todos os visitantes, utilizadores e outros que acedam ou utilizem o Servi\u00e7o.<\/p><p>Ao aceder ou utilizar o Servi\u00e7o, o Utilizador aceita ficar vinculado aos presentes Termos e Condi\u00e7\u00f5es. Se o Utilizador n\u00e3o concordar com qualquer parte destes Termos e Condi\u00e7\u00f5es, n\u00e3o poder\u00e1 aceder ao Servi\u00e7o.<\/p><p>O utilizador declara ter mais de 18 anos de idade. A Empresa n\u00e3o permite que menores de 18 anos utilizem o Servi\u00e7o.<\/p><p>O acesso e a utiliza\u00e7\u00e3o do Servi\u00e7o por parte do Utilizador est\u00e3o tamb\u00e9m condicionados \u00e0 aceita\u00e7\u00e3o e cumprimento da Pol\u00edtica de Privacidade da Empresa. A nossa Pol\u00edtica de Privacidade descreve as nossas pol\u00edticas e procedimentos sobre a recolha, utiliza\u00e7\u00e3o e divulga\u00e7\u00e3o das suas informa\u00e7\u00f5es pessoais quando utiliza a Aplica\u00e7\u00e3o ou o Website e informa-o sobre os seus direitos de privacidade e a forma como a lei o protege. Leia atentamente a nossa Pol\u00edtica de Privacidade antes de utilizar o nosso Servi\u00e7o.<\/p>\t\t\t\t\t\t\t\t<\/div>\n\t\t\t\t<\/div>\n\t\t\t\t<div class=\"elementor-element elementor-element-a1529f2 elementor-widget elementor-widget-heading\" data-id=\"a1529f2\" data-element_type=\"widget\" data-widget_type=\"heading.default\">\n\t\t\t\t<div class=\"elementor-widget-container\">\n\t\t\t\t\t<h2 class=\"elementor-heading-title elementor-size-default\">Liga\u00e7\u00f5es para outros s\u00edtios Web<\/h2>\t\t\t\t<\/div>\n\t\t\t\t<\/div>\n\t\t\t\t<div class=\"elementor-element elementor-element-dadc02b elementor-widget elementor-widget-text-editor\" data-id=\"dadc02b\" data-element_type=\"widget\" data-widget_type=\"text-editor.default\">\n\t\t\t\t<div class=\"elementor-widget-container\">\n\t\t\t\t\t\t\t\t\t<p>O nosso Servi\u00e7o pode conter links para sites ou servi\u00e7os de terceiros que n\u00e3o s\u00e3o propriedade ou controlados pela Empresa.<\/p><p>A Empresa n\u00e3o tem controlo e n\u00e3o assume qualquer responsabilidade pelo conte\u00fado, pol\u00edticas de privacidade ou pr\u00e1ticas de quaisquer sites ou servi\u00e7os de terceiros. O utilizador reconhece e concorda ainda que a Empresa n\u00e3o ser\u00e1 respons\u00e1vel, direta ou indiretamente, por quaisquer danos ou perdas causados ou alegadamente causados por ou em liga\u00e7\u00e3o com a utiliza\u00e7\u00e3o de ou confian\u00e7a em qualquer conte\u00fado, bens ou servi\u00e7os dispon\u00edveis em ou atrav\u00e9s de tais sites ou servi\u00e7os.<\/p><p>Aconselhamos vivamente o Utilizador a ler os termos e condi\u00e7\u00f5es e as pol\u00edticas de privacidade de quaisquer sites ou servi\u00e7os de terceiros que visite.<\/p>\t\t\t\t\t\t\t\t<\/div>\n\t\t\t\t<\/div>\n\t\t\t\t<div class=\"elementor-element elementor-element-2d3f2ae elementor-widget elementor-widget-heading\" data-id=\"2d3f2ae\" data-element_type=\"widget\" data-widget_type=\"heading.default\">\n\t\t\t\t<div class=\"elementor-widget-container\">\n\t\t\t\t\t<h2 class=\"elementor-heading-title elementor-size-default\">Rescis\u00e3o<\/h2>\t\t\t\t<\/div>\n\t\t\t\t<\/div>\n\t\t\t\t<div class=\"elementor-element elementor-element-6c97d20 elementor-widget elementor-widget-text-editor\" data-id=\"6c97d20\" data-element_type=\"widget\" data-widget_type=\"text-editor.default\">\n\t\t\t\t<div class=\"elementor-widget-container\">\n\t\t\t\t\t\t\t\t\t<p>Podemos terminar ou suspender o acesso do Utilizador imediatamente, sem aviso pr\u00e9vio ou responsabilidade, por qualquer motivo, incluindo, sem limita\u00e7\u00e3o, se o Utilizador violar estes Termos e Condi\u00e7\u00f5es.<\/p><p>Ap\u00f3s a rescis\u00e3o, o direito do Utilizador de utilizar o Servi\u00e7o cessar\u00e1 imediatamente.<\/p>\t\t\t\t\t\t\t\t<\/div>\n\t\t\t\t<\/div>\n\t\t\t\t<div class=\"elementor-element elementor-element-01175e5 elementor-widget elementor-widget-heading\" data-id=\"01175e5\" data-element_type=\"widget\" data-widget_type=\"heading.default\">\n\t\t\t\t<div class=\"elementor-widget-container\">\n\t\t\t\t\t<h2 class=\"elementor-heading-title elementor-size-default\">Limita\u00e7\u00e3o da responsabilidade<\/h2>\t\t\t\t<\/div>\n\t\t\t\t<\/div>\n\t\t\t\t<div class=\"elementor-element elementor-element-fdcd70e elementor-widget elementor-widget-text-editor\" data-id=\"fdcd70e\" data-element_type=\"widget\" data-widget_type=\"text-editor.default\">\n\t\t\t\t<div class=\"elementor-widget-container\">\n\t\t\t\t\t\t\t\t\t<p>N\u00e3o obstante quaisquer danos em que o Utilizador possa incorrer, a responsabilidade total da Empresa e de qualquer um dos seus fornecedores ao abrigo de qualquer disposi\u00e7\u00e3o das presentes Condi\u00e7\u00f5es e o recurso exclusivo do Utilizador para tudo o que precede ser\u00e3o limitados ao montante efetivamente pago pelo Utilizador atrav\u00e9s do Servi\u00e7o.<\/p><p>Na medida m\u00e1xima permitida pela lei aplic\u00e1vel, em caso algum a Empresa ou os seus fornecedores ser\u00e3o respons\u00e1veis por quaisquer danos especiais, acidentais, indirectos ou consequenciais (incluindo, mas n\u00e3o se limitando a, danos por perda de lucros, perda de dados ou outras informa\u00e7\u00f5es, por interrup\u00e7\u00e3o de neg\u00f3cios, por danos pessoais, perda de privacidade resultante de ou de qualquer forma relacionada com a utiliza\u00e7\u00e3o ou incapacidade de utiliza\u00e7\u00e3o do Servi\u00e7o, software de terceiros e\/ou hardware de terceiros utilizado com o Servi\u00e7o, ou de outra forma relacionada com qualquer disposi\u00e7\u00e3o destes Termos), mesmo que a Empresa ou qualquer fornecedor tenha sido avisado da possibilidade de tais danos e mesmo que a solu\u00e7\u00e3o falhe no seu objetivo essencial.<\/p>\t\t\t\t\t\t\t\t<\/div>\n\t\t\t\t<\/div>\n\t\t\t\t<div class=\"elementor-element elementor-element-bc59314 elementor-widget elementor-widget-heading\" data-id=\"bc59314\" data-element_type=\"widget\" data-widget_type=\"heading.default\">\n\t\t\t\t<div class=\"elementor-widget-container\">\n\t\t\t\t\t<h2 class=\"elementor-heading-title elementor-size-default\">\"Declara\u00e7\u00e3o de exonera\u00e7\u00e3o de responsabilidade \"TAL COMO EST\u00c1\" e \"CONFORME DISPON\u00cdVEL<\/h2>\t\t\t\t<\/div>\n\t\t\t\t<\/div>\n\t\t\t\t<div class=\"elementor-element elementor-element-6ed585d elementor-widget elementor-widget-text-editor\" data-id=\"6ed585d\" data-element_type=\"widget\" data-widget_type=\"text-editor.default\">\n\t\t\t\t<div class=\"elementor-widget-container\">\n\t\t\t\t\t\t\t\t\t<p>O Servi\u00e7o \u00e9 fornecido ao Utilizador \"TAL COMO EST\u00c1\" e \"CONFORME DISPON\u00cdVEL\" e com todas as falhas e defeitos, sem qualquer tipo de garantia. Na extens\u00e3o m\u00e1xima permitida pela lei aplic\u00e1vel, a Empresa, em seu pr\u00f3prio nome e em nome das suas Afiliadas e dos seus respectivos licenciantes e fornecedores de servi\u00e7os, renuncia expressamente a todas as garantias, quer expressas, impl\u00edcitas, estatut\u00e1rias ou outras, relativamente ao Servi\u00e7o, incluindo todas as garantias impl\u00edcitas de comercializa\u00e7\u00e3o, adequa\u00e7\u00e3o a um determinado fim, t\u00edtulo e n\u00e3o infra\u00e7\u00e3o, e garantias que possam surgir do decurso da negocia\u00e7\u00e3o, decurso do desempenho, utiliza\u00e7\u00e3o ou pr\u00e1tica comercial. Sem limita\u00e7\u00e3o do que precede, a Empresa n\u00e3o fornece qualquer garantia ou compromisso, e n\u00e3o faz qualquer representa\u00e7\u00e3o de qualquer tipo de que o Servi\u00e7o ir\u00e1 satisfazer os seus requisitos, alcan\u00e7ar quaisquer resultados pretendidos, ser compat\u00edvel ou funcionar com qualquer outro software, aplica\u00e7\u00f5es, sistemas ou servi\u00e7os, funcionar sem interrup\u00e7\u00e3o, cumprir quaisquer padr\u00f5es de desempenho ou fiabilidade ou estar isento de erros ou que quaisquer erros ou defeitos possam ou venham a ser corrigidos.<\/p><p>Sem limitar o que precede, nem a Empresa nem qualquer fornecedor da empresa faz qualquer representa\u00e7\u00e3o ou garantia de qualquer tipo, expressa ou impl\u00edcita: (i) quanto ao funcionamento ou disponibilidade do Servi\u00e7o, ou \u00e0 informa\u00e7\u00e3o, conte\u00fado e materiais ou produtos nele inclu\u00eddos; (ii) que o Servi\u00e7o ser\u00e1 ininterrupto ou isento de erros; (iii) quanto \u00e0 exatid\u00e3o, fiabilidade ou atualidade de qualquer informa\u00e7\u00e3o ou conte\u00fado fornecido atrav\u00e9s do Servi\u00e7o; ou (iv) que o Servi\u00e7o, os seus servidores, o conte\u00fado ou os e-mails enviados de ou em nome da Empresa est\u00e3o isentos de v\u00edrus, scripts, cavalos de Troia, worms, malware, bombas-rel\u00f3gio ou outros componentes prejudiciais.<\/p><p>Algumas jurisdi\u00e7\u00f5es n\u00e3o permitem a exclus\u00e3o de determinados tipos de garantias ou limita\u00e7\u00f5es aos direitos estatut\u00e1rios aplic\u00e1veis de um consumidor, pelo que algumas ou todas as exclus\u00f5es e limita\u00e7\u00f5es acima referidas poder\u00e3o n\u00e3o se aplicar ao Utilizador. Mas, nesse caso, as exclus\u00f5es e limita\u00e7\u00f5es estabelecidas nesta sec\u00e7\u00e3o ser\u00e3o aplicadas na maior medida poss\u00edvel ao abrigo da legisla\u00e7\u00e3o aplic\u00e1vel.<\/p>\t\t\t\t\t\t\t\t<\/div>\n\t\t\t\t<\/div>\n\t\t\t\t<div class=\"elementor-element elementor-element-2309d80 elementor-widget elementor-widget-heading\" data-id=\"2309d80\" data-element_type=\"widget\" data-widget_type=\"heading.default\">\n\t\t\t\t<div class=\"elementor-widget-container\">\n\t\t\t\t\t<h2 class=\"elementor-heading-title elementor-size-default\">Direito aplic\u00e1vel<\/h2>\t\t\t\t<\/div>\n\t\t\t\t<\/div>\n\t\t\t\t<div class=\"elementor-element elementor-element-fefa24c elementor-widget elementor-widget-text-editor\" data-id=\"fefa24c\" data-element_type=\"widget\" data-widget_type=\"text-editor.default\">\n\t\t\t\t<div class=\"elementor-widget-container\">\n\t\t\t\t\t\t\t\t\t<p>As leis do Pa\u00eds, excluindo as suas regras de conflitos de leis, reger\u00e3o estes Termos e a utiliza\u00e7\u00e3o do Servi\u00e7o pelo Utilizador. A utiliza\u00e7\u00e3o da Aplica\u00e7\u00e3o pelo Utilizador pode tamb\u00e9m estar sujeita a outras leis locais, estatais, nacionais ou internacionais.<\/p>\t\t\t\t\t\t\t\t<\/div>\n\t\t\t\t<\/div>\n\t\t\t\t<div class=\"elementor-element elementor-element-0a36eee elementor-widget elementor-widget-heading\" data-id=\"0a36eee\" data-element_type=\"widget\" data-widget_type=\"heading.default\">\n\t\t\t\t<div class=\"elementor-widget-container\">\n\t\t\t\t\t<h2 class=\"elementor-heading-title elementor-size-default\">Resolu\u00e7\u00e3o de lit\u00edgios<\/h2>\t\t\t\t<\/div>\n\t\t\t\t<\/div>\n\t\t\t\t<div class=\"elementor-element elementor-element-f5258d9 elementor-widget elementor-widget-text-editor\" data-id=\"f5258d9\" data-element_type=\"widget\" data-widget_type=\"text-editor.default\">\n\t\t\t\t<div class=\"elementor-widget-container\">\n\t\t\t\t\t\t\t\t\t<p>Se o Utilizador tiver alguma preocupa\u00e7\u00e3o ou lit\u00edgio sobre o Servi\u00e7o, o Utilizador concorda em tentar primeiro resolver o lit\u00edgio informalmente, contactando a Empresa.<\/p>\t\t\t\t\t\t\t\t<\/div>\n\t\t\t\t<\/div>\n\t\t\t\t<div class=\"elementor-element elementor-element-b7c1312 elementor-widget elementor-widget-heading\" data-id=\"b7c1312\" data-element_type=\"widget\" data-widget_type=\"heading.default\">\n\t\t\t\t<div class=\"elementor-widget-container\">\n\t\t\t\t\t<h2 class=\"elementor-heading-title elementor-size-default\">Para utilizadores da Uni\u00e3o Europeia (UE)<\/h2>\t\t\t\t<\/div>\n\t\t\t\t<\/div>\n\t\t\t\t<div class=\"elementor-element elementor-element-8ef5158 elementor-widget elementor-widget-text-editor\" data-id=\"8ef5158\" data-element_type=\"widget\" data-widget_type=\"text-editor.default\">\n\t\t\t\t<div class=\"elementor-widget-container\">\n\t\t\t\t\t\t\t\t\t<p>Se o Utilizador for um consumidor da Uni\u00e3o Europeia, beneficiar\u00e1 de todas as disposi\u00e7\u00f5es obrigat\u00f3rias da legisla\u00e7\u00e3o do pa\u00eds em que reside.<\/p>\t\t\t\t\t\t\t\t<\/div>\n\t\t\t\t<\/div>\n\t\t\t\t<div class=\"elementor-element elementor-element-c08f575 elementor-widget elementor-widget-heading\" data-id=\"c08f575\" data-element_type=\"widget\" data-widget_type=\"heading.default\">\n\t\t\t\t<div class=\"elementor-widget-container\">\n\t\t\t\t\t<h2 class=\"elementor-heading-title elementor-size-default\">Conformidade legal nos Estados Unidos<\/h2>\t\t\t\t<\/div>\n\t\t\t\t<\/div>\n\t\t\t\t<div class=\"elementor-element elementor-element-fc4a208 elementor-widget elementor-widget-text-editor\" data-id=\"fc4a208\" data-element_type=\"widget\" data-widget_type=\"text-editor.default\">\n\t\t\t\t<div class=\"elementor-widget-container\">\n\t\t\t\t\t\t\t\t\t<p>O utilizador declara e garante que (i) n\u00e3o est\u00e1 localizado num pa\u00eds sujeito ao embargo do governo dos Estados Unidos ou que tenha sido designado pelo governo dos Estados Unidos como um pa\u00eds \"apoiante do terrorismo\" e (ii) n\u00e3o consta de nenhuma lista do governo dos Estados Unidos de partes proibidas ou restritas.<\/p>\t\t\t\t\t\t\t\t<\/div>\n\t\t\t\t<\/div>\n\t\t\t\t<div class=\"elementor-element elementor-element-0af0e13 elementor-widget elementor-widget-heading\" data-id=\"0af0e13\" data-element_type=\"widget\" data-widget_type=\"heading.default\">\n\t\t\t\t<div class=\"elementor-widget-container\">\n\t\t\t\t\t<h2 class=\"elementor-heading-title elementor-size-default\">Divisibilidade e ren\u00fancia\n<\/h2>\t\t\t\t<\/div>\n\t\t\t\t<\/div>\n\t\t\t\t<div class=\"elementor-element elementor-element-764bf85 elementor-widget elementor-widget-text-editor\" data-id=\"764bf85\" data-element_type=\"widget\" data-widget_type=\"text-editor.default\">\n\t\t\t\t<div class=\"elementor-widget-container\">\n\t\t\t\t\t\t\t\t\t<h3>Divisibilidade<\/h3><p>Se qualquer disposi\u00e7\u00e3o das presentes Condi\u00e7\u00f5es for considerada inexequ\u00edvel ou inv\u00e1lida, essa disposi\u00e7\u00e3o ser\u00e1 alterada e interpretada de modo a atingir os objectivos dessa disposi\u00e7\u00e3o na maior medida poss\u00edvel ao abrigo da legisla\u00e7\u00e3o aplic\u00e1vel e as restantes disposi\u00e7\u00f5es continuar\u00e3o em pleno vigor e efeito.<\/p><h3>Ren\u00fancia<\/h3><p>Exceto nos casos previstos no presente documento, o n\u00e3o exerc\u00edcio de um direito ou a n\u00e3o exig\u00eancia do cumprimento de uma obriga\u00e7\u00e3o ao abrigo das presentes Condi\u00e7\u00f5es n\u00e3o afectar\u00e1 a capacidade de uma parte para exercer esse direito ou exigir esse cumprimento em qualquer momento posterior, nem a ren\u00fancia a uma viola\u00e7\u00e3o constituir\u00e1 uma ren\u00fancia a qualquer viola\u00e7\u00e3o subsequente.<\/p>\t\t\t\t\t\t\t\t<\/div>\n\t\t\t\t<\/div>\n\t\t\t\t<div class=\"elementor-element elementor-element-8c13a78 elementor-widget elementor-widget-heading\" data-id=\"8c13a78\" data-element_type=\"widget\" data-widget_type=\"heading.default\">\n\t\t\t\t<div class=\"elementor-widget-container\">\n\t\t\t\t\t<h2 class=\"elementor-heading-title elementor-size-default\">Tradu\u00e7\u00e3o Interpreta\u00e7\u00e3o<\/h2>\t\t\t\t<\/div>\n\t\t\t\t<\/div>\n\t\t\t\t<div class=\"elementor-element elementor-element-f4c6120 elementor-widget elementor-widget-text-editor\" data-id=\"f4c6120\" data-element_type=\"widget\" data-widget_type=\"text-editor.default\">\n\t\t\t\t<div class=\"elementor-widget-container\">\n\t\t\t\t\t\t\t\t\t<p>Estes Termos e Condi\u00e7\u00f5es podem ter sido traduzidos se os tivermos disponibilizado ao Utilizador no nosso Servi\u00e7o. O utilizador concorda que o texto original em ingl\u00eas prevalecer\u00e1 em caso de lit\u00edgio.<\/p>\t\t\t\t\t\t\t\t<\/div>\n\t\t\t\t<\/div>\n\t\t\t\t<div class=\"elementor-element elementor-element-0e9a7fb elementor-widget elementor-widget-heading\" data-id=\"0e9a7fb\" data-element_type=\"widget\" data-widget_type=\"heading.default\">\n\t\t\t\t<div class=\"elementor-widget-container\">\n\t\t\t\t\t<h2 class=\"elementor-heading-title elementor-size-default\">Altera\u00e7\u00f5es aos presentes Termos e Condi\u00e7\u00f5es<\/h2>\t\t\t\t<\/div>\n\t\t\t\t<\/div>\n\t\t\t\t<div class=\"elementor-element elementor-element-2a2124d elementor-widget elementor-widget-text-editor\" data-id=\"2a2124d\" data-element_type=\"widget\" data-widget_type=\"text-editor.default\">\n\t\t\t\t<div class=\"elementor-widget-container\">\n\t\t\t\t\t\t\t\t\t<p>Reservamo-nos o direito, segundo o nosso crit\u00e9rio exclusivo, de modificar ou substituir estes Termos em qualquer altura. Se uma revis\u00e3o for material, envidaremos esfor\u00e7os razo\u00e1veis para fornecer um aviso pr\u00e9vio de pelo menos 30 dias antes de quaisquer novos termos entrarem em vigor. O que constitui uma altera\u00e7\u00e3o material ser\u00e1 determinado segundo o nosso crit\u00e9rio exclusivo.<\/p><p>Ao continuar a aceder ou a utilizar o Nosso Servi\u00e7o ap\u00f3s a entrada em vigor dessas revis\u00f5es, o Utilizador concorda em ficar vinculado aos termos revistos. Se o Utilizador n\u00e3o concordar com os novos termos, no todo ou em parte, deve deixar de utilizar o s\u00edtio Web e o Servi\u00e7o.<\/p>\t\t\t\t\t\t\t\t<\/div>\n\t\t\t\t<\/div>\n\t\t\t\t<div class=\"elementor-element elementor-element-d919b78 elementor-widget elementor-widget-heading\" data-id=\"d919b78\" data-element_type=\"widget\" data-widget_type=\"heading.default\">\n\t\t\t\t<div class=\"elementor-widget-container\">\n\t\t\t\t\t<h2 class=\"elementor-heading-title elementor-size-default\">Contactar-nos<\/h2>\t\t\t\t<\/div>\n\t\t\t\t<\/div>\n\t\t\t\t<div class=\"elementor-element elementor-element-9fcf733 elementor-widget elementor-widget-text-editor\" data-id=\"9fcf733\" data-element_type=\"widget\" data-widget_type=\"text-editor.default\">\n\t\t\t\t<div class=\"elementor-widget-container\">\n\t\t\t\t\t\t\t\t\t<p>Se tiver alguma d\u00favida sobre os presentes Termos e Condi\u00e7\u00f5es, pode contactar-nos por correio eletr\u00f3nico: <a href=\"mailto:info@hypeup.pro\">info@hypeup.pro<\/a><\/p>\t\t\t\t\t\t\t\t<\/div>\n\t\t\t\t<\/div>\n\t\t\t\t\t<\/div>\n\t\t<\/div>\n\t\t\t\t\t<\/div>\n\t\t<\/section>\n\t\t\t\t<\/div>","protected":false},"excerpt":{"rendered":"<p>Termos e Condi\u00e7\u00f5es \u00daltima atualiza\u00e7\u00e3o: 22 de outubro de 2024 Leia atentamente estes termos e condi\u00e7\u00f5es antes de utilizar o Nosso Servi\u00e7o. Interpreta\u00e7\u00e3o e defini\u00e7\u00f5es Interpreta\u00e7\u00e3o As palavras cuja letra inicial \u00e9 mai\u00fascula t\u00eam significados definidos nas seguintes condi\u00e7\u00f5es. As defini\u00e7\u00f5es seguintes ter\u00e3o o mesmo significado, independentemente de aparecerem no singular ou [...]<\/p>","protected":false},"author":1,"featured_media":0,"parent":0,"menu_order":0,"comment_status":"closed","ping_status":"closed","template":"","meta":{"_acf_changed":false,"footnotes":""},"class_list":["post-724","page","type-page","status-publish","hentry"],"acf":[],"_links":{"self":[{"href":"https:\/\/hypeup.pro\/pt\/wp-json\/wp\/v2\/pages\/724","targetHints":{"allow":["GET"]}}],"collection":[{"href":"https:\/\/hypeup.pro\/pt\/wp-json\/wp\/v2\/pages"}],"about":[{"href":"https:\/\/hypeup.pro\/pt\/wp-json\/wp\/v2\/types\/page"}],"author":[{"embeddable":true,"href":"https:\/\/hypeup.pro\/pt\/wp-json\/wp\/v2\/users\/1"}],"replies":[{"embeddable":true,"href":"https:\/\/hypeup.pro\/pt\/wp-json\/wp\/v2\/comments?post=724"}],"version-history":[{"count":13,"href":"https:\/\/hypeup.pro\/pt\/wp-json\/wp\/v2\/pages\/724\/revisions"}],"predecessor-version":[{"id":1664,"href":"https:\/\/hypeup.pro\/pt\/wp-json\/wp\/v2\/pages\/724\/revisions\/1664"}],"wp:attachment":[{"href":"https:\/\/hypeup.pro\/pt\/wp-json\/wp\/v2\/media?parent=724"}],"curies":[{"name":"wp","href":"https:\/\/api.w.org\/{rel}","templated":true}]}}